{"id":44352,"date":"2025-11-17T10:44:11","date_gmt":"2025-11-17T13:44:11","guid":{"rendered":"https:\/\/www.appoloviracel.com.uy\/?post_type=product&#038;p=44352"},"modified":"2025-12-12T15:38:14","modified_gmt":"2025-12-12T18:38:14","slug":"power-bank-xiaomi-mi-con-cable-integrado-10-000ma-y-225w","status":"publish","type":"product","link":"https:\/\/www.appoloviracel.com.uy\/index.php\/product\/power-bank-xiaomi-mi-con-cable-integrado-10-000ma-y-225w\/","title":{"rendered":"Power Bank Xiaomi Mi con cable integrado, 10.000mA y 22,5w"},"content":{"rendered":"<h2>Caracter\u00edsticas y especificaciones:<\/h2>\n<p>Delgado y port\u00e1til: Dimensiones del banco de energ\u00eda delgado: 7.1 * 4.0 * 1 pulgada. Uno de los cargadores port\u00e1tiles para tel\u00e9fonos m\u00f3viles de 10.000 mAh m\u00e1s delgados del mercado. Con un tama\u00f1o notablemente compacto y un dise\u00f1o apto para viajes, puede caber f\u00e1cilmente en su bolsillo o bolso sin ocupar demasiado espacio y garantiza una portabilidad incre\u00edble donde quiera que vaya. Pr\u00e1ctico para el hogar, la oficina y las vacaciones.<\/p>\n<p>Bater\u00eda de pol\u00edmero de iones de litio de alta densidad: Capacidad de la celda: 37 Wh y 3,7 V (10.000 mAh), satisface las necesidades de carga de varios dispositivos. La bater\u00eda de pol\u00edmero de iones de litio de alta densidad proporciona una duraci\u00f3n de bater\u00eda duradera y confiable para dispositivos inteligentes como tel\u00e9fonos, tabletas y c\u00e1maras digitales para satisfacer sus necesidades de carga diarias.<\/p>\n<p>Entrada y salida duales m\u00e1s eficientes y pr\u00e1cticas: El Redmi Power Bank de 10.000 mAh tiene 2 puertos de salida USB y 2 puertos de entrada. Dos puertos de salida pueden detectar todos los dispositivos conectados y distribuir la corriente de manera eficiente con una salida combinada de hasta 5,1 V\/2,6 A. Dos puertos de entrada (un puerto micro-USB y un puerto USB-C) permiten recargar completamente la bater\u00eda. Todo lo que necesitas es un cable de datos Android original para cargar los dispositivos compatibles o cargar autom\u00e1ticamente la bater\u00eda externa.<\/p>\n<p>Chips de circuito avanzados: Protecci\u00f3n adicional y seguridad mejorada. Los componentes de resistencia, inductancia y capacitancia de alta precisi\u00f3n y los chips de circuito avanzados pueden combatir f\u00e1cilmente la sobrecarga, la sobredescarga, el sobrecalentamiento, los cortocircuitos y otras fallas, ofreciendo una protecci\u00f3n confiable tanto para el banco de energ\u00eda como para los dispositivos. M\u00faltiples protecciones y mayor seguridad para el uso diario.<\/p>\n<p>Lo que obtienes: 1 bater\u00eda externa est\u00e1ndar Redmi de 10.000 mAh; 1 cable micro-USB; 1 manual de instrucciones. Se puede utilizar cualquier cable con un puerto micro-USB o USB-C para la carga autom\u00e1tica del power bank.<\/p>\n<ul>\n<li>Capacidad: 10.000 mAh<\/li>\n<li>Carga R\u00e1pida Bidireccional: hasta 22,5 W<\/li>\n<li>Dise\u00f1o Minimalista: dise\u00f1o compacto y elegante<\/li>\n<li>Cable Integrado: incluye cable para carga de dispositivos<\/li>\n<li>Inversor de Corriente: tecnolog\u00eda inversora de corriente para proteger tus dispositivos<\/li>\n<li>Materiales Duraderos: materiales de alta calidad y duraderos<\/li>\n<li>Peso: dise\u00f1o ligero y port\u00e1til<\/li>\n<\/ul>\n<p>&nbsp;<\/p>\n<h5><strong>*Las im\u00e1genes son a modo ilustrativo<\/strong><\/h5>\n","protected":false},"excerpt":{"rendered":"<h3><span style=\"color: #339966;\"><strong>$ 1.450<\/strong><\/span><\/h3>\n","protected":false},"featured_media":44353,"comment_status":"open","ping_status":"closed","template":"","meta":[],"_links":{"self":[{"href":"https:\/\/www.appoloviracel.com.uy\/index.php\/wp-json\/wp\/v2\/product\/44352"}],"collection":[{"href":"https:\/\/www.appoloviracel.com.uy\/index.php\/wp-json\/wp\/v2\/product"}],"about":[{"href":"https:\/\/www.appoloviracel.com.uy\/index.php\/wp-json\/wp\/v2\/types\/product"}],"replies":[{"embeddable":true,"href":"https:\/\/www.appoloviracel.com.uy\/index.php\/wp-json\/wp\/v2\/comments?post=44352"}],"wp:featuredmedia":[{"embeddable":true,"href":"https:\/\/www.appoloviracel.com.uy\/index.php\/wp-json\/wp\/v2\/media\/44353"}],"wp:attachment":[{"href":"https:\/\/www.appoloviracel.com.uy\/index.php\/wp-json\/wp\/v2\/media?parent=44352"}],"curies":[{"name":"wp","href":"https:\/\/api.w.org\/{rel}","templated":true}]}}