{"id":44345,"date":"2025-11-14T15:12:29","date_gmt":"2025-11-14T18:12:29","guid":{"rendered":"https:\/\/www.appoloviracel.com.uy\/?post_type=product&#038;p=44345"},"modified":"2025-12-11T13:52:43","modified_gmt":"2025-12-11T16:52:43","slug":"power-bank-xiaomi-mi-cable-integrado-20-000ma-33w","status":"publish","type":"product","link":"https:\/\/www.appoloviracel.com.uy\/index.php\/product\/power-bank-xiaomi-mi-cable-integrado-20-000ma-33w\/","title":{"rendered":"Power Bank Xiaomi Mi con cable integrado, 20.000mA y 33w"},"content":{"rendered":"<h2>Caracter\u00edsticas y especificaciones:<\/h2>\n<p>Alta capacidad de 20.000 mAh y 33 Wh.<\/p>\n<p>Alta capacidad de 20.000 mAh; capacidad suficiente para cargar completamente cuatro tel\u00e9fonos Mi 9 y a\u00fan tener energ\u00eda restante. Controlador de carga USB inteligente integrado. Compatible con la mayor\u00eda de los tel\u00e9fonos y dispositivos digitales.<\/p>\n<p>Entrada y salida dobles m\u00e1s eficientes y convenientes: El banco de energ\u00eda Redmi Power Bank de 20.000 mAh tiene dos puertos de salida USB-A y dos puertos de entrada (un puerto USB-C y un puerto micro-USB). Cada puerto de salida tiene una potencia m\u00e1xima de 18 W cuando se usa solo. La salida combinada de los dos puertos puede alcanzar los 5,1 V\/3,6 A, por lo que se puede utilizar para cargar tel\u00e9fonos y tabletas.<\/p>\n<p>Chips de circuito avanzados: protecci\u00f3n adicional y seguridad mejorada. Los componentes de resistencia, inductancia y capacitancia de alta precisi\u00f3n y los chips de circuito avanzados pueden abordar f\u00e1cilmente la sobrecarga, la descarga excesiva, el sobrecalentamiento, los cortocircuitos y otras fallas, ofreciendo una protecci\u00f3n confiable tanto para el banco de energ\u00eda como para los dispositivos. M\u00faltiples protecciones y seguridad mejorada para el uso diario.<\/p>\n<p>Bater\u00eda de pol\u00edmero de iones de litio de alta densidad: la bater\u00eda de pol\u00edmero de iones de litio de alta densidad proporciona una duraci\u00f3n de bater\u00eda duradera y confiable para dispositivos como tel\u00e9fonos, tabletas y c\u00e1maras digitales. Para que puedas recargar tus pilas est\u00e9s donde est\u00e9s: en la oficina o de viaje.<\/p>\n<p>Lo que obtienes es un 1 banco de energ\u00eda est\u00e1ndar Redmi de 20.000 mAh; 1 cable micro-USB; 1 manual de instrucciones. Se puede utilizar cualquier cable con un puerto micro-USB o USB-C para la autocarga del banco de energ\u00eda.<\/p>\n<ul>\n<li>Potencia: 33 W M\u00c1X.<\/li>\n<li>Puerto de entrada: Cable USB-C\u00ae\/USB-C<\/li>\n<li>Puerto de salida: Cable USB-C\u00ae\/USB-C\/USB-A<\/li>\n<li>Capacidad nominal: 20.000 mAh (5,1 V\/3,6 A)<\/li>\n<\/ul>\n<h5><\/h5>\n<h5><strong>*Las im\u00e1genes son a modo ilustrativo.<\/strong><\/h5>\n<p>&nbsp;<\/p>\n","protected":false},"excerpt":{"rendered":"<h3><span style=\"color: #339966;\"><strong>$ 2.090<\/strong><\/span><\/h3>\n","protected":false},"featured_media":44347,"comment_status":"open","ping_status":"closed","template":"","meta":[],"_links":{"self":[{"href":"https:\/\/www.appoloviracel.com.uy\/index.php\/wp-json\/wp\/v2\/product\/44345"}],"collection":[{"href":"https:\/\/www.appoloviracel.com.uy\/index.php\/wp-json\/wp\/v2\/product"}],"about":[{"href":"https:\/\/www.appoloviracel.com.uy\/index.php\/wp-json\/wp\/v2\/types\/product"}],"replies":[{"embeddable":true,"href":"https:\/\/www.appoloviracel.com.uy\/index.php\/wp-json\/wp\/v2\/comments?post=44345"}],"wp:featuredmedia":[{"embeddable":true,"href":"https:\/\/www.appoloviracel.com.uy\/index.php\/wp-json\/wp\/v2\/media\/44347"}],"wp:attachment":[{"href":"https:\/\/www.appoloviracel.com.uy\/index.php\/wp-json\/wp\/v2\/media?parent=44345"}],"curies":[{"name":"wp","href":"https:\/\/api.w.org\/{rel}","templated":true}]}}