{"id":44336,"date":"2025-11-12T14:01:51","date_gmt":"2025-11-12T17:01:51","guid":{"rendered":"https:\/\/www.appoloviracel.com.uy\/?post_type=product&#038;p=44336"},"modified":"2025-12-06T14:53:58","modified_gmt":"2025-12-06T17:53:58","slug":"smartwatch-lagenio-kid-wach-k1-4g","status":"publish","type":"product","link":"https:\/\/www.appoloviracel.com.uy\/index.php\/product\/smartwatch-lagenio-kid-wach-k1-4g\/","title":{"rendered":"Smartwatch Lagenio Kid \u00abWach K1\u00bb 4G"},"content":{"rendered":"<h2>Caracter\u00edsticas y especificaciones:<\/h2>\n<ul>\n<li>Reloj con funcionalidad de tel\u00e9fono y rastreador GPS.<\/li>\n<li>4G Compatible con todas las compa\u00f1\u00edas. Soporta nano sim.<\/li>\n<li>Factor de protecci\u00f3n IP68 a prueba de agua y polvo.<\/li>\n<li>Bot\u00f3n de p\u00e1nico SOS. Permite definir una \u00abgeo-cerca\u00bb.<\/li>\n<li>Pantalla LCD de 1.4&#8243; con gorilla glass.<\/li>\n<li>C\u00e1mara de 2MP integrada para fotos y video llamadas.<\/li>\n<li>Rastreo GPS env\u00eda ubicaci\u00f3n en tiempo real.<\/li>\n<li>Hasta 3 d\u00edas de autonom\u00eda de bater\u00eda.<\/li>\n<li>Controles parentales.<\/li>\n<li>No permite aplicaciones de redes sociales.<\/li>\n<li>Puede ser deshabilitado en el horario de clases.<\/li>\n<li>App Lagenio controla cada aspecto del reloj.<\/li>\n<\/ul>\n<ul>\n<li>CPU W307<\/li>\n<li>Memoria ROM 128MB + RAM 128MB<\/li>\n<li>Slot Nano SIM para 4G<\/li>\n<li>Pantalla LCD 1.4&#8243; 240 * 240 pixeles<\/li>\n<li>C\u00e1mara de 2MP<\/li>\n<li>GPS+LBS+A_GPS<\/li>\n<li>Conectividad WiFi<\/li>\n<li>Sensor Acceler\u00f3metro<\/li>\n<li>Bater\u00eda litio de 680 mAh<\/li>\n<li>Dimensiones: 56 * 43.3 * 15.4mm<\/li>\n<li>Peso: 52g<\/li>\n<\/ul>\n<h4><strong>\u00a0<\/strong><\/h4>\n<h4><span style=\"color: #ff0000;\"><strong>* La garant\u00eda no cubre falla que se pueda dar por un uso intensivo.<\/strong><\/span><\/h4>\n<h5><strong>*Las im\u00e1genes son a modo ilustrativo.<\/strong><\/h5>\n","protected":false},"excerpt":{"rendered":"<h3><span style=\"color: #339966;\"><strong>U$S 99<\/strong><\/span><\/h3>\n","protected":false},"featured_media":44337,"comment_status":"open","ping_status":"closed","template":"","meta":[],"_links":{"self":[{"href":"https:\/\/www.appoloviracel.com.uy\/index.php\/wp-json\/wp\/v2\/product\/44336"}],"collection":[{"href":"https:\/\/www.appoloviracel.com.uy\/index.php\/wp-json\/wp\/v2\/product"}],"about":[{"href":"https:\/\/www.appoloviracel.com.uy\/index.php\/wp-json\/wp\/v2\/types\/product"}],"replies":[{"embeddable":true,"href":"https:\/\/www.appoloviracel.com.uy\/index.php\/wp-json\/wp\/v2\/comments?post=44336"}],"wp:featuredmedia":[{"embeddable":true,"href":"https:\/\/www.appoloviracel.com.uy\/index.php\/wp-json\/wp\/v2\/media\/44337"}],"wp:attachment":[{"href":"https:\/\/www.appoloviracel.com.uy\/index.php\/wp-json\/wp\/v2\/media?parent=44336"}],"curies":[{"name":"wp","href":"https:\/\/api.w.org\/{rel}","templated":true}]}}