{"id":44329,"date":"2025-11-11T17:47:29","date_gmt":"2025-11-11T20:47:29","guid":{"rendered":"https:\/\/www.appoloviracel.com.uy\/?post_type=product&#038;p=44329"},"modified":"2025-11-26T21:29:33","modified_gmt":"2025-11-27T00:29:33","slug":"auricular-jbl-endurance-run3-introauditivo","status":"publish","type":"product","link":"https:\/\/www.appoloviracel.com.uy\/index.php\/product\/auricular-jbl-endurance-run3-introauditivo\/","title":{"rendered":"Auricular JBL \u00abEndurance Run3\u00bb (Introauditivo)"},"content":{"rendered":"<h2>Caracter\u00edsticas y especificaciones:<\/h2>\n<p>Dise\u00f1ados para resistir hasta las rutinas m\u00e1s intensas, los JBL Endurance Run 3 combinan un ajuste seguro, gran comodidad y la potencia del sonido JBL Pure Bass para mantenerte motivado en cada movimiento. Con su dise\u00f1o FlipHook, se adaptan tanto dentro como detr\u00e1s de la oreja, mientras que la tecnolog\u00eda TwistLock garantiza que nunca se caigan.<\/p>\n<p>Con transmisi\u00f3n inal\u00e1mbrica, los JBL Endurance Run 3 Wireless te motivar\u00e1n para darlo todo con el potente sonido JBL, personalizable con la app JBL Headphones. Gracias a su dise\u00f1o FlipHook\u2122, se adaptan a la oreja o detr\u00e1s de ella para mayor comodidad. La combinaci\u00f3n de almohadillas suaves y c\u00f3modas y la tecnolog\u00eda TwistLock\u2122 garantiza que estos auriculares nunca se lastimar\u00e1n ni se caer\u00e1n. Gracias a su clasificaci\u00f3n IP65 de resistencia al agua y al polvo, los auriculares JBL Endurance Run 3 Wireless siguen cada paso para que unas pocas gotas no arruinen tu entrenamiento. Con 25 horas de reproducci\u00f3n, los JBL Endurance Run 3 Wireless cuentan con un micr\u00f3fono en l\u00ednea y un control remoto para controlar el sonido y las llamadas con manos libres. Los auriculares magn\u00e9ticos sujetan tus JBL Endurance Run 3 Wireless c\u00f3modamente alrededor de tu cuello cuando no los uses<\/p>\n<ul>\n<li>Versi\u00f3n Bluetooth: 5.4<\/li>\n<li>Rango de frecuencia: 2.4 GHz \u2013 2.4835 GHz<\/li>\n<li>Controles integrados en el cable<\/li>\n<li>Activaci\u00f3n de asistente de voz con doble toque<\/li>\n<li>Driver: 8 mm din\u00e1mico<\/li>\n<li>Respuesta de frecuencia: 20 Hz \u2013 20 kHz<\/li>\n<li>Impedancia: 16 Oms<\/li>\n<li>Sensibilidad: 98 dB SPL a 1 kHz<\/li>\n<li>Sonido caracter\u00edstico JBL Pure Bass<\/li>\n<li>Tipo: Litio-ion 130 mAh \/ 3.7 V<\/li>\n<li>Tiempo de reproducci\u00f3n: hasta 25 h<\/li>\n<li>Tiempo de conversaci\u00f3n: hasta 18 h<\/li>\n<li>Carga r\u00e1pida: 10 min = 3 h de uso<\/li>\n<li>Tiempo de carga completa: 2 h<\/li>\n<\/ul>\n<p>&nbsp;<\/p>\n<h5><strong>*Las im\u00e1genes son a modo ilustrativo.<\/strong><\/h5>\n","protected":false},"excerpt":{"rendered":"<h3><span style=\"color: #339966;\"><strong>$ 2.250<\/strong><\/span><\/h3>\n","protected":false},"featured_media":44330,"comment_status":"open","ping_status":"closed","template":"","meta":[],"_links":{"self":[{"href":"https:\/\/www.appoloviracel.com.uy\/index.php\/wp-json\/wp\/v2\/product\/44329"}],"collection":[{"href":"https:\/\/www.appoloviracel.com.uy\/index.php\/wp-json\/wp\/v2\/product"}],"about":[{"href":"https:\/\/www.appoloviracel.com.uy\/index.php\/wp-json\/wp\/v2\/types\/product"}],"replies":[{"embeddable":true,"href":"https:\/\/www.appoloviracel.com.uy\/index.php\/wp-json\/wp\/v2\/comments?post=44329"}],"wp:featuredmedia":[{"embeddable":true,"href":"https:\/\/www.appoloviracel.com.uy\/index.php\/wp-json\/wp\/v2\/media\/44330"}],"wp:attachment":[{"href":"https:\/\/www.appoloviracel.com.uy\/index.php\/wp-json\/wp\/v2\/media?parent=44329"}],"curies":[{"name":"wp","href":"https:\/\/api.w.org\/{rel}","templated":true}]}}