{"id":44321,"date":"2025-11-08T14:06:16","date_gmt":"2025-11-08T17:06:16","guid":{"rendered":"https:\/\/www.appoloviracel.com.uy\/?post_type=product&#038;p=44321"},"modified":"2026-04-28T18:50:11","modified_gmt":"2026-04-28T21:50:11","slug":"tablet-xiaomi-redmi-pad-2-11-pulgadas-256gb-8gb","status":"publish","type":"product","link":"https:\/\/www.appoloviracel.com.uy\/index.php\/product\/tablet-xiaomi-redmi-pad-2-11-pulgadas-256gb-8gb\/","title":{"rendered":"Tablet Xiaomi \u00abRedmi PAD 2\u00bb 11 pulgadas (256Gb-8Gb)"},"content":{"rendered":"<h2>Caracter\u00edsticas y especificaciones:<strong>\u00a0<\/strong><\/h2>\n<p>El <strong>Xiaomi Redmi Pad 2<\/strong> es un tablet Android con pantalla de 11 pulgadas y refresco de 90Hz, y potenciado por un procesador Helio G100 Ultra con hasta 8GB de RAM y 256GB de almacenamiento interno. Su c\u00e1mara trasera es de 8MP y la frontal es de 5MP, se alimenta de una bater\u00eda de 9.000 mAh, tiene parlantes est\u00e9reo y corre HyperOS 2 basado en Android 15.<\/p>\n<ul>\n<li>Pantalla: 11&#8243; MULTIT\u00c1CTIL.<\/li>\n<li>Procesador: MEDIATEK HELIO G100 ULTRA, 8 CORE (2 * 2,2 GHz, Cortex A76 \/ 6 * 2 GHz, Cortex A55).<\/li>\n<li>Sistema Operativo: ANDROID 15.<\/li>\n<li>Memoria RAM: 8 GB.<\/li>\n<li>Memoria ROM: 256 GB.<\/li>\n<li>Lector de Tarjetas: MICRO SD.<\/li>\n<li>C\u00e1mara Principal Imagen: 8 MP.<\/li>\n<li>C\u00e1mara Selfie Imagen: 8 MP.<\/li>\n<li>Video: 1080P a 30 fps.<\/li>\n<li>Conectividad: WIFI, BLUETOOTH.<\/li>\n<li>Puertos: USB C * 1, 3,5 mm * 1.<\/li>\n<li>Peso: 881 g APROX.<\/li>\n<li>Dimensiones: 297 * 179 * 44 mm APROX.<\/li>\n<li>Bater\u00eda: 9.000 mAh.<\/li>\n<li>Color: GRIS (GRAPHITE GREY).<\/li>\n<li>Se incluyen los siguientes accesorios: <strong>Cargador y Manual<\/strong><\/li>\n<li><strong>Garant\u00eda:<\/strong> 12 meses contra defecto de fabricaci\u00f3n<\/li>\n<\/ul>\n<h4><\/h4>\n<h4><span style=\"color: #ff0000;\"><strong>Contado efectivo: 10% de Descuento<\/strong><\/span><\/h4>\n<h5><strong>*Las im\u00e1genes son a modo ilustrativo.<\/strong><\/h5>\n","protected":false},"excerpt":{"rendered":"<h3><strong><span style=\"font-family: 'Cambria','serif'; color: green;\">U$S 309<\/span><\/strong><\/h3>\n","protected":false},"featured_media":44322,"comment_status":"open","ping_status":"closed","template":"","meta":[],"_links":{"self":[{"href":"https:\/\/www.appoloviracel.com.uy\/index.php\/wp-json\/wp\/v2\/product\/44321"}],"collection":[{"href":"https:\/\/www.appoloviracel.com.uy\/index.php\/wp-json\/wp\/v2\/product"}],"about":[{"href":"https:\/\/www.appoloviracel.com.uy\/index.php\/wp-json\/wp\/v2\/types\/product"}],"replies":[{"embeddable":true,"href":"https:\/\/www.appoloviracel.com.uy\/index.php\/wp-json\/wp\/v2\/comments?post=44321"}],"wp:featuredmedia":[{"embeddable":true,"href":"https:\/\/www.appoloviracel.com.uy\/index.php\/wp-json\/wp\/v2\/media\/44322"}],"wp:attachment":[{"href":"https:\/\/www.appoloviracel.com.uy\/index.php\/wp-json\/wp\/v2\/media?parent=44321"}],"curies":[{"name":"wp","href":"https:\/\/api.w.org\/{rel}","templated":true}]}}