{"id":44299,"date":"2025-11-04T16:42:41","date_gmt":"2025-11-04T19:42:41","guid":{"rendered":"https:\/\/www.appoloviracel.com.uy\/?post_type=product&#038;p=44299"},"modified":"2025-11-20T16:42:17","modified_gmt":"2025-11-20T19:42:17","slug":"adaptador-tp-link-tl-wn823n-inalambrico-usb-2-0-300-mbs","status":"publish","type":"product","link":"https:\/\/www.appoloviracel.com.uy\/index.php\/product\/adaptador-tp-link-tl-wn823n-inalambrico-usb-2-0-300-mbs\/","title":{"rendered":"Adaptador Tp-Link \u00abTL-WN823N\u00bb Inal\u00e1mbrico USB 2.0 (300 Mbs)"},"content":{"rendered":"<h2>Caracter\u00edsticas y especificaciones:<\/h2>\n<p>TL-WN823N de TP-LINK est\u00e1 dise\u00f1ado para conectar tu ordenador port\u00e1til o de escritorio a una red inal\u00e1mbrica y disfrutar de un rendimiento inal\u00e1mbrico de alta velocidad. El dise\u00f1o de la punta del dedo hace que el adaptador conveniente y f\u00e1cil de llevar a todas partes.<\/p>\n<ul>\n<li>Velocidad de transferencia datos inal\u00e1mbrica de 300Mbps ideal para video en alta definici\u00f3n sin problemas, streaming de voz y juegos en l\u00ednea<\/li>\n<li>Dise\u00f1o de tama\u00f1o miniatura para una portabilidad conveniente con un alto desempe\u00f1o confiable<\/li>\n<li>Modo SoftAP \u2013 Convierta una conexi\u00f3n de internet cableada en una PC o Laptop en un hotspot Wi-Fi<\/li>\n<li>Configure f\u00e1cilmente una conexi\u00f3n inal\u00e1mbrica segura con s\u00f3lo presionar un bot\u00f3n WPS<\/li>\n<\/ul>\n<p>&nbsp;<\/p>\n<h5><strong>*Las im\u00e1genes son a modo ilustrativo.<\/strong><\/h5>\n","protected":false},"excerpt":{"rendered":"<h3><span style=\"color: #339966;\"><strong>$ 500<\/strong><\/span><\/h3>\n","protected":false},"featured_media":44300,"comment_status":"open","ping_status":"closed","template":"","meta":[],"_links":{"self":[{"href":"https:\/\/www.appoloviracel.com.uy\/index.php\/wp-json\/wp\/v2\/product\/44299"}],"collection":[{"href":"https:\/\/www.appoloviracel.com.uy\/index.php\/wp-json\/wp\/v2\/product"}],"about":[{"href":"https:\/\/www.appoloviracel.com.uy\/index.php\/wp-json\/wp\/v2\/types\/product"}],"replies":[{"embeddable":true,"href":"https:\/\/www.appoloviracel.com.uy\/index.php\/wp-json\/wp\/v2\/comments?post=44299"}],"wp:featuredmedia":[{"embeddable":true,"href":"https:\/\/www.appoloviracel.com.uy\/index.php\/wp-json\/wp\/v2\/media\/44300"}],"wp:attachment":[{"href":"https:\/\/www.appoloviracel.com.uy\/index.php\/wp-json\/wp\/v2\/media?parent=44299"}],"curies":[{"name":"wp","href":"https:\/\/api.w.org\/{rel}","templated":true}]}}