{"id":44281,"date":"2025-10-14T11:15:31","date_gmt":"2025-10-14T14:15:31","guid":{"rendered":"https:\/\/www.appoloviracel.com.uy\/?post_type=product&#038;p=44281"},"modified":"2025-11-19T13:43:43","modified_gmt":"2025-11-19T16:43:43","slug":"celular-xiaomi-15t-512gb-12gb","status":"publish","type":"product","link":"https:\/\/www.appoloviracel.com.uy\/index.php\/product\/celular-xiaomi-15t-512gb-12gb\/","title":{"rendered":"Celular Xiaomi \u00ab15T\u00bb (512Gb-12Gb)"},"content":{"rendered":"<h2>Caracter\u00edsticas y especificaciones:<strong>\u00a0<\/strong><\/h2>\n<h4><span style=\"color: #ff0000;\"><strong>Apto para LTE de todas las compa\u00f1\u00edas.<\/strong><\/span><\/h4>\n<p>El <strong>Xiaomi 15T<\/strong> es un smartphone Android con pantalla AMOLED de 6.83 pulgadas y tasa de refresco de 144Hz. Potenciado por un procesador Dimensity 8400 Ultra con 12GB de RAM y hasta 512GB de almacenamiento interno, el Xiaomi 15T tiene una c\u00e1mara triple con un sensor principal de 50MP con estabilizaci\u00f3n \u00f3ptica, un ultrawide de 12MP y una telefoto de 50MP con zoom 2x, y una bater\u00eda de 5.500 mAh de carga r\u00e1pida, completando sus caracter\u00edsticas con parlantes est\u00e9reo, lector de huellas bajo la pantalla y resistencia al polvo y agua.<\/p>\n<ul>\n<li>Pantalla: 6.83&#8243;, 1280 * 2772 pixels<\/li>\n<li>Procesador: Mediatek Dimensity 8400 Ultra 3.25GHz<\/li>\n<li>Memoria RAM: 12GB<\/li>\n<li>Almacenamiento: 512GB<\/li>\n<li>Expansi\u00f3n: sin microSD<\/li>\n<li>C\u00e1mara: Triple, 50MP+50MP +12MP<\/li>\n<li>Bater\u00eda: 5.500 mAh<\/li>\n<li>OS: Android 15<\/li>\n<li>Perfil: 7.5 mm<\/li>\n<li>Peso: 194 grs.<\/li>\n<li>Se incluyen los siguientes accesorios: <strong>Cargador y Manual<\/strong><\/li>\n<li><strong>Garant\u00eda:<\/strong> 12 meses contra defecto de fabricaci\u00f3n<\/li>\n<\/ul>\n<h4><\/h4>\n<h4><span style=\"color: #ff0000;\"><strong>Contado efectivo: 10% de Descuento<\/strong><\/span><\/h4>\n<h5><strong>*Las im\u00e1genes son a modo ilustrativo.<\/strong><\/h5>\n","protected":false},"excerpt":{"rendered":"<h3><span style=\"color: #339966;\"><strong>U$S 739<\/strong><\/span><\/h3>\n","protected":false},"featured_media":44282,"comment_status":"open","ping_status":"closed","template":"","meta":[],"_links":{"self":[{"href":"https:\/\/www.appoloviracel.com.uy\/index.php\/wp-json\/wp\/v2\/product\/44281"}],"collection":[{"href":"https:\/\/www.appoloviracel.com.uy\/index.php\/wp-json\/wp\/v2\/product"}],"about":[{"href":"https:\/\/www.appoloviracel.com.uy\/index.php\/wp-json\/wp\/v2\/types\/product"}],"replies":[{"embeddable":true,"href":"https:\/\/www.appoloviracel.com.uy\/index.php\/wp-json\/wp\/v2\/comments?post=44281"}],"wp:featuredmedia":[{"embeddable":true,"href":"https:\/\/www.appoloviracel.com.uy\/index.php\/wp-json\/wp\/v2\/media\/44282"}],"wp:attachment":[{"href":"https:\/\/www.appoloviracel.com.uy\/index.php\/wp-json\/wp\/v2\/media?parent=44281"}],"curies":[{"name":"wp","href":"https:\/\/api.w.org\/{rel}","templated":true}]}}