{"id":44277,"date":"2025-10-13T17:55:45","date_gmt":"2025-10-13T20:55:45","guid":{"rendered":"https:\/\/www.appoloviracel.com.uy\/?post_type=product&#038;p=44277"},"modified":"2025-11-18T13:54:36","modified_gmt":"2025-11-18T16:54:36","slug":"celular-xiaomi-15t-pro-512gb-12gb","status":"publish","type":"product","link":"https:\/\/www.appoloviracel.com.uy\/index.php\/product\/celular-xiaomi-15t-pro-512gb-12gb\/","title":{"rendered":"Celular Xiaomi \u00ab15TPro\u00bb (512Gb-12Gb)"},"content":{"rendered":"<h2>Caracter\u00edsticas y especificaciones:<strong>\u00a0<\/strong><\/h2>\n<h4><span style=\"color: #ff0000;\"><strong>Apto para LTE de todas las compa\u00f1\u00edas.<\/strong><\/span><\/h4>\n<p>El <strong>Xiaomi 15T Pro<\/strong> cuenta con una pantalla AMOLED de 6.83 pulgadas con tasa de refresco de 144Hz y est\u00e1 potenciado por un procesador Dimensity 9400+ con 12GB de RAM y hasta 512GB de almacenamiento no expandible. Su c\u00e1mara triple tiene un sensor principal, y un sensor telefoto, ambos de 50MP con estabilizaci\u00f3n \u00f3ptica y zoom 5x, sumando una c\u00e1mara ultrawide de 12MP al conjunto optimizado por Leica. Alimentado por una bater\u00eda de 5500 mAh de carga r\u00e1pida, el Xiaomi 15T Pro completa sus caracter\u00edsticas con parlantes stereo, lector de huellas bajo pantalla, resistencia al polvo y agua, y carga inal\u00e1mbrica.<\/p>\n<ul>\n<li>Pantalla: 6.83&#8243;, 1280 * 2772 pixels<\/li>\n<li>Procesador: MediaTek Dimensity 9400+ 3.63GHz<\/li>\n<li>Memoria RAM: 12GB<\/li>\n<li>Almacenamiento: 512GB<\/li>\n<li>Expansi\u00f3n: sin microSD<\/li>\n<li>C\u00e1mara: Triple, 50MP+50MP +12MP<\/li>\n<li>Bater\u00eda: 5.500 mAh<\/li>\n<li>OS: Android 15<\/li>\n<li>Perfil: 8 mm<\/li>\n<li>Peso: 210 grs.<\/li>\n<li>Se incluyen los siguientes accesorios: <strong>Cargador y Manual<\/strong><\/li>\n<li><strong>Garant\u00eda:<\/strong> 12 meses contra defecto de fabricaci\u00f3n<\/li>\n<\/ul>\n<p>&nbsp;<\/p>\n<h4><span style=\"color: #ff0000;\"><strong>Contado efectivo: 10% de Descuento<\/strong><\/span><\/h4>\n<h5><strong>*Las im\u00e1genes son a modo ilustrativo.<\/strong><\/h5>\n","protected":false},"excerpt":{"rendered":"<h3><span style=\"color: #339966;\"><strong>U$S 975<\/strong><\/span><\/h3>\n","protected":false},"featured_media":44278,"comment_status":"open","ping_status":"closed","template":"","meta":[],"_links":{"self":[{"href":"https:\/\/www.appoloviracel.com.uy\/index.php\/wp-json\/wp\/v2\/product\/44277"}],"collection":[{"href":"https:\/\/www.appoloviracel.com.uy\/index.php\/wp-json\/wp\/v2\/product"}],"about":[{"href":"https:\/\/www.appoloviracel.com.uy\/index.php\/wp-json\/wp\/v2\/types\/product"}],"replies":[{"embeddable":true,"href":"https:\/\/www.appoloviracel.com.uy\/index.php\/wp-json\/wp\/v2\/comments?post=44277"}],"wp:featuredmedia":[{"embeddable":true,"href":"https:\/\/www.appoloviracel.com.uy\/index.php\/wp-json\/wp\/v2\/media\/44278"}],"wp:attachment":[{"href":"https:\/\/www.appoloviracel.com.uy\/index.php\/wp-json\/wp\/v2\/media?parent=44277"}],"curies":[{"name":"wp","href":"https:\/\/api.w.org\/{rel}","templated":true}]}}