{"id":44275,"date":"2025-10-11T15:21:14","date_gmt":"2025-10-11T18:21:14","guid":{"rendered":"https:\/\/www.appoloviracel.com.uy\/?post_type=product&#038;p=44275"},"modified":"2025-11-18T13:41:23","modified_gmt":"2025-11-18T16:41:23","slug":"auricular-yourz-soulmate-16-bluetooth","status":"publish","type":"product","link":"https:\/\/www.appoloviracel.com.uy\/index.php\/product\/auricular-yourz-soulmate-16-bluetooth\/","title":{"rendered":"Auricular Yourz \u00abSoulmate 16\u00bb (Bluetooth)"},"content":{"rendered":"<h2><strong>Caracter\u00edsticas y especificaciones:<\/strong><\/h2>\n<ul>\n<li>Versi\u00f3n de Bluetooth: BT5.0<\/li>\n<li>Capacidad de la bater\u00eda: caja de carga 250 mAh, auricular 30 mAh<\/li>\n<li>Tiempo de escucha: aproximadamente 4 h<\/li>\n<li>Distancia de recepci\u00f3n de Bluetooth: \u2264 15 m<\/li>\n<\/ul>\n<p>&nbsp;<\/p>\n<ol>\n<li>La potente funci\u00f3n de reducci\u00f3n pasiva de ruido te brinda un disfrute musical m\u00e1s silencioso<\/li>\n<li>La calidad de sonido envolvente est\u00e9reo, la unidad de altavoz din\u00e1mica y el decodificador de altura de diafragma met\u00e1lico hacen que el sonido sea m\u00e1s brillante.<\/li>\n<li>Control inteligente mejorado, simple y r\u00e1pido, f\u00e1cil de usar.<\/li>\n<li>El funcionamiento es simple, solo s\u00e1calo y con\u00e9ctalo, necesita una operaci\u00f3n complicada, actualiza el almacenamiento de inducci\u00f3n magn\u00e9tica. No te preocupes por ca\u00eddas y p\u00e9rdidas.<\/li>\n<li>Invoca la funci\u00f3n de asistente de voz, despu\u00e9s de escuchar tus instrucciones en cualquier momento, control inteligente<\/li>\n<\/ol>\n<p>&nbsp;<\/p>\n<h5><strong>*Las im\u00e1genes son a modo ilustrativo<\/strong><\/h5>\n","protected":false},"excerpt":{"rendered":"<h3><span style=\"color: #339966;\"><strong>$ 990<\/strong><\/span><\/h3>\n","protected":false},"featured_media":44276,"comment_status":"open","ping_status":"closed","template":"","meta":[],"_links":{"self":[{"href":"https:\/\/www.appoloviracel.com.uy\/index.php\/wp-json\/wp\/v2\/product\/44275"}],"collection":[{"href":"https:\/\/www.appoloviracel.com.uy\/index.php\/wp-json\/wp\/v2\/product"}],"about":[{"href":"https:\/\/www.appoloviracel.com.uy\/index.php\/wp-json\/wp\/v2\/types\/product"}],"replies":[{"embeddable":true,"href":"https:\/\/www.appoloviracel.com.uy\/index.php\/wp-json\/wp\/v2\/comments?post=44275"}],"wp:featuredmedia":[{"embeddable":true,"href":"https:\/\/www.appoloviracel.com.uy\/index.php\/wp-json\/wp\/v2\/media\/44276"}],"wp:attachment":[{"href":"https:\/\/www.appoloviracel.com.uy\/index.php\/wp-json\/wp\/v2\/media?parent=44275"}],"curies":[{"name":"wp","href":"https:\/\/api.w.org\/{rel}","templated":true}]}}