{"id":44270,"date":"2025-10-10T16:31:39","date_gmt":"2025-10-10T19:31:39","guid":{"rendered":"https:\/\/www.appoloviracel.com.uy\/?post_type=product&#038;p=44270"},"modified":"2025-11-17T11:05:20","modified_gmt":"2025-11-17T14:05:20","slug":"auricular-yourz-soulmate-37-rgb-led-strip-bluetooth","status":"publish","type":"product","link":"https:\/\/www.appoloviracel.com.uy\/index.php\/product\/auricular-yourz-soulmate-37-rgb-led-strip-bluetooth\/","title":{"rendered":"Auricular Yourz \u00abSoulmate 37\u00bb RGB Led Strip (Bluetooth)"},"content":{"rendered":"<h2><strong>Caracter\u00edsticas y especificaciones:<\/strong><\/h2>\n<ul>\n<li>Bluetooth 5.3 para una conexi\u00f3n r\u00e1pida y estable<\/li>\n<li>Iluminaci\u00f3n LED RGB para una apariencia vibrante y elegante<\/li>\n<li>Indicador digital de carga inteligente en el estuche de carga<\/li>\n<li>Control t\u00e1ctil inteligente para un uso sencillo<\/li>\n<li>Est\u00e9reo inal\u00e1mbrico aut\u00e9ntico con sonido de alta definici\u00f3n<\/li>\n<li>Funci\u00f3n de carga de emergencia para mayor comodidad<\/li>\n<li>Compatible con dispositivos iOS, Android y Windows<\/li>\n<\/ul>\n<h5><\/h5>\n<h5><strong>*Las im\u00e1genes son a modo ilustrativo.<\/strong><\/h5>\n","protected":false},"excerpt":{"rendered":"<h3><span style=\"color: #339966;\"><strong>$ 790<\/strong><\/span><\/h3>\n","protected":false},"featured_media":44273,"comment_status":"open","ping_status":"closed","template":"","meta":[],"_links":{"self":[{"href":"https:\/\/www.appoloviracel.com.uy\/index.php\/wp-json\/wp\/v2\/product\/44270"}],"collection":[{"href":"https:\/\/www.appoloviracel.com.uy\/index.php\/wp-json\/wp\/v2\/product"}],"about":[{"href":"https:\/\/www.appoloviracel.com.uy\/index.php\/wp-json\/wp\/v2\/types\/product"}],"replies":[{"embeddable":true,"href":"https:\/\/www.appoloviracel.com.uy\/index.php\/wp-json\/wp\/v2\/comments?post=44270"}],"wp:featuredmedia":[{"embeddable":true,"href":"https:\/\/www.appoloviracel.com.uy\/index.php\/wp-json\/wp\/v2\/media\/44273"}],"wp:attachment":[{"href":"https:\/\/www.appoloviracel.com.uy\/index.php\/wp-json\/wp\/v2\/media?parent=44270"}],"curies":[{"name":"wp","href":"https:\/\/api.w.org\/{rel}","templated":true}]}}