{"id":44268,"date":"2025-10-09T15:01:06","date_gmt":"2025-10-09T18:01:06","guid":{"rendered":"https:\/\/www.appoloviracel.com.uy\/?post_type=product&#038;p=44268"},"modified":"2025-11-17T11:04:45","modified_gmt":"2025-11-17T14:04:45","slug":"auricular-yourz-soulmate-26-anc-enc-bluetooth","status":"publish","type":"product","link":"https:\/\/www.appoloviracel.com.uy\/index.php\/product\/auricular-yourz-soulmate-26-anc-enc-bluetooth\/","title":{"rendered":"Auricular Yourz \u00abSoulmate 26\u00bb ANC + ENC (Bluetooth)"},"content":{"rendered":"<h2><strong>Caracter\u00edsticas y especificaciones:<\/strong><\/h2>\n<p>Los aud\u00edfonos inal\u00e1mbricos YOURZ SOULMATE 26 son la elecci\u00f3n perfecta para quienes buscan comodidad y calidad de sonido en un formato port\u00e1til. Dise\u00f1ados para adaptarse a los o\u00eddos de los m\u00e1s peque\u00f1os, estos aud\u00edfonos in-ear ofrecen una experiencia auditiva envolvente sin cables que limiten el movimiento.<\/p>\n<p>Con conectividad Bluetooth 5,3 disfrutar\u00e1s de la libertad de moverte sin restricciones mientras escuchas tu m\u00fasica favorita o te sumerges en tus programas de entretenimiento. Su dise\u00f1o ligero y ergon\u00f3mico asegura un ajuste c\u00f3modo, ideal para largas horas de uso.<\/p>\n<p>Incorporan un micr\u00f3fono que permite realizar llamadas con claridad, facilitando la comunicaci\u00f3n en cualquier momento. La tecnolog\u00eda de estos aud\u00edfonos est\u00e1 pensada para ofrecer un rendimiento \u00f3ptimo, garantizando que cada nota y cada palabra se escuchen con nitidez.<\/p>\n<p>Los YOURZ SOULMATE 26 son ideales para los m\u00e1s j\u00f3venes, combinando funcionalidad y estilo en un solo producto. Con su dise\u00f1o atractivo y pr\u00e1ctico, son la opci\u00f3n perfecta para acompa\u00f1ar a los ni\u00f1os en sus aventuras diarias, ya sea en casa, en el colegio o durante un viaje.<\/p>\n<h5><strong>*Las im\u00e1genes son a modo ilustrativo.<\/strong><\/h5>\n","protected":false},"excerpt":{"rendered":"<h3><span style=\"color: #339966;\"><strong>$ 650<\/strong><\/span><\/h3>\n","protected":false},"featured_media":44272,"comment_status":"open","ping_status":"closed","template":"","meta":[],"_links":{"self":[{"href":"https:\/\/www.appoloviracel.com.uy\/index.php\/wp-json\/wp\/v2\/product\/44268"}],"collection":[{"href":"https:\/\/www.appoloviracel.com.uy\/index.php\/wp-json\/wp\/v2\/product"}],"about":[{"href":"https:\/\/www.appoloviracel.com.uy\/index.php\/wp-json\/wp\/v2\/types\/product"}],"replies":[{"embeddable":true,"href":"https:\/\/www.appoloviracel.com.uy\/index.php\/wp-json\/wp\/v2\/comments?post=44268"}],"wp:featuredmedia":[{"embeddable":true,"href":"https:\/\/www.appoloviracel.com.uy\/index.php\/wp-json\/wp\/v2\/media\/44272"}],"wp:attachment":[{"href":"https:\/\/www.appoloviracel.com.uy\/index.php\/wp-json\/wp\/v2\/media?parent=44268"}],"curies":[{"name":"wp","href":"https:\/\/api.w.org\/{rel}","templated":true}]}}