{"id":44258,"date":"2025-10-07T18:43:12","date_gmt":"2025-10-07T21:43:12","guid":{"rendered":"https:\/\/www.appoloviracel.com.uy\/?post_type=product&#038;p=44258"},"modified":"2025-11-14T15:29:04","modified_gmt":"2025-11-14T18:29:04","slug":"auricular-mibro-earbuds-m1-bluetooth","status":"publish","type":"product","link":"https:\/\/www.appoloviracel.com.uy\/index.php\/product\/auricular-mibro-earbuds-m1-bluetooth\/","title":{"rendered":"Auricular Mibro \u00abEarbuds M1\u00bb (Bluetooth)"},"content":{"rendered":"<h2><strong>Caracter\u00edsticas y especificaciones:<\/strong><\/h2>\n<p>Los Mibro Earbuds M1 Blue ofrecen una relaci\u00f3n calidad-precio muy atractiva, con buen sonido, cancelaci\u00f3n de ruido en llamadas, y gran autonom\u00eda, todo con tecnolog\u00eda de Bluetooth\u00a05.3 y resistencia al agua ligera.<br \/>\nSon ideales para uso diario.<br \/>\nConectividad: Bluetooth\u00a05.3, alcance de hasta 10M.<br \/>\nDrivers: 4 moving-coil de 6mm que ofrecen buen balance de frecuencias y graves profundos.<br \/>\nCancelaci\u00f3n de ruido en llamadas (ENC): Reduce aproximadamente el 75% del ruido ambiental.<br \/>\nControl t\u00e1ctil: Puedes reproducir\/pausar, cambiar canciones, activar asistente de voz y gestionar llamadas tocando los auriculares.<br \/>\nAutonom\u00eda en auriculares: Hasta 5 hs. de reproducci\u00f3n continua.<br \/>\nEstuche de carga: Capacidad de 350mAh; ofrece hasta 40hs en total.<br \/>\nCarga r\u00e1pida: Solo 10 minutos con el estuche dan aproximadamente 1h de m\u00fasica.<br \/>\nTiempo total de carga: Estuche tarda en cargar alrededor de 2 hs, auriculares entre 1.5 a 2 hs.<\/p>\n<p><strong>\u00a0<\/strong><\/p>\n<h5><strong>*Las im\u00e1genes son a modo ilustrativo.<\/strong><\/h5>\n","protected":false},"excerpt":{"rendered":"<h3><span style=\"color: #339966;\"><strong>$ 1.290<\/strong><\/span><\/h3>\n","protected":false},"featured_media":44259,"comment_status":"open","ping_status":"closed","template":"","meta":[],"_links":{"self":[{"href":"https:\/\/www.appoloviracel.com.uy\/index.php\/wp-json\/wp\/v2\/product\/44258"}],"collection":[{"href":"https:\/\/www.appoloviracel.com.uy\/index.php\/wp-json\/wp\/v2\/product"}],"about":[{"href":"https:\/\/www.appoloviracel.com.uy\/index.php\/wp-json\/wp\/v2\/types\/product"}],"replies":[{"embeddable":true,"href":"https:\/\/www.appoloviracel.com.uy\/index.php\/wp-json\/wp\/v2\/comments?post=44258"}],"wp:featuredmedia":[{"embeddable":true,"href":"https:\/\/www.appoloviracel.com.uy\/index.php\/wp-json\/wp\/v2\/media\/44259"}],"wp:attachment":[{"href":"https:\/\/www.appoloviracel.com.uy\/index.php\/wp-json\/wp\/v2\/media?parent=44258"}],"curies":[{"name":"wp","href":"https:\/\/api.w.org\/{rel}","templated":true}]}}