{"id":44248,"date":"2025-10-03T13:37:51","date_gmt":"2025-10-03T16:37:51","guid":{"rendered":"https:\/\/www.appoloviracel.com.uy\/?post_type=product&#038;p=44248"},"modified":"2025-11-12T14:09:53","modified_gmt":"2025-11-12T17:09:53","slug":"power-bank-proove-illuminator-se-225w-20-000mah","status":"publish","type":"product","link":"https:\/\/www.appoloviracel.com.uy\/index.php\/product\/power-bank-proove-illuminator-se-225w-20-000mah\/","title":{"rendered":"Power Bank PROOVE \u00abIlluminator SE\u00bb 22,5w\/20.000mAh"},"content":{"rendered":"<h2>Caracter\u00edsticas y especificaciones:<\/h2>\n<p>La bater\u00eda externa Proove Illuminator de 22,5 W y 20 000 mAh ofrece una soluci\u00f3n de carga r\u00e1pida y de alta capacidad para tus dispositivos. Con una bater\u00eda de 20.000 mAh y una potencia de salida de 22,5 W, proporciona una distribuci\u00f3n de energ\u00eda eficiente, garantizando que tus dispositivos se mantengan cargados durante m\u00e1s tiempo, lo que la hace ideal para usuarios exigentes o viajes largos.<\/p>\n<ul>\n<li>Color: negro.<\/li>\n<li><strong>Salida de carga r\u00e1pida de 22,5 W<\/strong><\/li>\n<li><strong>Bater\u00eda de 20.000 mAh para mayor duraci\u00f3n<\/strong><\/li>\n<li>Material: pl\u00e1stico ign\u00edfugo;<\/li>\n<li>Tipo de bater\u00eda: litio-polimer;<\/li>\n<li><strong>Admite la carga de varios dispositivos<\/strong><\/li>\n<li>Entrada: Tipo-C;<\/li>\n<li>Salida: Tipo-C, USB1, USB2;<\/li>\n<li>Protocolos de carga r\u00e1pida: PD, AFC, FCP, SCP, QC 2.0-5.0;<\/li>\n<li>Potencia de entrada:<\/li>\n<li>Tour\u00e9-C: 5V\/2A, 9V\/2A, 12V\/1.5A;<\/li>\n<li>Potencia de salida:<\/li>\n<li>USB 1\/2: 4.5V\/5A, 5V\/4.5A, 9V\/2A, 12V\/1.5A (22.5W);<\/li>\n<li>Tour\u00e9-C: 5V\/3A, 9V\/2.22A, 12V\/1.67A (20W);<\/li>\n<li><strong>Dise\u00f1o port\u00e1til para mayor comodidad en cualquier lugar<\/strong><\/li>\n<li><strong>Material: Pl\u00e1stico resistente<\/strong><\/li>\n<li><strong>Otras especificaciones: Compatible con PD (Power Delivery) y Quick Charge (QC) para una carga r\u00e1pida<\/strong><\/li>\n<\/ul>\n<p><strong>\u00a0<\/strong><\/p>\n<h5><strong>*Las im\u00e1genes son a modo ilustrativo.<\/strong><\/h5>\n","protected":false},"excerpt":{"rendered":"<h3><span style=\"color: #339966;\"><strong>$ 1.690<\/strong><\/span><\/h3>\n","protected":false},"featured_media":44249,"comment_status":"open","ping_status":"closed","template":"","meta":[],"_links":{"self":[{"href":"https:\/\/www.appoloviracel.com.uy\/index.php\/wp-json\/wp\/v2\/product\/44248"}],"collection":[{"href":"https:\/\/www.appoloviracel.com.uy\/index.php\/wp-json\/wp\/v2\/product"}],"about":[{"href":"https:\/\/www.appoloviracel.com.uy\/index.php\/wp-json\/wp\/v2\/types\/product"}],"replies":[{"embeddable":true,"href":"https:\/\/www.appoloviracel.com.uy\/index.php\/wp-json\/wp\/v2\/comments?post=44248"}],"wp:featuredmedia":[{"embeddable":true,"href":"https:\/\/www.appoloviracel.com.uy\/index.php\/wp-json\/wp\/v2\/media\/44249"}],"wp:attachment":[{"href":"https:\/\/www.appoloviracel.com.uy\/index.php\/wp-json\/wp\/v2\/media?parent=44248"}],"curies":[{"name":"wp","href":"https:\/\/api.w.org\/{rel}","templated":true}]}}