{"id":44243,"date":"2025-10-02T23:05:01","date_gmt":"2025-10-03T02:05:01","guid":{"rendered":"https:\/\/www.appoloviracel.com.uy\/?post_type=product&#038;p=44243"},"modified":"2025-11-11T17:51:28","modified_gmt":"2025-11-11T20:51:28","slug":"auricular-jbl-quantum-250-gaming-vincha","status":"publish","type":"product","link":"https:\/\/www.appoloviracel.com.uy\/index.php\/product\/auricular-jbl-quantum-250-gaming-vincha\/","title":{"rendered":"Auricular JBL \u00abQuantum 250\u00bb (Gaming-Vincha)"},"content":{"rendered":"<h2>Caracter\u00edsticas y especificaciones:<\/h2>\n<p>Para una simplicidad plug-and-play, el JBL Quantum 250 ofrece un rendimiento con cable en PC, Mac, consolas y m\u00f3viles. Es ligero, c\u00f3modo y est\u00e1 fabricado con el mismo dise\u00f1o moderno, modular y los mismos controladores de precisi\u00f3n de 50mm que definen la nueva serie JBL Quantum ideal para juegos streaming o llamadas diarias<\/p>\n<ul>\n<li>Auriculares con cable multiplataforma para gaming<\/li>\n<li>Auriculares Gamer de diadema ligera y almohadillas de espuma visco el\u00e1stica.<\/li>\n<li>Compatibles con Windows Sonic Spatial Sound.<\/li>\n<li>Compatibles a trav\u00e9s de conector 3.5 mm con : PlayStation 4; PlayStation 5; XBOX One; XBOX Series X \/ S; Nintendo Switch; PC; MAC<\/li>\n<li>Conector: 3.5 mm<\/li>\n<li>Largo del cable: 1.2 Metros<\/li>\n<li>Respuesta de frecuencia 20 Hz &#8211; 20 kHz<\/li>\n<li>Entrada de potencia m\u00e1xima: 20 mW<\/li>\n<li>Sensibilidad 96 dB SPL a 1 kHz\/1 mW<\/li>\n<li>Impedancia: 32 ohmios<\/li>\n<li>Respuesta de frecuencia del micr\u00f3fono 100 Hz &#8211; 10 kHz<\/li>\n<li>Sensibilidad del micr\u00f3fono -42 dBV a 1 kHz dB\/Pa<\/li>\n<li>Tipo de micr\u00f3fono: Asta desmontable<\/li>\n<li>Patr\u00f3n de captaci\u00f3n del micr\u00f3fono: Direccional<\/li>\n<\/ul>\n<p>&nbsp;<\/p>\n<h5><strong>*Las im\u00e1genes son a modo ilustrativo.<\/strong><\/h5>\n","protected":false},"excerpt":{"rendered":"<h3><span style=\"color: #339966;\"><strong>$ 2.890<\/strong><\/span><\/h3>\n","protected":false},"featured_media":44244,"comment_status":"open","ping_status":"closed","template":"","meta":[],"_links":{"self":[{"href":"https:\/\/www.appoloviracel.com.uy\/index.php\/wp-json\/wp\/v2\/product\/44243"}],"collection":[{"href":"https:\/\/www.appoloviracel.com.uy\/index.php\/wp-json\/wp\/v2\/product"}],"about":[{"href":"https:\/\/www.appoloviracel.com.uy\/index.php\/wp-json\/wp\/v2\/types\/product"}],"replies":[{"embeddable":true,"href":"https:\/\/www.appoloviracel.com.uy\/index.php\/wp-json\/wp\/v2\/comments?post=44243"}],"wp:featuredmedia":[{"embeddable":true,"href":"https:\/\/www.appoloviracel.com.uy\/index.php\/wp-json\/wp\/v2\/media\/44244"}],"wp:attachment":[{"href":"https:\/\/www.appoloviracel.com.uy\/index.php\/wp-json\/wp\/v2\/media?parent=44243"}],"curies":[{"name":"wp","href":"https:\/\/api.w.org\/{rel}","templated":true}]}}