{"id":44221,"date":"2025-09-27T13:48:14","date_gmt":"2025-09-27T16:48:14","guid":{"rendered":"https:\/\/www.appoloviracel.com.uy\/?post_type=product&#038;p=44221"},"modified":"2025-11-06T18:39:01","modified_gmt":"2025-11-06T21:39:01","slug":"parlante-edifier-qd35-bluetooth","status":"publish","type":"product","link":"https:\/\/www.appoloviracel.com.uy\/index.php\/product\/parlante-edifier-qd35-bluetooth\/","title":{"rendered":"Parlante Edifier \u00abQD35\u00bb (Bluetooth)"},"content":{"rendered":"<h2>Caracter\u00edsticas y especificaciones:<\/h2>\n<p>PARLANTE EDIFIER QD35 BLUETOOTH RGB &#8211; Arquitectura ac\u00fastica de alta calidad, con certificaci\u00f3n Hi-Res Audio y Hi-Res Audio Wireless, compatible con LDAC. Magn\u00edficos efectos de iluminaci\u00f3n predefinidos y personalizables. Dos puertos USB para una carga segura y eficiente, gracias a la tecnolog\u00eda TurboGaN. &#8211; Certificaci\u00f3n Hi-Res AUDIO y Hi-Res AUDIO WIRELESS &#8211; Potencia de salida de audio total de 40 W (RMS) &#8211; Carga ultrarr\u00e1pida de GaN de 35 W a trav\u00e9s de puertos USB-A y USB-C &#8211; Espl\u00e9ndidos efectos de luz &#8211; Ecualizadores preestablecidos enriquecidos y ecualizadores personalizados que se pueden compartir &#8211; Transmisi\u00f3n inal\u00e1mbrica de m\u00fasica sin interrupciones a trav\u00e9s de Bluetooth V5.3 &#8211; Funciona con la aplicaci\u00f3n Edifier Connect<\/p>\n<ul>\n<li>Efectos de luz RGB<\/li>\n<li>Potencia total de salida: 40 W<\/li>\n<li>25W medios graves<\/li>\n<li>15W agudos<\/li>\n<li>Carga ultrarr\u00e1pida de GaN de 35 W a trav\u00e9s de puertos USB-A y USB-C<\/li>\n<li>Certificaci\u00f3n Hi-Res AUDIO y Hi-Res AUDIO WIRELESS<\/li>\n<li>Versi\u00f3n de bluetooth: 5.3<\/li>\n<li>Compatible con la aplicaci\u00f3n Edifier Connect<\/li>\n<li>Relaci\u00f3n de ruido: +- 85 dB<\/li>\n<li>Frecuencia: 60 Hz &#8211; 40 kHz<\/li>\n<li>Entradas: AUX; USB-A; Bluetooth<\/li>\n<\/ul>\n<h5><\/h5>\n<h5><strong>*Las im\u00e1genes son a modo ilustrativo.<\/strong><\/h5>\n","protected":false},"excerpt":{"rendered":"<h3><strong><span style=\"font-family: 'Cambria','serif'; color: #339966;\">U$S 209<\/span><\/strong><\/h3>\n","protected":false},"featured_media":44222,"comment_status":"open","ping_status":"closed","template":"","meta":[],"_links":{"self":[{"href":"https:\/\/www.appoloviracel.com.uy\/index.php\/wp-json\/wp\/v2\/product\/44221"}],"collection":[{"href":"https:\/\/www.appoloviracel.com.uy\/index.php\/wp-json\/wp\/v2\/product"}],"about":[{"href":"https:\/\/www.appoloviracel.com.uy\/index.php\/wp-json\/wp\/v2\/types\/product"}],"replies":[{"embeddable":true,"href":"https:\/\/www.appoloviracel.com.uy\/index.php\/wp-json\/wp\/v2\/comments?post=44221"}],"wp:featuredmedia":[{"embeddable":true,"href":"https:\/\/www.appoloviracel.com.uy\/index.php\/wp-json\/wp\/v2\/media\/44222"}],"wp:attachment":[{"href":"https:\/\/www.appoloviracel.com.uy\/index.php\/wp-json\/wp\/v2\/media?parent=44221"}],"curies":[{"name":"wp","href":"https:\/\/api.w.org\/{rel}","templated":true}]}}