{"id":44213,"date":"2025-09-26T22:07:45","date_gmt":"2025-09-27T01:07:45","guid":{"rendered":"https:\/\/www.appoloviracel.com.uy\/?post_type=product&#038;p=44213"},"modified":"2025-11-05T15:03:24","modified_gmt":"2025-11-05T18:03:24","slug":"parlante-edifier-mp85-bluetooth","status":"publish","type":"product","link":"https:\/\/www.appoloviracel.com.uy\/index.php\/product\/parlante-edifier-mp85-bluetooth\/","title":{"rendered":"Parlante Edifier \u00abMP85\u00bb (Bluetooth)"},"content":{"rendered":"<h2>Caracter\u00edsticas y especificaciones:<\/h2>\n<p>Descubr\u00ed el parlante Edifier MP85, un dispositivo compacto y elegante dise\u00f1ado para ofrecer sonido claro y pr\u00e1ctico para el uso diario. Con un driver full\u2011range de 1,5 pulgadas (40 mm) y una potencia de 2.2 W RMS, est\u00e1 especialmente afinado para vocales, logrando una reproducci\u00f3n de voz n\u00edtida y definida.<br \/>\nCuenta con conectividad Bluetooth 5.3, que garantiza transmisi\u00f3n estable, alta fidelidad de audio y bajo consumo de energ\u00eda. Se controla f\u00e1cilmente con botones f\u00edsicos y desde la app Edifier Connect, donde podes elegir entre cuatro modos de sonido: Music, Game, Vocal y DIY.<br \/>\nSu bater\u00eda interna de 480 mAh ofrece hasta 8 horas de reproducci\u00f3n continua.<br \/>\nEl dise\u00f1o ultraligero de solo 70 g, junto con el cord\u00f3n incluido para colgar, lo convierte en el compa\u00f1ero ideal para llevar a todas partes.<br \/>\nPerfecto para quienes buscan practicidad, estilo y calidad de sonido en un formato s\u00faper port\u00e1til.<\/p>\n<ul>\n<li>Potencia de salida: 2.2 W RMS<\/li>\n<li>Versi\u00f3n de Bluetooth: 5.3<\/li>\n<li>Duraci\u00f3n de la bater\u00eda: Hasta 8 horas<\/li>\n<li>Bater\u00eda: 480 mAh de Litio<\/li>\n<li>Frecuencia: 230 Hz &#8211; 17 kHz<\/li>\n<li>Ecualizador: M\u00fasica, Juego y Voz (Mediante Edifier Connect)<\/li>\n<li>Compatible con aplicaci\u00f3n Edifier Connect<\/li>\n<li>Incluye correas de transporte<\/li>\n<\/ul>\n<h5><\/h5>\n<h5><strong>*Las im\u00e1genes son a modo ilustrativo.<\/strong><\/h5>\n","protected":false},"excerpt":{"rendered":"<h3><strong><span style=\"font-family: 'Cambria','serif'; color: #339966;\">$ 1.190<\/span><\/strong><\/h3>\n","protected":false},"featured_media":44214,"comment_status":"open","ping_status":"closed","template":"","meta":[],"_links":{"self":[{"href":"https:\/\/www.appoloviracel.com.uy\/index.php\/wp-json\/wp\/v2\/product\/44213"}],"collection":[{"href":"https:\/\/www.appoloviracel.com.uy\/index.php\/wp-json\/wp\/v2\/product"}],"about":[{"href":"https:\/\/www.appoloviracel.com.uy\/index.php\/wp-json\/wp\/v2\/types\/product"}],"replies":[{"embeddable":true,"href":"https:\/\/www.appoloviracel.com.uy\/index.php\/wp-json\/wp\/v2\/comments?post=44213"}],"wp:featuredmedia":[{"embeddable":true,"href":"https:\/\/www.appoloviracel.com.uy\/index.php\/wp-json\/wp\/v2\/media\/44214"}],"wp:attachment":[{"href":"https:\/\/www.appoloviracel.com.uy\/index.php\/wp-json\/wp\/v2\/media?parent=44213"}],"curies":[{"name":"wp","href":"https:\/\/api.w.org\/{rel}","templated":true}]}}