{"id":4421,"date":"2021-03-09T23:03:15","date_gmt":"2021-03-10T02:03:15","guid":{"rendered":"https:\/\/www.appoloviracel.com.uy\/?post_type=product&#038;p=4421"},"modified":"2021-04-15T20:05:48","modified_gmt":"2021-04-15T23:05:48","slug":"pendrive-hikvision-16gb","status":"publish","type":"product","link":"https:\/\/www.appoloviracel.com.uy\/index.php\/product\/pendrive-hikvision-16gb\/","title":{"rendered":"Pendrive \u00abHikvision\u00bb 16Gb"},"content":{"rendered":"<h4>Caracter\u00edsticas y especificaciones:<\/h4>\n<p>* Ampl\u00eda la capacidad de almacenamiento de dispositivos con la interfaz USB.<br \/>\n* Transmisi\u00f3n estable, segura y r\u00e1pida.<br \/>\n* Copia y transfiere archivos de forma r\u00e1pida y estable.<br \/>\n* Protecci\u00f3n de datos durante la transferencia de datos si est\u00e1 desconectada o apagada<br \/>\n* Alta compatibilidad de archivos y sistemas operativos.<br \/>\n* Soporta archivos de varios formatos.<br \/>\n* Es compatible con los siguientes sistemas operativos: Windows 10, Windows 8, Windows 7, Vista, Windows XP, MAC OS 10.xo posterior<br \/>\n* Plug and play<br \/>\n* Se enchufa la unidad para funcionar, no se requiere ning\u00fan cable de red o de datos.<br \/>\n* Port\u00e1til y de baja potencia.<br \/>\n* De tama\u00f1o peque\u00f1o, f\u00e1cil de llevar.<br \/>\n* Soporta suspensi\u00f3n y activaci\u00f3n de reanudaci\u00f3n, menor consumo de energ\u00eda<\/p>\n<p><strong>ESPECIFICACIONES<\/strong><br \/>\n&#8211; Capacidad: 16 GB<br \/>\n&#8211; Interfaz: USB 2.0<br \/>\n&#8211; Velocidad m\u00e1x. de lectura: USB2.0: 10-20MB\/s<br \/>\n&#8211; Velocidad m\u00e1x. de escritura: USB2.0: 3-10MB\/s<br \/>\n&#8211; Color: Negro<br \/>\n&#8211; Dimensiones: 58mm*20mm *11mm<br \/>\n&#8211; Peso: &lt;25 grs<\/p>\n<h5><strong>*Las im\u00e1genes son a modo ilustrativo.<\/strong><\/h5>\n","protected":false},"excerpt":{"rendered":"<h3><span style=\"color: #ff0000;\"><strong>*Consultar precio<\/strong><\/span><\/h3>\n<h5><strong>\u00abArt\u00edculo sujeto a stock\u00bb<\/strong><\/h5>\n<h3><span style=\"color: #339966;\"><strong>\u00a0<\/strong><\/span><\/h3>\n","protected":false},"featured_media":4422,"comment_status":"open","ping_status":"closed","template":"","meta":[],"_links":{"self":[{"href":"https:\/\/www.appoloviracel.com.uy\/index.php\/wp-json\/wp\/v2\/product\/4421"}],"collection":[{"href":"https:\/\/www.appoloviracel.com.uy\/index.php\/wp-json\/wp\/v2\/product"}],"about":[{"href":"https:\/\/www.appoloviracel.com.uy\/index.php\/wp-json\/wp\/v2\/types\/product"}],"replies":[{"embeddable":true,"href":"https:\/\/www.appoloviracel.com.uy\/index.php\/wp-json\/wp\/v2\/comments?post=4421"}],"wp:featuredmedia":[{"embeddable":true,"href":"https:\/\/www.appoloviracel.com.uy\/index.php\/wp-json\/wp\/v2\/media\/4422"}],"wp:attachment":[{"href":"https:\/\/www.appoloviracel.com.uy\/index.php\/wp-json\/wp\/v2\/media?parent=4421"}],"curies":[{"name":"wp","href":"https:\/\/api.w.org\/{rel}","templated":true}]}}