{"id":44209,"date":"2025-09-25T18:20:27","date_gmt":"2025-09-25T21:20:27","guid":{"rendered":"https:\/\/www.appoloviracel.com.uy\/?post_type=product&#038;p=44209"},"modified":"2025-11-04T16:47:49","modified_gmt":"2025-11-04T19:47:49","slug":"combo-logitech-mk345-mouse-y-teclado-inalambrico","status":"publish","type":"product","link":"https:\/\/www.appoloviracel.com.uy\/index.php\/product\/combo-logitech-mk345-mouse-y-teclado-inalambrico\/","title":{"rendered":"Combo Logitech \u00abMK345\u00bb Mouse y Teclado inal\u00e1mbrico"},"content":{"rendered":"<h2>Caracter\u00edsticas y especificaciones:<\/h2>\n<ul>\n<li>WIRELESS COMBO MK345: La eficaz combinaci\u00f3n con duraci\u00f3n de bater\u00edas prolongada<\/li>\n<li>AUMENTA TU PRODUCTIVIDAD: Escribe en una distribuci\u00f3n de tama\u00f1o normal con 12 teclas F mejoradas para control de medios. Salta una canci\u00f3n, pausa un video o silencia el audio al instante.<\/li>\n<li>MAYOR DURACI\u00d3N DE LAS BATER\u00cdAS: Disfruta de una estupenda duraci\u00f3n de bater\u00edas de tres a\u00f1os para el teclado y de 18 meses para el mouse, gracias a nuestra ingenier\u00eda de eficiencia energ\u00e9tica; Conmutador de encendido\/apagado en mouse y teclado; Indicador de carga de bater\u00edas en el mouse; Almacenamiento del nano receptor en el mouse; Modo de suspensi\u00f3n autom\u00e1tico cuando no se usa.<\/li>\n<li>COMODIDAD MEJORADA: El generoso reposamanos, el mouse contorneado para la mano derecha y la altura de teclado ajustable te proporcionan m\u00e1s comodidad; Rueda ancha para mejorar las acciones de desplazamiento; Nano receptor tipo \u00abconectar y olvidar\u00bb; Dise\u00f1o resistente a salpicaduras para que no te preocupes por salpicaduras fortuitas; Reposamanos y mouse con textura.<\/li>\n<li>DIMENSIONES: Teclado: Altura: 186,7 mm; Anchura: 447,2 mm; Profundidad: 21,4 mm; Peso: 603 grs. Mouse: Altura: 105,4 mm; Anchura: 67,9 mm; Profundidad: 38,4 mm; Peso: 86,4 g<\/li>\n<li>ESPECIFICACIONES: Bater\u00eda: 2 AAA; Conmutador de encendido\/apagado: S\u00ed; Distribuci\u00f3n de tama\u00f1o normal y 12 teclas F mejoradas para control de medios; Distancia de funcionamiento inal\u00e1mbrico: 10 m m\u00e1ximo; Sistema inal\u00e1mbrico: Conexi\u00f3n inal\u00e1mbrica avanzada de 2,4 GHz; Tecnolog\u00eda de sensor: Seguimiento \u00f3ptico avanzado de Logitech; Resoluci\u00f3n: 1000 dpi; Duraci\u00f3n de bater\u00edas: 18 meses (aproximada dependiendo el uso); Bater\u00eda: 1 AA; N\u00famero de botones: 3; Bot\u00f3n rueda: S\u00ed; Interfaz de conexi\u00f3n: Receptor USB.<\/li>\n<\/ul>\n<p>&nbsp;<\/p>\n<h5><strong>*Las im\u00e1genes son a modo ilustrativo.<\/strong><\/h5>\n","protected":false},"excerpt":{"rendered":"<h3><span style=\"color: #339966;\"><strong>$ 1.890 \u00a0<\/strong><\/span><\/h3>\n","protected":false},"featured_media":44210,"comment_status":"open","ping_status":"closed","template":"","meta":[],"_links":{"self":[{"href":"https:\/\/www.appoloviracel.com.uy\/index.php\/wp-json\/wp\/v2\/product\/44209"}],"collection":[{"href":"https:\/\/www.appoloviracel.com.uy\/index.php\/wp-json\/wp\/v2\/product"}],"about":[{"href":"https:\/\/www.appoloviracel.com.uy\/index.php\/wp-json\/wp\/v2\/types\/product"}],"replies":[{"embeddable":true,"href":"https:\/\/www.appoloviracel.com.uy\/index.php\/wp-json\/wp\/v2\/comments?post=44209"}],"wp:featuredmedia":[{"embeddable":true,"href":"https:\/\/www.appoloviracel.com.uy\/index.php\/wp-json\/wp\/v2\/media\/44210"}],"wp:attachment":[{"href":"https:\/\/www.appoloviracel.com.uy\/index.php\/wp-json\/wp\/v2\/media?parent=44209"}],"curies":[{"name":"wp","href":"https:\/\/api.w.org\/{rel}","templated":true}]}}