{"id":44198,"date":"2025-09-23T19:19:38","date_gmt":"2025-09-23T22:19:38","guid":{"rendered":"https:\/\/www.appoloviracel.com.uy\/?post_type=product&#038;p=44198"},"modified":"2025-10-15T19:32:11","modified_gmt":"2025-10-15T22:32:11","slug":"combo-logitech-mk235-mouse-teclado-inalambrico","status":"publish","type":"product","link":"https:\/\/www.appoloviracel.com.uy\/index.php\/product\/combo-logitech-mk235-mouse-teclado-inalambrico\/","title":{"rendered":"Combo Logitech \u00abMK235\u00bb Mouse y Teclado inal\u00e1mbrico"},"content":{"rendered":"<h2>Caracter\u00edsticas y especificaciones:<\/h2>\n<p>Este d\u00fao ofrece todas las funciones necesarias integradas en un dise\u00f1o confortable, resistente y f\u00e1cil de usar, y mantiene tu espacio despejado. Con la calidad habitual de Logitech, la combinaci\u00f3n inal\u00e1mbrica MK235 est\u00e1 hecha para durar.<\/p>\n<ul>\n<li>Conexi\u00f3n inal\u00e1mbrica hasta 10 metros<\/li>\n<li>Receptor nano de tecnolog\u00eda de 2.4Ghz<\/li>\n<li>Teclas planas s\u00faper c\u00f3modas<\/li>\n<li>15 teclas de funci\u00f3n programables<\/li>\n<li>Duraci\u00f3n de bater\u00edas extendida, hasta 12 meses el mouse y hasta 36 meses el teclado<\/li>\n<li>Funciona con: Win7,8,10; Chrome OS, Linux kernel 2.6+<\/li>\n<\/ul>\n<p>&nbsp;<\/p>\n<h5><strong>*Las im\u00e1genes son a modo ilustrativo.<\/strong><\/h5>\n","protected":false},"excerpt":{"rendered":"<h3><span style=\"color: #339966;\"><strong>$ 1.250 \u00a0<\/strong><\/span><\/h3>\n","protected":false},"featured_media":44199,"comment_status":"open","ping_status":"closed","template":"","meta":[],"_links":{"self":[{"href":"https:\/\/www.appoloviracel.com.uy\/index.php\/wp-json\/wp\/v2\/product\/44198"}],"collection":[{"href":"https:\/\/www.appoloviracel.com.uy\/index.php\/wp-json\/wp\/v2\/product"}],"about":[{"href":"https:\/\/www.appoloviracel.com.uy\/index.php\/wp-json\/wp\/v2\/types\/product"}],"replies":[{"embeddable":true,"href":"https:\/\/www.appoloviracel.com.uy\/index.php\/wp-json\/wp\/v2\/comments?post=44198"}],"wp:featuredmedia":[{"embeddable":true,"href":"https:\/\/www.appoloviracel.com.uy\/index.php\/wp-json\/wp\/v2\/media\/44199"}],"wp:attachment":[{"href":"https:\/\/www.appoloviracel.com.uy\/index.php\/wp-json\/wp\/v2\/media?parent=44198"}],"curies":[{"name":"wp","href":"https:\/\/api.w.org\/{rel}","templated":true}]}}