{"id":44191,"date":"2025-09-22T18:30:03","date_gmt":"2025-09-22T21:30:03","guid":{"rendered":"https:\/\/www.appoloviracel.com.uy\/?post_type=product&#038;p=44191"},"modified":"2025-10-14T11:18:05","modified_gmt":"2025-10-14T14:18:05","slug":"mouse-genius-ergo-9000s-pro-bluetooth","status":"publish","type":"product","link":"https:\/\/www.appoloviracel.com.uy\/index.php\/product\/mouse-genius-ergo-9000s-pro-bluetooth\/","title":{"rendered":"Mouse Genius \u00abErgo 9000s\u00bb Pro (Bluetooth)"},"content":{"rendered":"<h2>Caracter\u00edsticas y especificaciones:<\/h2>\n<ul>\n<li>Rat\u00f3n silencioso recargable inal\u00e1mbrico Bluetooth 5.0 y 2.4GHz con 6 botones<\/li>\n<li>Distancia de trabajo hasta 10 metros<\/li>\n<li>Tama\u00f1o mini para laptop o mano peque\u00f1a<\/li>\n<li>Bater\u00eda recargable integrada, cable de carga USB-C incluido<\/li>\n<li>Iluminaci\u00f3n RGB de 7 colores (LED intermitente)<\/li>\n<li>Dise\u00f1o ergon\u00f3mico para gran comodidad de trabajo<\/li>\n<li>Clic silencioso<\/li>\n<li>Interruptor On\/Off para ahorrar bater\u00eda<\/li>\n<li>Interruptor DPI 800 \/ 1200(predeterminado) \/ 1600 \/ 2400<\/li>\n<li>Frecuencia RF: Modo dual Bluetooth 5.3\uff0b2.4GHz; Nota: El modo Bluetooth y el modo 2.4G no se pueden usar al mismo tiempo.<\/li>\n<li>Multidispositivo: Conexi\u00f3n hasta 3 dispositivos, dos por Bluetooth\uff0buno por 2.4GHz<\/li>\n<li>Motor de sensor: \u00d3ptico<\/li>\n<li>Resoluci\u00f3n (DPI): 800 \/ 1200 (predeterminado) \/ 1600 \/ 2400<\/li>\n<li>N\u00famero de botones: 6 (Izquierdo, Derecho, Bot\u00f3n central con rueda, Cambio de DPI, Adelante, Atr\u00e1s)<\/li>\n<li>Tipo de bater\u00eda: Bater\u00eda recargable incorporada<\/li>\n<li>Peso: Aprox. 65 g (Incluye receptor y bater\u00eda recargable)<\/li>\n<li>Dimensiones (An x Al x Pr) mm (pulgadas): 68.2 * 90.7 * 39.3 (2.69&#8243; * 3.57&#8243; * 1.55&#8243;)<\/li>\n<li>Requisitos del sistema: Computadoras, tel\u00e9fonos o tabletas con Bluetooth o puerto USB<\/li>\n<li>Modo 2.4G:Requiere: Puerto USB disponible; Windows\u00ae 8, 10, 11 o posterior; macOS 10.14 o posterior; ChromeOS o posterior<\/li>\n<li>Modo Bluetooth: Windows\u00ae 8, 10, 11 o posterior; macOS 10.8 o posterior; ChromeOS; iOS 11 o posterior; iPadOS 13.4 o posterior; Android 7 o posterior<\/li>\n<li>Colores: Madera \/ Plateado \/ Blanco Perla \/ Azul Claro \/ Rosa; *El color del producto y las im\u00e1genes mostradas en el empaque son solo de referencia. Consulte el producto f\u00edsico para ver los art\u00edculos reales.<\/li>\n<\/ul>\n<p>&nbsp;<\/p>\n<h5><strong>*Las im\u00e1genes son a modo ilustrativo.<\/strong><\/h5>\n","protected":false},"excerpt":{"rendered":"<h3><span style=\"color: #339966;\"><strong>$ 950<\/strong><\/span><\/h3>\n","protected":false},"featured_media":44192,"comment_status":"open","ping_status":"closed","template":"","meta":[],"_links":{"self":[{"href":"https:\/\/www.appoloviracel.com.uy\/index.php\/wp-json\/wp\/v2\/product\/44191"}],"collection":[{"href":"https:\/\/www.appoloviracel.com.uy\/index.php\/wp-json\/wp\/v2\/product"}],"about":[{"href":"https:\/\/www.appoloviracel.com.uy\/index.php\/wp-json\/wp\/v2\/types\/product"}],"replies":[{"embeddable":true,"href":"https:\/\/www.appoloviracel.com.uy\/index.php\/wp-json\/wp\/v2\/comments?post=44191"}],"wp:featuredmedia":[{"embeddable":true,"href":"https:\/\/www.appoloviracel.com.uy\/index.php\/wp-json\/wp\/v2\/media\/44192"}],"wp:attachment":[{"href":"https:\/\/www.appoloviracel.com.uy\/index.php\/wp-json\/wp\/v2\/media?parent=44191"}],"curies":[{"name":"wp","href":"https:\/\/api.w.org\/{rel}","templated":true}]}}