{"id":44187,"date":"2025-09-20T19:22:16","date_gmt":"2025-09-20T22:22:16","guid":{"rendered":"https:\/\/www.appoloviracel.com.uy\/?post_type=product&#038;p=44187"},"modified":"2025-10-13T17:58:30","modified_gmt":"2025-10-13T20:58:30","slug":"celular-honor-400-5g-256gb-12gb","status":"publish","type":"product","link":"https:\/\/www.appoloviracel.com.uy\/index.php\/product\/celular-honor-400-5g-256gb-12gb\/","title":{"rendered":"Celular Honor \u00ab400\u00bb 5G (256Gb-12Gb)"},"content":{"rendered":"<h2>Caracter\u00edsticas y especificaciones:<\/h2>\n<p>El <strong>Honor 400<\/strong> 5G cuenta con una pantalla AMOLED de 6.55 pulgadas con tasa de refresco de 120Hz y est\u00e1 potenciado por un procesador Snapdragon 7 Gen 3 con hasta 12GB de RAM y 256GB de almacenamiento. Su c\u00e1mara posterior es dual con un sensor principal de 200MP estabilizado \u00f3pticamente, y tiene una c\u00e1mara selfie de 50MP. Alimentado por una bater\u00eda de 6.000 mAh seg\u00fan el mercado, el Honor 400 5G soporta carga r\u00e1pida, tiene parlantes est\u00e9reo, lector de huellas bajo la pantalla y es resistente al agua.<\/p>\n<ul>\n<li>Pantalla: 6.55&#8243;, 1264 * 2736 pixeles<\/li>\n<li>Procesador: Snapdragon 7 Gen 3 2.6GHz<\/li>\n<li>Memoria RAM: 12GB<\/li>\n<li>Almacenamiento: 256GB<\/li>\n<li>Expansi\u00f3n: sin microSD<\/li>\n<li>C\u00e1mara: Dual, 200MP+12MP<\/li>\n<li>Bater\u00eda: 6.000 mAh<\/li>\n<li>OS: Android 15<\/li>\n<li>Perfil: 7.3 mm<\/li>\n<li>Peso: 184 grs.<\/li>\n<li>Se incluyen los siguientes accesorios: <strong>Cargador y Manual<\/strong><\/li>\n<li><strong>Garant\u00eda:<\/strong> 12 meses contra defecto de fabricaci\u00f3n<\/li>\n<\/ul>\n<p>&nbsp;<\/p>\n<h3><span style=\"color: #ff0000;\"><strong>Contado efectivo: 10% de Descuento<\/strong><\/span><\/h3>\n<h5><strong>*Las im\u00e1genes son a modo ilustrativo.<\/strong><\/h5>\n","protected":false},"excerpt":{"rendered":"<h3><span style=\"color: #339966;\"><strong>U$S 669<\/strong><\/span><\/h3>\n","protected":false},"featured_media":44188,"comment_status":"open","ping_status":"closed","template":"","meta":[],"_links":{"self":[{"href":"https:\/\/www.appoloviracel.com.uy\/index.php\/wp-json\/wp\/v2\/product\/44187"}],"collection":[{"href":"https:\/\/www.appoloviracel.com.uy\/index.php\/wp-json\/wp\/v2\/product"}],"about":[{"href":"https:\/\/www.appoloviracel.com.uy\/index.php\/wp-json\/wp\/v2\/types\/product"}],"replies":[{"embeddable":true,"href":"https:\/\/www.appoloviracel.com.uy\/index.php\/wp-json\/wp\/v2\/comments?post=44187"}],"wp:featuredmedia":[{"embeddable":true,"href":"https:\/\/www.appoloviracel.com.uy\/index.php\/wp-json\/wp\/v2\/media\/44188"}],"wp:attachment":[{"href":"https:\/\/www.appoloviracel.com.uy\/index.php\/wp-json\/wp\/v2\/media?parent=44187"}],"curies":[{"name":"wp","href":"https:\/\/api.w.org\/{rel}","templated":true}]}}