{"id":44180,"date":"2025-09-19T15:09:28","date_gmt":"2025-09-19T18:09:28","guid":{"rendered":"https:\/\/www.appoloviracel.com.uy\/?post_type=product&#038;p=44180"},"modified":"2025-10-11T15:26:31","modified_gmt":"2025-10-11T18:26:31","slug":"celular-honor-400-lite-5g-256gb-8gb","status":"publish","type":"product","link":"https:\/\/www.appoloviracel.com.uy\/index.php\/product\/celular-honor-400-lite-5g-256gb-8gb\/","title":{"rendered":"Celular Honor \u00ab400 Lite\u00bb 5G (256Gb-8Gb)"},"content":{"rendered":"<h2>Caracter\u00edsticas y especificaciones:<\/h2>\n<p>El <strong>Honor 400 Lite<\/strong> 5G cuenta con una pantalla AMOLED de 6.7 pulgadas con tasa de refresco de 120Hz y est\u00e1 potenciado por un procesador Dimensity 7025 Ultra de MediaTek con hasta 8GB de RAM y 256GB de almacenamiento. Su c\u00e1mara dual tiene un sensor principal de 108MP, se alimenta de una bater\u00eda de 5230 mAh con soporte para carga r\u00e1pida, y completa sus caracter\u00edsticas con un lector de huellas lateral, resistencia al agua y Android 15.<\/p>\n<ul>\n<li>Pantalla: 6.7&#8243;, 1080 * 2412 pixeles<\/li>\n<li>Procesador: MediaTek Dimensity 7025 Ultra 2.5GHz<\/li>\n<li>Memoria RAM: 8GB<\/li>\n<li>Almacenamiento: 256GB<\/li>\n<li>Expansi\u00f3n: sin microSD<\/li>\n<li>C\u00e1mara: Dual, 108MP+5MP<\/li>\n<li>Bater\u00eda: 5230 mAh<\/li>\n<li>OS: Android 15<\/li>\n<li>Perfil: 7.3 mm<\/li>\n<li>Peso: 171 grs.<\/li>\n<li>Se incluyen los siguientes accesorios: <strong>Cargador y Manual<\/strong><\/li>\n<li><strong>Garant\u00eda:<\/strong> 12 meses contra defecto de fabricaci\u00f3n<\/li>\n<\/ul>\n<p>&nbsp;<\/p>\n<h3><span style=\"color: #ff0000;\"><strong>Contado efectivo: 10% de Descuento<\/strong><\/span><\/h3>\n<h5><strong>*Las im\u00e1genes son a modo ilustrativo.<\/strong><\/h5>\n","protected":false},"excerpt":{"rendered":"<h3><span style=\"color: #339966;\"><strong>U$S 405<\/strong><\/span><\/h3>\n","protected":false},"featured_media":44182,"comment_status":"open","ping_status":"closed","template":"","meta":[],"_links":{"self":[{"href":"https:\/\/www.appoloviracel.com.uy\/index.php\/wp-json\/wp\/v2\/product\/44180"}],"collection":[{"href":"https:\/\/www.appoloviracel.com.uy\/index.php\/wp-json\/wp\/v2\/product"}],"about":[{"href":"https:\/\/www.appoloviracel.com.uy\/index.php\/wp-json\/wp\/v2\/types\/product"}],"replies":[{"embeddable":true,"href":"https:\/\/www.appoloviracel.com.uy\/index.php\/wp-json\/wp\/v2\/comments?post=44180"}],"wp:featuredmedia":[{"embeddable":true,"href":"https:\/\/www.appoloviracel.com.uy\/index.php\/wp-json\/wp\/v2\/media\/44182"}],"wp:attachment":[{"href":"https:\/\/www.appoloviracel.com.uy\/index.php\/wp-json\/wp\/v2\/media?parent=44180"}],"curies":[{"name":"wp","href":"https:\/\/api.w.org\/{rel}","templated":true}]}}