{"id":44161,"date":"2025-08-26T15:08:23","date_gmt":"2025-08-26T18:08:23","guid":{"rendered":"https:\/\/www.appoloviracel.com.uy\/?post_type=product&#038;p=44161"},"modified":"2025-10-08T21:30:57","modified_gmt":"2025-10-09T00:30:57","slug":"auricular-jbl-tune-520c-usb-c-casco-vincha","status":"publish","type":"product","link":"https:\/\/www.appoloviracel.com.uy\/index.php\/product\/auricular-jbl-tune-520c-usb-c-casco-vincha\/","title":{"rendered":"Auricular JBL \u00abTune 520c\u00bb USB-C (Casco-Vincha)"},"content":{"rendered":"<h2>Caracter\u00edsticas y especificaciones:<\/h2>\n<p>Llev\u00e1 tu m\u00fasica a donde vayas con los JBL Tune 520C USB-C. Con un dise\u00f1o c\u00f3modo, liviano y plegable, estos auriculares ofrecen sonido JBL Pure Bass con audio de alta resoluci\u00f3n. Conectalos a tu dispositivo USB-C y disfrut\u00e1 de llamadas n\u00edtidas, controles intuitivos y un cable resistente que no se enreda. Perfectos para el trabajo, el hogar o el camino.<\/p>\n<ul>\n<li>Tama\u00f1o del driver: 32 mm<\/li>\n<li>Sensibilidad: 103 dB @ 1 kHz \/ 1 mW<\/li>\n<li>Respuesta de frecuencia: 10 Hz \u2013 40 kHz<\/li>\n<li>Impedancia: 32 ohmios<\/li>\n<li>Sonido JBL Pure Bass<\/li>\n<li>Audio de alta resoluci\u00f3n<\/li>\n<li>Dimensiones externas del auricular: 7.3 * 7.3 * 1.7 cm<\/li>\n<li>Dimensiones internas del auricular: 3.2 * 3.2 cm<\/li>\n<li>Longitud del cable: 120 cm<\/li>\n<li>Peso: 150 g<\/li>\n<li>Micr\u00f3fono incorporado<\/li>\n<li>Llamadas manos libres<\/li>\n<li>Control remoto en cable (3 botones)<\/li>\n<li>Ajuste de ecualizador<\/li>\n<li>Dise\u00f1o supraaural<\/li>\n<\/ul>\n<p><strong>\u00a0<\/strong><\/p>\n<h5><strong>*Las im\u00e1genes son a modo ilustrativo.<\/strong><\/h5>\n","protected":false},"excerpt":{"rendered":"<h3><span style=\"color: #339966;\"><strong>$ 1.890<\/strong><\/span><\/h3>\n","protected":false},"featured_media":44162,"comment_status":"open","ping_status":"closed","template":"","meta":[],"_links":{"self":[{"href":"https:\/\/www.appoloviracel.com.uy\/index.php\/wp-json\/wp\/v2\/product\/44161"}],"collection":[{"href":"https:\/\/www.appoloviracel.com.uy\/index.php\/wp-json\/wp\/v2\/product"}],"about":[{"href":"https:\/\/www.appoloviracel.com.uy\/index.php\/wp-json\/wp\/v2\/types\/product"}],"replies":[{"embeddable":true,"href":"https:\/\/www.appoloviracel.com.uy\/index.php\/wp-json\/wp\/v2\/comments?post=44161"}],"wp:featuredmedia":[{"embeddable":true,"href":"https:\/\/www.appoloviracel.com.uy\/index.php\/wp-json\/wp\/v2\/media\/44162"}],"wp:attachment":[{"href":"https:\/\/www.appoloviracel.com.uy\/index.php\/wp-json\/wp\/v2\/media?parent=44161"}],"curies":[{"name":"wp","href":"https:\/\/api.w.org\/{rel}","templated":true}]}}