{"id":44135,"date":"2025-08-08T20:15:47","date_gmt":"2025-08-08T23:15:47","guid":{"rendered":"https:\/\/www.appoloviracel.com.uy\/?post_type=product&#038;p=44135"},"modified":"2025-10-01T19:22:45","modified_gmt":"2025-10-01T22:22:45","slug":"auricular-jbl-wave-beam2-bluetooth","status":"publish","type":"product","link":"https:\/\/www.appoloviracel.com.uy\/index.php\/product\/auricular-jbl-wave-beam2-bluetooth\/","title":{"rendered":"Auricular JBL \u00abWave Beam2\u00bb (Bluetooth)"},"content":{"rendered":"<h2><strong>Caracter\u00edsticas y especificaciones:<\/strong><\/h2>\n<p>El JBL Wave Beam 2 lleg\u00f3 para revolucionar la forma de disfrutar la m\u00fasica, las llamadas y todo lo que implica sonido de calidad. Si est\u00e1s buscando auriculares que ofrezcan graves potentes, funciones pr\u00e1cticas y una bater\u00eda de larga duraci\u00f3n, \u00a1preparate para conocer a un socio de audio completo!<\/p>\n<p>Sum\u00e9rgete en un sonido puro y claro con los auriculares inal\u00e1mbricos JBL Wave Beam 2. Gracias a la cancelaci\u00f3n activa de ruido y al modo Smart Ambient, podr\u00e1s aislarte del mundo exterior o estar al tanto de lo que te rodea. Su dise\u00f1o c\u00f3modo y ligero, junto con una bater\u00eda de larga duraci\u00f3n, hacen de estos auriculares el compa\u00f1ero ideal para tu d\u00eda a d\u00eda.<\/p>\n<ul>\n<li>Disponible en color Rosa y Negro<\/li>\n<li>Tama\u00f1o del controlador: 8 mm\/0,3 pulg.<\/li>\n<li>Temperatura m\u00e1xima de funcionamiento: 45 \u00b0C<\/li>\n<li>Fuente de alimentaci\u00f3n: 5 V 1 A<\/li>\n<li>Audio: Respuesta de frecuencia: 20 Hz a 20 kHz; Impedancia: 16 ohmios; Sensibilidad: 100 dB SPL a 1 kHz; SPL m\u00e1ximo: 95 dB; Sensibilidad del micr\u00f3fono: -38 dBV\/Pa a 1 kHz<\/li>\n<li>Control y conexi\u00f3n: Versi\u00f3n de Bluetooth: 5.3; Versi\u00f3n del perfil Bluetooth: A2DP V1.4, AVRCP V1.6.2, HFP V1.8; Rango de frecuencia del transmisor Bluetooth: 2,4 GHz a 2,4835 GHz; Potencia del transmisor Bluetooth: &lt; 12 dBm (EIRP); Modulaci\u00f3n del transmisor Bluetooth: GFSK, \u03c0\/4-DQPSK, 8DPSK<\/li>\n<li>Bater\u00eda: Tipo de bater\u00eda de los auriculares: bater\u00eda de iones de litio (50 mAh\/3,85 V); Tipo de bater\u00eda del estuche de carga: Bater\u00eda de iones de litio (550 mAh\/3,7 V); Tiempo de recarga: dos horas para una recarga completa; Tiempo de reproducci\u00f3n con Bluetooth activado y cancelaci\u00f3n activa de ruido desactivada: hasta 10 horas; Tiempo de reproducci\u00f3n con Bluetooth y cancelaci\u00f3n activa de ruido activada: hasta 8 horas; Tiempo de conversaci\u00f3n con cancelaci\u00f3n activa de ruido desactivada: hasta 6 horas; Tiempo de conversaci\u00f3n con cancelaci\u00f3n de ruido activa activada: hasta 5,5 horas<\/li>\n<li>Dimensiones del auricular: 32,4 * 22 * 23,3 mm<\/li>\n<\/ul>\n<p><strong>\u00a0<\/strong><\/p>\n<h5><strong>*Las im\u00e1genes son a modo ilustrativo.<\/strong><\/h5>\n","protected":false},"excerpt":{"rendered":"<h3><span style=\"color: #339966;\"><strong>U$S 79<\/strong><\/span><\/h3>\n","protected":false},"featured_media":44136,"comment_status":"open","ping_status":"closed","template":"","meta":[],"_links":{"self":[{"href":"https:\/\/www.appoloviracel.com.uy\/index.php\/wp-json\/wp\/v2\/product\/44135"}],"collection":[{"href":"https:\/\/www.appoloviracel.com.uy\/index.php\/wp-json\/wp\/v2\/product"}],"about":[{"href":"https:\/\/www.appoloviracel.com.uy\/index.php\/wp-json\/wp\/v2\/types\/product"}],"replies":[{"embeddable":true,"href":"https:\/\/www.appoloviracel.com.uy\/index.php\/wp-json\/wp\/v2\/comments?post=44135"}],"wp:featuredmedia":[{"embeddable":true,"href":"https:\/\/www.appoloviracel.com.uy\/index.php\/wp-json\/wp\/v2\/media\/44136"}],"wp:attachment":[{"href":"https:\/\/www.appoloviracel.com.uy\/index.php\/wp-json\/wp\/v2\/media?parent=44135"}],"curies":[{"name":"wp","href":"https:\/\/api.w.org\/{rel}","templated":true}]}}