{"id":44131,"date":"2025-08-07T19:28:57","date_gmt":"2025-08-07T22:28:57","guid":{"rendered":"https:\/\/www.appoloviracel.com.uy\/?post_type=product&#038;p=44131"},"modified":"2025-09-30T13:18:08","modified_gmt":"2025-09-30T16:18:08","slug":"celular-honor-play-9a-256gb-4gb","status":"publish","type":"product","link":"https:\/\/www.appoloviracel.com.uy\/index.php\/product\/celular-honor-play-9a-256gb-4gb\/","title":{"rendered":"Celular Honor \u00abPlay 9A\u00bb (256Gb-4Gb)"},"content":{"rendered":"<h2>Caracter\u00edsticas y especificaciones:<\/h2>\n<p>El\u00a0<strong>Honor Play 9A 256GB + 4GB RAM<\/strong>\u00a0es un smartphone potente y equilibrado, ideal para quienes buscan un gran almacenamiento, bater\u00eda de larga duraci\u00f3n y una experiencia fluida en el d\u00eda a d\u00eda. Con su pantalla envolvente y sistema de audio mejorado, es perfecto para entretenimiento y productividad.<\/p>\n<ul>\n<li>Pantalla: HD+ de 6.3\u201d: Disfruta de im\u00e1genes n\u00edtidas y colores vibrantes.<\/li>\n<li>4GB de RAM + 256GB de almacenamiento: Guarda todas tus fotos, apps y videos sin preocuparte por el espacio.<\/li>\n<li>Bater\u00eda: 5.000mAh: Usa tu tel\u00e9fono durante todo el d\u00eda sin necesidad de recargar.<\/li>\n<li>C\u00e1mara: dual de 13MP + 2MP: Captura fotos con gran calidad y efecto bokeh para retratos incre\u00edbles.<\/li>\n<li>Sonido envolvente con Huawei Histen 6.0: Audio potente y claro para una mejor experiencia multimedia.<\/li>\n<li>Seguridad avanzada: Desbloqueo facial y sensor de huellas para mayor protecci\u00f3n y comodidad.<\/li>\n<li>Con el Honor Play 9A 256GB + 4GB RAM, disfruta de un smartphone confiable, con gran autonom\u00eda y almacenamiento suficiente para todo lo que necesitas.<\/li>\n<li>Se incluyen los siguientes accesorios: <strong>Cargador y Manual<\/strong><\/li>\n<li><strong>Garant\u00eda:<\/strong> 12 meses contra defecto de fabricaci\u00f3n<\/li>\n<\/ul>\n<p>&nbsp;<\/p>\n<h3><span style=\"color: #ff0000;\"><strong>Contado efectivo: 10% de Descuento<\/strong><\/span><\/h3>\n<h5><strong>*Las im\u00e1genes son a modo ilustrativo.<\/strong><\/h5>\n","protected":false},"excerpt":{"rendered":"<h3><span style=\"color: #339966;\"><strong>U$S 159<\/strong><\/span><\/h3>\n","protected":false},"featured_media":44132,"comment_status":"open","ping_status":"closed","template":"","meta":[],"_links":{"self":[{"href":"https:\/\/www.appoloviracel.com.uy\/index.php\/wp-json\/wp\/v2\/product\/44131"}],"collection":[{"href":"https:\/\/www.appoloviracel.com.uy\/index.php\/wp-json\/wp\/v2\/product"}],"about":[{"href":"https:\/\/www.appoloviracel.com.uy\/index.php\/wp-json\/wp\/v2\/types\/product"}],"replies":[{"embeddable":true,"href":"https:\/\/www.appoloviracel.com.uy\/index.php\/wp-json\/wp\/v2\/comments?post=44131"}],"wp:featuredmedia":[{"embeddable":true,"href":"https:\/\/www.appoloviracel.com.uy\/index.php\/wp-json\/wp\/v2\/media\/44132"}],"wp:attachment":[{"href":"https:\/\/www.appoloviracel.com.uy\/index.php\/wp-json\/wp\/v2\/media?parent=44131"}],"curies":[{"name":"wp","href":"https:\/\/api.w.org\/{rel}","templated":true}]}}