{"id":44108,"date":"2025-08-01T22:10:45","date_gmt":"2025-08-02T01:10:45","guid":{"rendered":"https:\/\/www.appoloviracel.com.uy\/?post_type=product&#038;p=44108"},"modified":"2025-12-04T10:18:10","modified_gmt":"2025-12-04T13:18:10","slug":"celular-samsung-galaxy-s24-fe-512gb-8gb","status":"publish","type":"product","link":"https:\/\/www.appoloviracel.com.uy\/index.php\/product\/celular-samsung-galaxy-s24-fe-512gb-8gb\/","title":{"rendered":"Celular Samsung \u00abGalaxy s24FE\u00bb (512Gb-8Gb)"},"content":{"rendered":"<h2>Caracter\u00edsticas y especificaciones:<\/h2>\n<p>El <strong>Samsung Galaxy S24 FE<\/strong> llega este a\u00f1o potenciado por un procesador Exynos 2400e junto con 8GB de RAM y hasta 512GB de almacenamiento. Su c\u00e1mara triple est\u00e1 liderada por un sensor de 50MP con OIS, tiene una bater\u00eda de 4.700 mAh con soporte para carga r\u00e1pida tanto por cable como inal\u00e1mbrica, tiene una pantalla AMOLED de 6.7 pulgadas con refresco de 120Hz, lector de huellas, parlantes stereo, resistencia al agua y corre Android 14.<\/p>\n<ul>\n<li>Pantalla: 6.7&#8243;, 1080 * 2340 pixeles<\/li>\n<li>Procesador: Exynos 2400e 3.1GHz<\/li>\n<li>Memoria RAM: 8GB<\/li>\n<li>Almacenamiento: 512GB<\/li>\n<li>Expansi\u00f3n: sin microSD<\/li>\n<li>C\u00e1mara: Triple, 50MP+12MP +8MP<\/li>\n<li>Bater\u00eda: 4.700 mAh<\/li>\n<li>OS: Android 14<\/li>\n<li>Perfil: 8 mm<\/li>\n<li>Peso: 213 grs.<\/li>\n<li>Se incluyen los siguientes accesorios: <strong>Cargador y Manual<\/strong><\/li>\n<li><strong>Garant\u00eda:<\/strong> 12 meses contra defecto de fabricaci\u00f3n<\/li>\n<\/ul>\n<h4><\/h4>\n<h4><span style=\"color: #ff0000;\"><strong>Contado efectivo: 10% de Descuento<\/strong><\/span><\/h4>\n<h5><strong>*Las im\u00e1genes son a modo ilustrativo.<\/strong><\/h5>\n","protected":false},"excerpt":{"rendered":"<h3><span style=\"color: #339966;\"><strong>U$S 799<\/strong><\/span><\/h3>\n","protected":false},"featured_media":44109,"comment_status":"open","ping_status":"closed","template":"","meta":[],"_links":{"self":[{"href":"https:\/\/www.appoloviracel.com.uy\/index.php\/wp-json\/wp\/v2\/product\/44108"}],"collection":[{"href":"https:\/\/www.appoloviracel.com.uy\/index.php\/wp-json\/wp\/v2\/product"}],"about":[{"href":"https:\/\/www.appoloviracel.com.uy\/index.php\/wp-json\/wp\/v2\/types\/product"}],"replies":[{"embeddable":true,"href":"https:\/\/www.appoloviracel.com.uy\/index.php\/wp-json\/wp\/v2\/comments?post=44108"}],"wp:featuredmedia":[{"embeddable":true,"href":"https:\/\/www.appoloviracel.com.uy\/index.php\/wp-json\/wp\/v2\/media\/44109"}],"wp:attachment":[{"href":"https:\/\/www.appoloviracel.com.uy\/index.php\/wp-json\/wp\/v2\/media?parent=44108"}],"curies":[{"name":"wp","href":"https:\/\/api.w.org\/{rel}","templated":true}]}}