{"id":44092,"date":"2025-07-29T17:27:30","date_gmt":"2025-07-29T20:27:30","guid":{"rendered":"https:\/\/www.appoloviracel.com.uy\/?post_type=product&#038;p=44092"},"modified":"2025-09-22T18:34:03","modified_gmt":"2025-09-22T21:34:03","slug":"transmisor-proove-luxor-se-36w-fm-para-auto","status":"publish","type":"product","link":"https:\/\/www.appoloviracel.com.uy\/index.php\/product\/transmisor-proove-luxor-se-36w-fm-para-auto\/","title":{"rendered":"Transmisor Proove \u00abLuxor SE\u00bb 36w FM para auto"},"content":{"rendered":"<h2><\/h2>\n<h2>Caracter\u00edsticas y especificaciones:<\/h2>\n<ul>\n<li>Tocando m\u00fasica: Para disfrutar de sus pistas favoritas, s\u00f3lo tienes que conectar tu smartphone a trav\u00e9s de Bluetooth 5.3. El soporte para formatos de audio populares como WMA, MP3, WAV, APE y FLAC garantiza una excelente calidad de sonido. El transmisor FM proporciona una transmisi\u00f3n estable de hasta 108 MHz, lo que le permite escuchar m\u00fasica en cualquier estaci\u00f3n de radio de coche.<\/li>\n<li>Dispositivos de carga: El transmisor est\u00e1 equipado con potentes puertos Tipo-C y USB para la carga r\u00e1pida de sus dispositivos. La salida Tipo-C admite potencia hasta 36W, lo que le permite cargar tel\u00e9fonos inteligentes, tabletas y otros aparatos a una velocidad incre\u00edble. El soporte para protocolos de carga r\u00e1pida garantiza la versatilidad y la eficiencia de carga.<\/li>\n<li>Gesti\u00f3n: El control conveniente se realiza utilizando botones intuitivos ubicados en el cuerpo del transmisor. Una interfaz simple y clara le permite cambiar r\u00e1pidamente las pistas, ajustar las frecuencias FM, sin distraerse de conducir un coche.<\/li>\n<\/ul>\n<p>&nbsp;<\/p>\n<ul>\n<li>Apoyo de audio: WMA, MP3, WAV, APE, FLAC<\/li>\n<li>Versi\u00f3n Bluetooth: 5.3<\/li>\n<li>Color: Gray<\/li>\n<li>FOS compatibles: iOS, Android<\/li>\n<li>Distancia de conexi\u00f3n: hasta 10m<\/li>\n<li>Protocolos de tarificaci\u00f3n r\u00e1pidos: QC3.0, PD, AFC, FCP, BC1.2, Apple 2.4A<\/li>\n<li>Frecuencia FM: 87,5-108MHz<\/li>\n<li>Entrada: CC 12\/24V<\/li>\n<li>Material: ABS<\/li>\n<li>Potencia m\u00e1xima: 36W<\/li>\n<li>Producto: Tipo-C, USB<\/li>\n<li>Tama\u00f1o del producto: 78 * 46 * 42mm<\/li>\n<li>Salida tipo-C: DC 5V\/3A, 9V\/3A, 12V\/3A (36W)<\/li>\n<li>Producci\u00f3n USB: DC 5V\/3A, 9V\/2A, 12V\/1.5A (18W)<\/li>\n<li>Peso: 39grs<\/li>\n<\/ul>\n<p>&nbsp;<\/p>\n<h5><strong>\u00a0*Las im\u00e1genes son a modo ilustrativo.<\/strong><\/h5>\n","protected":false},"excerpt":{"rendered":"<h3><strong><span style=\"font-family: 'Cambria','serif'; color: #339966;\">$ 850<\/span><\/strong><\/h3>\n","protected":false},"featured_media":44093,"comment_status":"open","ping_status":"closed","template":"","meta":[],"_links":{"self":[{"href":"https:\/\/www.appoloviracel.com.uy\/index.php\/wp-json\/wp\/v2\/product\/44092"}],"collection":[{"href":"https:\/\/www.appoloviracel.com.uy\/index.php\/wp-json\/wp\/v2\/product"}],"about":[{"href":"https:\/\/www.appoloviracel.com.uy\/index.php\/wp-json\/wp\/v2\/types\/product"}],"replies":[{"embeddable":true,"href":"https:\/\/www.appoloviracel.com.uy\/index.php\/wp-json\/wp\/v2\/comments?post=44092"}],"wp:featuredmedia":[{"embeddable":true,"href":"https:\/\/www.appoloviracel.com.uy\/index.php\/wp-json\/wp\/v2\/media\/44093"}],"wp:attachment":[{"href":"https:\/\/www.appoloviracel.com.uy\/index.php\/wp-json\/wp\/v2\/media?parent=44092"}],"curies":[{"name":"wp","href":"https:\/\/api.w.org\/{rel}","templated":true}]}}