{"id":4409,"date":"2021-03-08T17:01:20","date_gmt":"2021-03-08T20:01:20","guid":{"rendered":"https:\/\/www.appoloviracel.com.uy\/?post_type=product&#038;p=4409"},"modified":"2021-10-20T19:26:08","modified_gmt":"2021-10-20T22:26:08","slug":"samsung-galaxy-a02-64gb-3gb","status":"publish","type":"product","link":"https:\/\/www.appoloviracel.com.uy\/index.php\/product\/samsung-galaxy-a02-64gb-3gb\/","title":{"rendered":"Celular Samsung \u00abGalaxy A02\u00bb (64Gb-3Gb)"},"content":{"rendered":"<h4><strong>Caracter\u00edsticas y especificaciones<\/strong><\/h4>\n<p>La gama m\u00e1s b\u00e1sica de Samsung renueva su plantel de tel\u00e9fonos con el Samsung Galaxy A02, un m\u00f3vil accesible con lo justo para un uso habitual. <strong>Pantalla de gran diagonal, bater\u00eda de buen tama\u00f1o<\/strong> y con carencias notorias, como la ausencia de esc\u00e1ner de huellas.<\/p>\n<p>Hablar de Samsung en 2021 equivale a mencionar los <a href=\"https:\/\/www.xataka.com\/analisis\/samsung-galaxy-s21-s21-plus-s21-ultra-opiniones-toma-contacto-video-fotos\">Samsung Galaxy S21<\/a>, unos tel\u00e9fonos que se sit\u00faan en lo m\u00e1s alto del cat\u00e1logo del fabricante. Pero <strong>tambi\u00e9n hay vida en el otro extremo, el de los m\u00f3viles m\u00e1s contenidos<\/strong>. Es ah\u00ed donde se sit\u00faa la nueva propuesta del fabricante surcoreano: el Samsung Galaxy A02 llega para ampliar las opciones a quien busca lo m\u00e1s econ\u00f3mico.<\/p>\n<ul>\n<li>Pantalla: 6,5&#8243; HD+ TFT<\/li>\n<li>Procesador: Quad-Core, (4 x 1,5 GHz)<\/li>\n<li>Memoria: 3Gb<\/li>\n<li>Almacenamiento: 64Gb<\/li>\n<li>Tarjeta SD: de hasta 1Tb<\/li>\n<li>C\u00e1maras traseras: Principal: 13 megap\u00edxeles, f\/1.9.- Macro: 2 MP, f\/2.4<\/li>\n<li>C\u00e1mara frontal: 5 megap\u00edxeles, f\/2.0<\/li>\n<li>Bater\u00eda: 5.000 mAh<\/li>\n<li>Carga de: 7,5 W<\/li>\n<li>Otros:Conectividad LTE, Dolby Atmos, bandeja triple: 2 SIMs + SD<\/li>\n<li>Dimensiones: 75,9 * 164 * 9,1 mm.<\/li>\n<li>Peso: 206 grs.<\/li>\n<li>Se incluyen los siguientes accesorios: Cargador y Manual<\/li>\n<li><strong>Garant\u00eda:<\/strong> 12 meses contra defecto de fabricaci\u00f3n<\/li>\n<\/ul>\n<p><strong>\u00a0<\/strong><strong>\u00a0<\/strong><\/p>\n<h4><span style=\"color: #ff0000;\"><strong>Contado efectivo: 10% de Descuento<\/strong><\/span><\/h4>\n<h5><strong>*Las im\u00e1genes son a modo ilustrativo.<\/strong><\/h5>\n","protected":false},"excerpt":{"rendered":"<h3><span style=\"color: #339966;\"><strong>U$S 210<\/strong><\/span><\/h3>\n","protected":false},"featured_media":4410,"comment_status":"open","ping_status":"closed","template":"","meta":[],"_links":{"self":[{"href":"https:\/\/www.appoloviracel.com.uy\/index.php\/wp-json\/wp\/v2\/product\/4409"}],"collection":[{"href":"https:\/\/www.appoloviracel.com.uy\/index.php\/wp-json\/wp\/v2\/product"}],"about":[{"href":"https:\/\/www.appoloviracel.com.uy\/index.php\/wp-json\/wp\/v2\/types\/product"}],"replies":[{"embeddable":true,"href":"https:\/\/www.appoloviracel.com.uy\/index.php\/wp-json\/wp\/v2\/comments?post=4409"}],"wp:featuredmedia":[{"embeddable":true,"href":"https:\/\/www.appoloviracel.com.uy\/index.php\/wp-json\/wp\/v2\/media\/4410"}],"wp:attachment":[{"href":"https:\/\/www.appoloviracel.com.uy\/index.php\/wp-json\/wp\/v2\/media?parent=4409"}],"curies":[{"name":"wp","href":"https:\/\/api.w.org\/{rel}","templated":true}]}}