{"id":44084,"date":"2025-07-28T18:14:02","date_gmt":"2025-07-28T21:14:02","guid":{"rendered":"https:\/\/www.appoloviracel.com.uy\/?post_type=product&#038;p=44084"},"modified":"2025-09-20T19:26:55","modified_gmt":"2025-09-20T22:26:55","slug":"cable-proove-dense-metal-60w-type-c-to-type-c-1-metro","status":"publish","type":"product","link":"https:\/\/www.appoloviracel.com.uy\/index.php\/product\/cable-proove-dense-metal-60w-type-c-to-type-c-1-metro\/","title":{"rendered":"Cable Proove \u00abDense Metal\u00bb 60w Type-C to Type-C (1 metro)"},"content":{"rendered":"<h2>Caracter\u00edsticas y especificaciones:<\/h2>\n<ul>\n<li>Marca Proove<\/li>\n<li>Tipo de conector: USB a Lightning, USB tipo C, USB a tipo C, USB a micro USB, tipo C a Lightning<\/li>\n<li>Tipo de cable: tipo C a tipo C, tipo C a Lightning, USB a tipo C, USB a USB, USB a micro USB<\/li>\n<li>Dispositivos compatibles: Laptops, parlantes \u00a0Bluetooth, controles de juegos y m\u00e1s, tel\u00e9fonos inteligentes, tabletas, lectores electr\u00f3nicos, relojes inteligentes, bater\u00edas port\u00e1tiles, estuches para aud\u00edfonos inal\u00e1mbricos<\/li>\n<li>Caracter\u00edsticas especiales: Trenzado, Transferencia de datos, Alta velocidad, Carga r\u00e1pida, Dise\u00f1o de metal denso<\/li>\n<li>Modelos de tel\u00e9fono compatibles: Tipo-C a Tipo-C 60W: Samsung Galaxy S21, S22, S23 series Google Pixel 6, 7 series OnePlus 9, 10 series Xiaomi Mi 11, 12 series Huawei P40, P50 series Cualquier otro dispositivo con un puerto Tipo-C Tipo-C a Lightning 27W:, iPhone 5 y modelos posteriores (iPhone 5, 6, 7, 8, X, XR, XS, 11, 12, 13, 14 series) iPad (4.\u00aa generaci\u00f3n y posteriores) iPad mini (1.\u00aa generaci\u00f3n y posteriores) iPad Air (1.\u00aa generaci\u00f3n y posteriores) iPad Pro (1.\u00aa generaci\u00f3n y posteriores) AirPods, AirPods Pro, iPhone 8 y modelos posteriores (iPhone 8, X, XR, XS, 11, 12, 13, 14 series) iPad Pro (2018 y posteriores) iPad Air (3.\u00aa generaci\u00f3n y posteriores) iPad mini (5.\u00aa generaci\u00f3n y posteriores) AirPods Pro, AirPods (3.\u00aa generaci\u00f3n generaci\u00f3n) Micro USB 2.4A:, Samsung Galaxy S7, S6, S5 series HTC One M8, M9 LG G4, G3 Motorola Moto G, Moto E series Sony Xperia Z3, Z2 Cualquier otro dispositivo con un puerto Micro USB Lightning 2.4A:<\/li>\n<li>Usos recomendados del producto: Cargar dispositivos como tel\u00e9fonos inteligentes, tabletas y computadoras port\u00e1tiles, transferir datos entre dispositivos, conectar perif\u00e9ricos como teclados, ratones e impresoras, sincronizar datos entre un dispositivo y una computadora, actualizar el firmware de los dispositivos, conectarse a dispositivos de almacenamiento externos, usar como fuente de energ\u00eda para ciertos dispositivos.<\/li>\n<li>Velocidad de transferencia de datos: 480 megabits por segundo<\/li>\n<\/ul>\n<h6><\/h6>\n<h6>Acerca de este art\u00edculo<\/h6>\n<ul>\n<li>CABLE THUNDERBOLT: Cable USB Tipo-C a Tipo-C premium con construcci\u00f3n de nailon trenzado para una mayor durabilidad<\/li>\n<li>CARGA R\u00c1PIDA: Admite una entrega r\u00e1pida de energ\u00eda de hasta 100 W para una carga r\u00e1pida y eficiente de dispositivos<\/li>\n<li>TRANSFERENCIA DE DATOS: Capacidad de transmisi\u00f3n de datos de alta velocidad para una transferencia fluida de archivos entre dispositivos compatibles<\/li>\n<li>DISE\u00d1O DURADERO: Conectores reforzados y cable trenzado antienredos con alivio de tensi\u00f3n para una mayor vida \u00fatil<\/li>\n<li>COMPATIBILIDAD: Conectividad USB-C universal compatible con laptops, tabletas, tel\u00e9fonos inteligentes y otros dispositivos Tipo-C<\/li>\n<\/ul>\n<p>&nbsp;<\/p>\n<h5><strong>*Las im\u00e1genes son a modo ilustrativo.<\/strong><\/h5>\n","protected":false},"excerpt":{"rendered":"<h3><span style=\"color: #339966;\">$ 290<\/span><\/h3>\n","protected":false},"featured_media":44085,"comment_status":"open","ping_status":"closed","template":"","meta":[],"_links":{"self":[{"href":"https:\/\/www.appoloviracel.com.uy\/index.php\/wp-json\/wp\/v2\/product\/44084"}],"collection":[{"href":"https:\/\/www.appoloviracel.com.uy\/index.php\/wp-json\/wp\/v2\/product"}],"about":[{"href":"https:\/\/www.appoloviracel.com.uy\/index.php\/wp-json\/wp\/v2\/types\/product"}],"replies":[{"embeddable":true,"href":"https:\/\/www.appoloviracel.com.uy\/index.php\/wp-json\/wp\/v2\/comments?post=44084"}],"wp:featuredmedia":[{"embeddable":true,"href":"https:\/\/www.appoloviracel.com.uy\/index.php\/wp-json\/wp\/v2\/media\/44085"}],"wp:attachment":[{"href":"https:\/\/www.appoloviracel.com.uy\/index.php\/wp-json\/wp\/v2\/media?parent=44084"}],"curies":[{"name":"wp","href":"https:\/\/api.w.org\/{rel}","templated":true}]}}