{"id":44053,"date":"2025-07-22T18:43:36","date_gmt":"2025-07-22T21:43:36","guid":{"rendered":"https:\/\/www.appoloviracel.com.uy\/?post_type=product&#038;p=44053"},"modified":"2025-08-18T20:30:59","modified_gmt":"2025-08-18T23:30:59","slug":"celular-honor-magic-7-lite-512gb-8gb","status":"publish","type":"product","link":"https:\/\/www.appoloviracel.com.uy\/index.php\/product\/celular-honor-magic-7-lite-512gb-8gb\/","title":{"rendered":"Celular Honor \u00abMagic7 Lite\u00bb (512Gb-8Gb)"},"content":{"rendered":"<h2>Caracter\u00edsticas y especificaciones:<\/h2>\n<p>El <strong>Honor Magic 7 Lite<\/strong> completa la serie Magic 7 ofreciendo una pantalla pantalla AMOLED de 6.78 pulgadas, un procesador Snapdragon 6 Gen 1 con 8GB de RAM y 512GB de almacenamiento, una c\u00e1mara dual con sensor principal de 108MP con OIS, una bater\u00eda de 6.600 mAh con soporte para carga r\u00e1pida, parlantes stereo, resistencia al agua, y lector de huellas bajo la pantalla.<\/p>\n<ul>\n<li>Pantalla: 6.78&#8243;, 1224 * 2700 pixeles<\/li>\n<li>Procesador: Snapdragon 6 Gen 1 2.2GHz<\/li>\n<li>Memoria RAM: 8GB<\/li>\n<li>Almacenamiento: 512GB<\/li>\n<li>Expansi\u00f3n: sin microSD<\/li>\n<li>C\u00e1mara: Dual, 108MP+5MP<\/li>\n<li>Bater\u00eda: 6.600 mAh<\/li>\n<li>OS: Android 14<\/li>\n<li>Perfil: 8 mm<\/li>\n<li>Peso: 189 grs.<\/li>\n<li>Se incluyen los siguientes accesorios: <strong>Cargador y Manual<\/strong><\/li>\n<li><strong>Garant\u00eda:<\/strong> 12 meses contra defecto de fabricaci\u00f3n<\/li>\n<\/ul>\n<p>&nbsp;<\/p>\n<h3><span style=\"color: #ff0000;\"><strong>Contado efectivo: 10% de Descuento<\/strong><\/span><\/h3>\n<h5><strong>*Las im\u00e1genes son a modo ilustrativo.<\/strong><\/h5>\n","protected":false},"excerpt":{"rendered":"<h3><span style=\"color: #339966;\"><strong>U$S 529<\/strong><\/span><\/h3>\n","protected":false},"featured_media":44054,"comment_status":"open","ping_status":"closed","template":"","meta":[],"_links":{"self":[{"href":"https:\/\/www.appoloviracel.com.uy\/index.php\/wp-json\/wp\/v2\/product\/44053"}],"collection":[{"href":"https:\/\/www.appoloviracel.com.uy\/index.php\/wp-json\/wp\/v2\/product"}],"about":[{"href":"https:\/\/www.appoloviracel.com.uy\/index.php\/wp-json\/wp\/v2\/types\/product"}],"replies":[{"embeddable":true,"href":"https:\/\/www.appoloviracel.com.uy\/index.php\/wp-json\/wp\/v2\/comments?post=44053"}],"wp:featuredmedia":[{"embeddable":true,"href":"https:\/\/www.appoloviracel.com.uy\/index.php\/wp-json\/wp\/v2\/media\/44054"}],"wp:attachment":[{"href":"https:\/\/www.appoloviracel.com.uy\/index.php\/wp-json\/wp\/v2\/media?parent=44053"}],"curies":[{"name":"wp","href":"https:\/\/api.w.org\/{rel}","templated":true}]}}