{"id":44023,"date":"2025-07-15T21:09:10","date_gmt":"2025-07-16T00:09:10","guid":{"rendered":"https:\/\/www.appoloviracel.com.uy\/?post_type=product&#038;p=44023"},"modified":"2025-08-07T19:33:41","modified_gmt":"2025-08-07T22:33:41","slug":"smartwatch-xiaomi-mibro-a3-gps","status":"publish","type":"product","link":"https:\/\/www.appoloviracel.com.uy\/index.php\/product\/smartwatch-xiaomi-mibro-a3-gps\/","title":{"rendered":"Smartwatch Xiaomi \u00abMibro A3\u00bb GPS"},"content":{"rendered":"<h2>Caracter\u00edsticas y especificaciones:<\/h2>\n<ul>\n<li>Monitoreo integral de la salud<\/li>\n<li>Frecuencia card\u00edaca 4PD actualizada 24\/7, SpO2, sue\u00f1o, monitoreo del estr\u00e9s y entrenamiento respiratorio.<\/li>\n<li>Desbloquea m\u00faltiples modos de entrenamiento<\/li>\n<li>Se conecta al GPS de tu tel\u00e9fono para visualizar tus entrenamientos.<\/li>\n<li>Resistente al agua hasta 2 ATM con m\u00e1s de 100 modos deportivos especializados.<\/li>\n<li>Asistente de vida inteligente<\/li>\n<li>Compatible con llamadas Bluetooth, SMS, el clima, alarmas y m\u00e1s recordatorios diarios.<\/li>\n<li>Pantalla HD de 1.39&#8243; con 391 ppp, que ofrece colores vibrantes e im\u00e1genes n\u00edtidas.<\/li>\n<li>Bater\u00eda de larga duraci\u00f3n: Hasta 8 d\u00edas en modo diario y\u00a0 hasta 45 d\u00edas en modo b\u00e1sico; 4.5 horas de reproducci\u00f3n de m\u00fasica; Modo GPS: 15 horas<\/li>\n<li>Tipo de carga: magn\u00e9tica<\/li>\n<li>Tama\u00f1o de la correa: Ancho: 22 mm, Longitud desplegada: 265 mm<\/li>\n<li>Peso: 29 g (sin correa), 45 g (con correa de silicona)<\/li>\n<li>Material: Aleaci\u00f3n de aluminio + PC y 20 % de fibra de vidrio<\/li>\n<li>Pantalla: 1,39&#8243; IPS 360*360<\/li>\n<li>Bluetooth: \u00a0V5.3<\/li>\n<li>Posicionamiento por sat\u00e9lite: GPS\/Beidou\/GLONASS\/Galileo\/QZSS<\/li>\n<li>Frecuencia card\u00edaca: PPG\/Ox\u00edgeno en sangre\/Acumulador<\/li>\n<li>Impermeabilidad: 2 ATM<\/li>\n<li>Temperatura de trabajo: \u00a00\u00b0C a 45\u00b0C<\/li>\n<li>Garant\u00eda: 3 meses contra defecto de fabricaci\u00f3n<\/li>\n<\/ul>\n<h4><\/h4>\n<h4><span style=\"color: #ff0000;\"><strong>* La garant\u00eda no cubre falla que se pueda dar por un uso intensivo.<\/strong><\/span><\/h4>\n<h5><strong>\u00a0<\/strong><strong>*Las im\u00e1genes son a modo ilustrativo<\/strong><\/h5>\n","protected":false},"excerpt":{"rendered":"<h3><strong><span style=\"font-family: 'Cambria','serif'; color: #339966;\">$ 2.890\u00a0\u00a0<\/span><\/strong><\/h3>\n","protected":false},"featured_media":44024,"comment_status":"open","ping_status":"closed","template":"","meta":[],"_links":{"self":[{"href":"https:\/\/www.appoloviracel.com.uy\/index.php\/wp-json\/wp\/v2\/product\/44023"}],"collection":[{"href":"https:\/\/www.appoloviracel.com.uy\/index.php\/wp-json\/wp\/v2\/product"}],"about":[{"href":"https:\/\/www.appoloviracel.com.uy\/index.php\/wp-json\/wp\/v2\/types\/product"}],"replies":[{"embeddable":true,"href":"https:\/\/www.appoloviracel.com.uy\/index.php\/wp-json\/wp\/v2\/comments?post=44023"}],"wp:featuredmedia":[{"embeddable":true,"href":"https:\/\/www.appoloviracel.com.uy\/index.php\/wp-json\/wp\/v2\/media\/44024"}],"wp:attachment":[{"href":"https:\/\/www.appoloviracel.com.uy\/index.php\/wp-json\/wp\/v2\/media?parent=44023"}],"curies":[{"name":"wp","href":"https:\/\/api.w.org\/{rel}","templated":true}]}}