{"id":44017,"date":"2025-07-14T18:54:40","date_gmt":"2025-07-14T21:54:40","guid":{"rendered":"https:\/\/www.appoloviracel.com.uy\/?post_type=product&#038;p=44017"},"modified":"2025-08-06T20:17:56","modified_gmt":"2025-08-06T23:17:56","slug":"night-lamp-proove-glow-15w","status":"publish","type":"product","link":"https:\/\/www.appoloviracel.com.uy\/index.php\/product\/night-lamp-proove-glow-15w\/","title":{"rendered":"Night Lamp Proove \u00abGlow\u00bb 15w"},"content":{"rendered":"<h2>Caracter\u00edsticas y especificaciones:<\/h2>\n<ul>\n<li>Proove L\u00e1mpara de noche que resplandece<\/li>\n<li>Night Lamp Prove Glow tiene un dise\u00f1o moderno y sofisticado que complementar\u00e1 a la perfecci\u00f3n cualquier interior. La apariencia de la l\u00e1mpara crea un ambiente de calma y confort.<\/li>\n<li>Funcionalidad: La l\u00e1mpara est\u00e1 equipada con caracter\u00edsticas avanzadas que le permiten personalizar una iluminaci\u00f3n agradable y c\u00f3moda a sus necesidades. Su tama\u00f1o compacto y agradables tonos claros hacen de Proove Glow la adici\u00f3n perfecta a cualquier dormitorio o sala de estar.<\/li>\n<li>Confort: La luz est\u00e1 dise\u00f1ada para la m\u00e1xima comodidad del usuario. Su luz suave crea un ambiente tranquilo y acogedor, ideal para relajarse antes de acostarse.<\/li>\n<li>Dise\u00f1o: La l\u00e1mpara de noche Prove Glow presenta un dise\u00f1o moderno y sofisticado que se adapta a la perfecci\u00f3n a cualquier interior. Su apariencia crea una atm\u00f3sfera de calma y confort.<\/li>\n<li>Brillo personalizable: Iluminaci\u00f3n suave ajustable para crear el ambiente relajante perfecto<\/li>\n<li>Compacto y vers\u00e1til: Encaja sin esfuerzo en dormitorios o salas de estar para una iluminaci\u00f3n de humor acogedora<\/li>\n<li>Iluminaci\u00f3n de amistad del sue\u00f1o: Luz suave dise\u00f1ada para relajarte y facilitarte el sue\u00f1o<\/li>\n<\/ul>\n<ul>\n<li>Battery capacity: 1.200mAh<\/li>\n<li>Color of light: Warm white+RGB<\/li>\n<li>Color temperature: 3.500K<\/li>\n<li>Functions: Wireless charging, night light (2 light modes), touch control, brightness control<\/li>\n<li>LEDs: 30 pcs<\/li>\n<li>Power: 5W<\/li>\n<li>Type-C input: 5V\/3A, 9V\/2.1A<\/li>\n<li>Wireless charging: 5W\/7.5W\/10W\/15W<\/li>\n<li>Working hours: Low lightning: 18 hours; Strong lighting: 3 hours; RGB lighting: 6 hours<\/li>\n<li>Color: White<\/li>\n<\/ul>\n<h5><strong>\u00a0<\/strong><\/h5>\n<h5><strong>*Las im\u00e1genes son a modo ilustrativo.<\/strong><\/h5>\n","protected":false},"excerpt":{"rendered":"<h3><strong><span style=\"font-family: 'Cambria','serif'; color: #339966;\">$ 1.590<\/span><\/strong><\/h3>\n","protected":false},"featured_media":44018,"comment_status":"open","ping_status":"closed","template":"","meta":[],"_links":{"self":[{"href":"https:\/\/www.appoloviracel.com.uy\/index.php\/wp-json\/wp\/v2\/product\/44017"}],"collection":[{"href":"https:\/\/www.appoloviracel.com.uy\/index.php\/wp-json\/wp\/v2\/product"}],"about":[{"href":"https:\/\/www.appoloviracel.com.uy\/index.php\/wp-json\/wp\/v2\/types\/product"}],"replies":[{"embeddable":true,"href":"https:\/\/www.appoloviracel.com.uy\/index.php\/wp-json\/wp\/v2\/comments?post=44017"}],"wp:featuredmedia":[{"embeddable":true,"href":"https:\/\/www.appoloviracel.com.uy\/index.php\/wp-json\/wp\/v2\/media\/44018"}],"wp:attachment":[{"href":"https:\/\/www.appoloviracel.com.uy\/index.php\/wp-json\/wp\/v2\/media?parent=44017"}],"curies":[{"name":"wp","href":"https:\/\/api.w.org\/{rel}","templated":true}]}}