{"id":44013,"date":"2025-07-11T19:52:43","date_gmt":"2025-07-11T22:52:43","guid":{"rendered":"https:\/\/www.appoloviracel.com.uy\/?post_type=product&#038;p=44013"},"modified":"2025-08-05T19:41:40","modified_gmt":"2025-08-05T22:41:40","slug":"parlante-proove-velvet-3w-bluetooth","status":"publish","type":"product","link":"https:\/\/www.appoloviracel.com.uy\/index.php\/product\/parlante-proove-velvet-3w-bluetooth\/","title":{"rendered":"Parlante Proove \u00abVelvet\u00bb 3w (Bluetooth)"},"content":{"rendered":"<h2>Caracter\u00edsticas y especificaciones:<\/h2>\n<p>Funcionalidad: Proove Velvet es el altavoz perfecto para los amantes de las actividades al aire libre. Tiene 3 W de potencia y ofrece hasta 8 horas de reproducci\u00f3n a volumen medio, lo que te permite disfrutar de tu m\u00fasica favorita sin interrupciones.<\/p>\n<p>Dise\u00f1o: Su elegante color y la combinaci\u00f3n de pl\u00e1stico ABS y gel de s\u00edlice hacen que este altavoz no solo sea elegante, sino tambi\u00e9n resistente para las aventuras diarias.<\/p>\n<p>Calidad de sonido: Velvet impresiona con sus graves profundos y un sonido n\u00edtido, incluso con el volumen al m\u00e1ximo. La bater\u00eda de 1200 mAh y el est\u00e1ndar de protecci\u00f3n IPX4 garantizan que tus aventuras musicales sean largas y seguras.<\/p>\n<ul>\n<li>Voltaje: 5V (USB Tipo C)<\/li>\n<li>Con conectividad bluetooth.<\/li>\n<li>Bater\u00eda recargable.<\/li>\n<li>Potencia: 3W.<\/li>\n<li>Tiempo de carga de la bater\u00eda: Aprox. 3.5h.<\/li>\n<\/ul>\n<p>&nbsp;<\/p>\n<h5><strong>*Las im\u00e1genes son a modo ilustrativo<\/strong><\/h5>\n","protected":false},"excerpt":{"rendered":"<h3><strong><span style=\"font-family: 'Cambria','serif'; color: #339966;\">$ 650<\/span><\/strong><\/h3>\n","protected":false},"featured_media":44014,"comment_status":"open","ping_status":"closed","template":"","meta":[],"_links":{"self":[{"href":"https:\/\/www.appoloviracel.com.uy\/index.php\/wp-json\/wp\/v2\/product\/44013"}],"collection":[{"href":"https:\/\/www.appoloviracel.com.uy\/index.php\/wp-json\/wp\/v2\/product"}],"about":[{"href":"https:\/\/www.appoloviracel.com.uy\/index.php\/wp-json\/wp\/v2\/types\/product"}],"replies":[{"embeddable":true,"href":"https:\/\/www.appoloviracel.com.uy\/index.php\/wp-json\/wp\/v2\/comments?post=44013"}],"wp:featuredmedia":[{"embeddable":true,"href":"https:\/\/www.appoloviracel.com.uy\/index.php\/wp-json\/wp\/v2\/media\/44014"}],"wp:attachment":[{"href":"https:\/\/www.appoloviracel.com.uy\/index.php\/wp-json\/wp\/v2\/media?parent=44013"}],"curies":[{"name":"wp","href":"https:\/\/api.w.org\/{rel}","templated":true}]}}