{"id":44008,"date":"2025-07-10T19:17:23","date_gmt":"2025-07-10T22:17:23","guid":{"rendered":"https:\/\/www.appoloviracel.com.uy\/?post_type=product&#038;p=44008"},"modified":"2025-08-04T18:57:28","modified_gmt":"2025-08-04T21:57:28","slug":"parlante-proove-nova-5w2-bluetooth","status":"publish","type":"product","link":"https:\/\/www.appoloviracel.com.uy\/index.php\/product\/parlante-proove-nova-5w2-bluetooth\/","title":{"rendered":"Parlante Proove \u00abNova\u00bb 5w*2 (Bluetooth)"},"content":{"rendered":"<h2>Caracter\u00edsticas y especificaciones:<\/h2>\n<p>Descripci\u00f3n: Con 5 W de potencia en cada altavoz, Nova ofrece un audio estable y din\u00e1mico con un alcance de hasta 20 metros. La bater\u00eda de 1200 mAh garantiza hasta 10 horas de reproducci\u00f3n de m\u00fasica, permiti\u00e9ndote disfrutar de tus canciones favoritas sin interrupciones.<\/p>\n<p>Dise\u00f1o: Su color negro, la combinaci\u00f3n de pl\u00e1stico ABS con malla de tela y silicona crean una apariencia elegante que se integra a la perfecci\u00f3n en cualquier interior. Su tama\u00f1o compacto y dise\u00f1o ligero hacen de Nova el compa\u00f1ero perfecto para el hogar y para viajes.<\/p>\n<p>Calidad de sonido: Graves profundos y agudos n\u00edtidos con una salida de hasta \u00b185 dB crean un entorno de sonido inigualable. La certificaci\u00f3n IPX5 garantiza resistencia a la humedad, para que puedas usar el altavoz sin preocuparte por su seguridad.<\/p>\n<ul>\n<li>Voltaje: 5V<\/li>\n<li>Tipo de parlante: 5w*2.<\/li>\n<li>Con conectividad bluetooth.<\/li>\n<li>Tiene luces led.<\/li>\n<li>Bater\u00eda recargable.<\/li>\n<li>Potencia de 10W.<\/li>\n<li>Cantidad de parlantes: 2.<\/li>\n<li>Tiempo de carga de la bater\u00eda: 2h.<\/li>\n<\/ul>\n<p>&nbsp;<\/p>\n<h5><strong>*Las im\u00e1genes son a modo ilustrativo.<\/strong><\/h5>\n","protected":false},"excerpt":{"rendered":"<h3><strong><span style=\"font-family: 'Cambria','serif'; color: #339966;\">$ 1.350<\/span><\/strong><\/h3>\n","protected":false},"featured_media":44009,"comment_status":"open","ping_status":"closed","template":"","meta":[],"_links":{"self":[{"href":"https:\/\/www.appoloviracel.com.uy\/index.php\/wp-json\/wp\/v2\/product\/44008"}],"collection":[{"href":"https:\/\/www.appoloviracel.com.uy\/index.php\/wp-json\/wp\/v2\/product"}],"about":[{"href":"https:\/\/www.appoloviracel.com.uy\/index.php\/wp-json\/wp\/v2\/types\/product"}],"replies":[{"embeddable":true,"href":"https:\/\/www.appoloviracel.com.uy\/index.php\/wp-json\/wp\/v2\/comments?post=44008"}],"wp:featuredmedia":[{"embeddable":true,"href":"https:\/\/www.appoloviracel.com.uy\/index.php\/wp-json\/wp\/v2\/media\/44009"}],"wp:attachment":[{"href":"https:\/\/www.appoloviracel.com.uy\/index.php\/wp-json\/wp\/v2\/media?parent=44008"}],"curies":[{"name":"wp","href":"https:\/\/api.w.org\/{rel}","templated":true}]}}