{"id":44002,"date":"2025-07-09T19:16:22","date_gmt":"2025-07-09T22:16:22","guid":{"rendered":"https:\/\/www.appoloviracel.com.uy\/?post_type=product&#038;p=44002"},"modified":"2025-12-18T18:12:31","modified_gmt":"2025-12-18T21:12:31","slug":"parlante-proove-sound-trap2-30w-bluetooth","status":"publish","type":"product","link":"https:\/\/www.appoloviracel.com.uy\/index.php\/product\/parlante-proove-sound-trap2-30w-bluetooth\/","title":{"rendered":"Parlante Proove \u00abSound Trap2\u00bb 30w (Bluetooth)"},"content":{"rendered":"<h2>Caracter\u00edsticas y especificaciones:<\/h2>\n<p>SoundTrap 2 es sin\u00f3nimo de potencia inigualable en un tama\u00f1o compacto. Con dos altavoces de 15 W, cada uno con hasta 8 horas de reproducci\u00f3n continua, es ideal para largas reuniones con amigos o para una jornada musical en el trabajo.<\/p>\n<p>Dise\u00f1o: La malla met\u00e1lica y las inserciones de silicona garantizan solidez y durabilidad, y este dispositivo no te decepcionar\u00e1 en los momentos m\u00e1s cruciales. El color negro, los soportes de goma y la retroiluminaci\u00f3n RGB le dan un toque interesante y un aspecto elegante.<\/p>\n<p>Calidad de sonido: La claridad de cada nota con SoundTrap 2 es una promesa respaldada por sus dos altavoces. La bater\u00eda de 5200 mAh y la resistencia al agua IPX7 lo convierten en una opci\u00f3n fiable para quienes no est\u00e1n dispuestos a renunciar a nada<\/p>\n<ul>\n<li>Voltaje: 5V<\/li>\n<li>Tipo de parlante: Con conectividad bluetooth.<\/li>\n<li>Tiene luces led.<\/li>\n<li>Bater\u00eda recargable.<\/li>\n<li>Potencia de 30W.<\/li>\n<li>Cantidad de parlantes: 2.<\/li>\n<li>Tiempo de carga de la bater\u00eda: 4h.<\/li>\n<\/ul>\n<p>&nbsp;<\/p>\n<h5><strong>*Las im\u00e1genes son a modo ilustrativo.<\/strong><\/h5>\n","protected":false},"excerpt":{"rendered":"<h3><strong><span style=\"font-family: 'Cambria','serif'; color: #339966;\">$ 2.890<\/span><\/strong><\/h3>\n","protected":false},"featured_media":44003,"comment_status":"open","ping_status":"closed","template":"","meta":[],"_links":{"self":[{"href":"https:\/\/www.appoloviracel.com.uy\/index.php\/wp-json\/wp\/v2\/product\/44002"}],"collection":[{"href":"https:\/\/www.appoloviracel.com.uy\/index.php\/wp-json\/wp\/v2\/product"}],"about":[{"href":"https:\/\/www.appoloviracel.com.uy\/index.php\/wp-json\/wp\/v2\/types\/product"}],"replies":[{"embeddable":true,"href":"https:\/\/www.appoloviracel.com.uy\/index.php\/wp-json\/wp\/v2\/comments?post=44002"}],"wp:featuredmedia":[{"embeddable":true,"href":"https:\/\/www.appoloviracel.com.uy\/index.php\/wp-json\/wp\/v2\/media\/44003"}],"wp:attachment":[{"href":"https:\/\/www.appoloviracel.com.uy\/index.php\/wp-json\/wp\/v2\/media?parent=44002"}],"curies":[{"name":"wp","href":"https:\/\/api.w.org\/{rel}","templated":true}]}}