{"id":43994,"date":"2025-07-07T17:22:28","date_gmt":"2025-07-07T20:22:28","guid":{"rendered":"https:\/\/www.appoloviracel.com.uy\/?post_type=product&#038;p=43994"},"modified":"2025-09-12T12:26:38","modified_gmt":"2025-09-12T15:26:38","slug":"notebook-hp-255-g10-156-pulgadas-amd-ryzen-7-7730u-2-0","status":"publish","type":"product","link":"https:\/\/www.appoloviracel.com.uy\/index.php\/product\/notebook-hp-255-g10-156-pulgadas-amd-ryzen-7-7730u-2-0\/","title":{"rendered":"Notebook HP \u00ab255 G10\u00bb 15,6 pulgadas \u2013 AMD Ryzen 7 7730U 2.0"},"content":{"rendered":"<h2><strong>Caracter\u00edsticas y especificaciones:<\/strong><\/h2>\n<ul>\n<li>La Notebook HP 255 G10, econ\u00f3mica y lista para los negocios, brinda funciones esenciales de potencia y productividad en un dise\u00f1o delgado y liviano con una gran pantalla de 15,6 pulgadas en diagonal.<\/li>\n<li>Bonito y ligero<\/li>\n<li>La computadora port\u00e1til HP 255 se mantiene al d\u00eda con los estilos de trabajo m\u00f3viles con un dise\u00f1o delgado y liviano y una gran relaci\u00f3n pantalla-cuerpo.<\/li>\n<li>Dise\u00f1ado para trabajar y listo para divertirse<\/li>\n<li>Complete proyectos con un robusto procesador AMD Ryzen\u2122, memoria r\u00e1pida, lector de tarjetas SD y almacenamiento.<\/li>\n<\/ul>\n<p>&nbsp;<\/p>\n<ul>\n<li><strong>Procesador: AMD Ryzen 7 7730U (2.0GHz hasta 4.5GHz).<\/strong><\/li>\n<li><strong>N\u00facleos \/ Hilos 8 n\u00facleos \/ 16 Hilos<\/strong><\/li>\n<li><strong>Memoria RAM: 16GB DDR4-3200.<\/strong><\/li>\n<li><strong>Almacenamiento: 512 GB SSD PCle NVMe<\/strong><\/li>\n<li><strong>Pantalla: 15.6\u2033 FHD IPS (1920 * 1080), antireflejo.<\/strong><\/li>\n<li><strong>Gr\u00e1ficos: AMD Radeon Integrados.<\/strong><\/li>\n<li><strong>Conectividad: Inal\u00e1mbrica Wi-Fi 6, Bluetooth 5.3.<\/strong><\/li>\n<li><strong>Puertos 1 USB-C, 2 USB-A, HDMI 1.4b, combo 3.5 mm<\/strong><\/li>\n<li><strong>Dimensiones: 35,99 * 23,59 * 1,85cm<\/strong><\/li>\n<li><strong>Peso: 1.5 kg.<\/strong><\/li>\n<li><strong>Sistema Operativo: Windows 11.<\/strong><\/li>\n<li><strong>Garant\u00eda:<\/strong> 6 meses contra defecto de fabricaci\u00f3n<\/li>\n<\/ul>\n<h4><\/h4>\n<h4><span style=\"color: #ff0000;\"><strong>Contado efectivo: 10% de Descuento<\/strong><\/span><\/h4>\n<h5><strong>\u00a0<\/strong><\/h5>\n<h5><strong>*Las im\u00e1genes son a modo ilustrativo.<\/strong><\/h5>\n","protected":false},"excerpt":{"rendered":"<h3><span style=\"color: #339966;\"><strong>U$S 815<\/strong><\/span><\/h3>\n","protected":false},"featured_media":43995,"comment_status":"open","ping_status":"closed","template":"","meta":[],"_links":{"self":[{"href":"https:\/\/www.appoloviracel.com.uy\/index.php\/wp-json\/wp\/v2\/product\/43994"}],"collection":[{"href":"https:\/\/www.appoloviracel.com.uy\/index.php\/wp-json\/wp\/v2\/product"}],"about":[{"href":"https:\/\/www.appoloviracel.com.uy\/index.php\/wp-json\/wp\/v2\/types\/product"}],"replies":[{"embeddable":true,"href":"https:\/\/www.appoloviracel.com.uy\/index.php\/wp-json\/wp\/v2\/comments?post=43994"}],"wp:featuredmedia":[{"embeddable":true,"href":"https:\/\/www.appoloviracel.com.uy\/index.php\/wp-json\/wp\/v2\/media\/43995"}],"wp:attachment":[{"href":"https:\/\/www.appoloviracel.com.uy\/index.php\/wp-json\/wp\/v2\/media?parent=43994"}],"curies":[{"name":"wp","href":"https:\/\/api.w.org\/{rel}","templated":true}]}}