{"id":43981,"date":"2025-07-03T22:45:58","date_gmt":"2025-07-04T01:45:58","guid":{"rendered":"https:\/\/www.appoloviracel.com.uy\/?post_type=product&#038;p=43981"},"modified":"2025-07-28T18:21:04","modified_gmt":"2025-07-28T21:21:04","slug":"auricular-xiaomi-redmi-buds-6-lite-bluetooth","status":"publish","type":"product","link":"https:\/\/www.appoloviracel.com.uy\/index.php\/product\/auricular-xiaomi-redmi-buds-6-lite-bluetooth\/","title":{"rendered":"Auricular Xiaomi \u00abRedmi Buds 6 Lite\u00bb (Bluetooth)"},"content":{"rendered":"<h2>Caracter\u00edsticas y especificaciones:<\/h2>\n<p>Los Auriculares Xiaomi Redmi Buds 6 Lite combinan tecnolog\u00eda avanzada y dise\u00f1o c\u00f3modo, ideales para disfrutar de una experiencia de sonido excepcional. Equipados con un diafragma de titanio de 12,4 mm, ofrecen graves potentes y agudos claros. La cancelaci\u00f3n activa de ruido (ANC) h\u00edbrida puede reducir el ruido en hasta 40 dB, perfecta para entornos bulliciosos como trenes o calles.<\/p>\n<p>Con doble micr\u00f3fono y tecnolog\u00eda IA, garantizan llamadas claras incluso con viento fuerte. Su bater\u00eda ofrece hasta 38 horas de reproducci\u00f3n con el estuche de carga, mientras que su dise\u00f1o compacto y ligero asegura comodidad y portabilidad. Adem\u00e1s, cuentan con ecualizaci\u00f3n personalizable mediante la app Xiaomi Earbuds, proporcionando una experiencia de audio ajustada a tus preferencias.<\/p>\n<ul>\n<li>Dise\u00f1o: Elegante y compacto<\/li>\n<li>Puerto de carga: Tipo-C<\/li>\n<li>Duraci\u00f3n de la bater\u00eda: 7 horas aprox.<\/li>\n<li>Conectividad: Bluetooth 5.3<\/li>\n<\/ul>\n<p>&nbsp;<\/p>\n<h5><strong>*Las im\u00e1genes son a modo ilustrativo<\/strong><\/h5>\n","protected":false},"excerpt":{"rendered":"<h3><span style=\"color: #339966;\"><strong>$ 1.490<\/strong><\/span><\/h3>\n","protected":false},"featured_media":43982,"comment_status":"open","ping_status":"closed","template":"","meta":[],"_links":{"self":[{"href":"https:\/\/www.appoloviracel.com.uy\/index.php\/wp-json\/wp\/v2\/product\/43981"}],"collection":[{"href":"https:\/\/www.appoloviracel.com.uy\/index.php\/wp-json\/wp\/v2\/product"}],"about":[{"href":"https:\/\/www.appoloviracel.com.uy\/index.php\/wp-json\/wp\/v2\/types\/product"}],"replies":[{"embeddable":true,"href":"https:\/\/www.appoloviracel.com.uy\/index.php\/wp-json\/wp\/v2\/comments?post=43981"}],"wp:featuredmedia":[{"embeddable":true,"href":"https:\/\/www.appoloviracel.com.uy\/index.php\/wp-json\/wp\/v2\/media\/43982"}],"wp:attachment":[{"href":"https:\/\/www.appoloviracel.com.uy\/index.php\/wp-json\/wp\/v2\/media?parent=43981"}],"curies":[{"name":"wp","href":"https:\/\/api.w.org\/{rel}","templated":true}]}}