{"id":43963,"date":"2025-06-30T18:38:36","date_gmt":"2025-06-30T21:38:36","guid":{"rendered":"https:\/\/www.appoloviracel.com.uy\/?post_type=product&#038;p=43963"},"modified":"2025-11-06T17:29:00","modified_gmt":"2025-11-06T20:29:00","slug":"smartwatch-xiaomi-redmi-watch-5-active","status":"publish","type":"product","link":"https:\/\/www.appoloviracel.com.uy\/index.php\/product\/smartwatch-xiaomi-redmi-watch-5-active\/","title":{"rendered":"Smartwatch Xiaomi \u00abRedmi Watch 5 Active\u00bb"},"content":{"rendered":"<h2>Caracter\u00edsticas y especificaciones:<\/h2>\n<ul>\n<li>Dimensiones: 47,5 * 41,1 * 11,3 mm<\/li>\n<li>Peso: 33,5 gramos (sin correa)<\/li>\n<li>Pantalla: AMOLED de 2,07 pulgadas; Resoluci\u00f3n: 432 * 514 p\u00edxeles; 324 PPP; Relaci\u00f3n pantalla\/frontal: 82%; Cristal 2,5D; Tasa de refresco: 60 Hz; Brillo m\u00e1ximo: 1.500 nits<\/li>\n<li>Sensores: Sensor de frecuencia card\u00edaca; Sensor de ox\u00edgeno en sangre; Sensor de luz ambiental; Aceler\u00f3metro; Giroscopio; Br\u00fajula electr\u00f3nica<\/li>\n<li>Geoposicionamiento: Chip GPS integrado; GPS, Galileo, Glonass, BeiDou, QZSS<\/li>\n<li>Bater\u00eda: 550 mAh<\/li>\n<li>Autonom\u00eda: 24 d\u00edas (seg\u00fan Xiaomi); Dos semanas (uso normal)<\/li>\n<li>Conectividad: Bluetooth 5.3<\/li>\n<li>Compatibilidad: Android 8.0 o superior; iOS 12 o superior<\/li>\n<li>Sistema operativo: Xiaomi HyperOS 2.0<\/li>\n<li>Resistencia: 5 ATM<\/li>\n<li>Botones: Corona giratoria<\/li>\n<li>Otros: 2 * micr\u00f3fono; 1 * altavoz; Llamadas Bluetooth; Notificaciones; Modo AoD; Monitorizaci\u00f3n de frecuencia card\u00edaca; Monitorizaci\u00f3n del sue\u00f1o; Seguimiento SpO2; Seguimiento de salud femenina; Monitorizaci\u00f3n de estr\u00e9s; Control musical; Obturador remoto; Grabadora de sonido; +150 modos deportivos<\/li>\n<li>Garant\u00eda: 6 meses contra defecto de fabricaci\u00f3n<\/li>\n<\/ul>\n<h4><\/h4>\n<h4><span style=\"color: #ff0000;\"><strong>* La garant\u00eda no cubre falla que se pueda dar por un uso intensivo.<\/strong><\/span><\/h4>\n<h5><strong>*Las im\u00e1genes son a modo ilustrativo.<\/strong><\/h5>\n","protected":false},"excerpt":{"rendered":"<h3><strong><span style=\"font-family: 'Cambria','serif'; color: #339966;\">$ 1990<\/span><\/strong><\/h3>\n","protected":false},"featured_media":43964,"comment_status":"open","ping_status":"closed","template":"","meta":[],"_links":{"self":[{"href":"https:\/\/www.appoloviracel.com.uy\/index.php\/wp-json\/wp\/v2\/product\/43963"}],"collection":[{"href":"https:\/\/www.appoloviracel.com.uy\/index.php\/wp-json\/wp\/v2\/product"}],"about":[{"href":"https:\/\/www.appoloviracel.com.uy\/index.php\/wp-json\/wp\/v2\/types\/product"}],"replies":[{"embeddable":true,"href":"https:\/\/www.appoloviracel.com.uy\/index.php\/wp-json\/wp\/v2\/comments?post=43963"}],"wp:featuredmedia":[{"embeddable":true,"href":"https:\/\/www.appoloviracel.com.uy\/index.php\/wp-json\/wp\/v2\/media\/43964"}],"wp:attachment":[{"href":"https:\/\/www.appoloviracel.com.uy\/index.php\/wp-json\/wp\/v2\/media?parent=43963"}],"curies":[{"name":"wp","href":"https:\/\/api.w.org\/{rel}","templated":true}]}}