{"id":43958,"date":"2025-06-27T20:50:34","date_gmt":"2025-06-27T23:50:34","guid":{"rendered":"https:\/\/www.appoloviracel.com.uy\/?post_type=product&#038;p=43958"},"modified":"2025-07-23T18:45:31","modified_gmt":"2025-07-23T21:45:31","slug":"parlante-xiaomi-smart-speaker-control-infrarrojo-ir-control","status":"publish","type":"product","link":"https:\/\/www.appoloviracel.com.uy\/index.php\/product\/parlante-xiaomi-smart-speaker-control-infrarrojo-ir-control\/","title":{"rendered":"Parlante Xiaomi \u00abSmart Speaker\u00bb Control Infrarrojo (IR Control)"},"content":{"rendered":"<h2>Caracter\u00edsticas y especificaciones:<\/h2>\n<ul>\n<li>Botones: Reproducir\/Pausar, Subir volumen, Bajar volumen, Silenciar<\/li>\n<li>Micr\u00f3fono: 2 micr\u00f3fonos, con soporte de activaci\u00f3n de voz de campo lejano<\/li>\n<li>Altavoz: Altavoz de rango completo de 1,5\u2033<\/li>\n<li>Luz: Luz LED de un punto<\/li>\n<li>Conectividad: 802.11a\/b\/g\/n\/ac, 2,4 GHz\/5 GHz | Bluetooth\u00ae 5.0 | Chromecast integrado\u2122<\/li>\n<li>Fuente de alimentaci\u00f3n: 12V \/ 1A, entrada de CC<\/li>\n<li>Dimensiones: 95 * 95 * 14mm<\/li>\n<li>Peso: 628grs.<\/li>\n<\/ul>\n<p>&nbsp;<\/p>\n<h5><strong>*Las im\u00e1genes son a modo ilustrativo.<\/strong><\/h5>\n","protected":false},"excerpt":{"rendered":"<h3><strong><span style=\"font-family: 'Cambria','serif'; color: #339966;\">$ 2.550<\/span><\/strong><\/h3>\n","protected":false},"featured_media":43959,"comment_status":"open","ping_status":"closed","template":"","meta":[],"_links":{"self":[{"href":"https:\/\/www.appoloviracel.com.uy\/index.php\/wp-json\/wp\/v2\/product\/43958"}],"collection":[{"href":"https:\/\/www.appoloviracel.com.uy\/index.php\/wp-json\/wp\/v2\/product"}],"about":[{"href":"https:\/\/www.appoloviracel.com.uy\/index.php\/wp-json\/wp\/v2\/types\/product"}],"replies":[{"embeddable":true,"href":"https:\/\/www.appoloviracel.com.uy\/index.php\/wp-json\/wp\/v2\/comments?post=43958"}],"wp:featuredmedia":[{"embeddable":true,"href":"https:\/\/www.appoloviracel.com.uy\/index.php\/wp-json\/wp\/v2\/media\/43959"}],"wp:attachment":[{"href":"https:\/\/www.appoloviracel.com.uy\/index.php\/wp-json\/wp\/v2\/media?parent=43958"}],"curies":[{"name":"wp","href":"https:\/\/api.w.org\/{rel}","templated":true}]}}