{"id":43950,"date":"2025-06-25T20:09:41","date_gmt":"2025-06-25T23:09:41","guid":{"rendered":"https:\/\/www.appoloviracel.com.uy\/?post_type=product&#038;p=43950"},"modified":"2025-07-22T18:49:19","modified_gmt":"2025-07-22T21:49:19","slug":"smartwatch-xiaomi-haylou-watch-2-pro","status":"publish","type":"product","link":"https:\/\/www.appoloviracel.com.uy\/index.php\/product\/smartwatch-xiaomi-haylou-watch-2-pro\/","title":{"rendered":"Smartwatch Xiaomi \u00abHaylou Watch 2 Pro\u00bb"},"content":{"rendered":"<h2>Caracter\u00edsticas y especificaciones:<\/h2>\n<p>El Xiaomi Haylou Watch 2 Pro es un reloj inteligente que combina estilo, funcionalidad y caracter\u00edsticas avanzadas para mejorar tu vida diaria. Con su impresionante pantalla colorida de 1.85\u2033, experimentar\u00e1 una vista m\u00e1s grande y clara de toda la informaci\u00f3n y las notificaciones de su reloj. Ya sea que est\u00e9 revisando la hora, leyendo mensajes o siguiendo sus objetivos de acondicionamiento f\u00edsico, la pantalla vibrante garantiza una experiencia visualmente atractiva.<\/p>\n<p>El Haylou Watch 2 Pro es excepcional su duraci\u00f3n de bater\u00eda de 20 d\u00edas de duraci\u00f3n de la bater\u00eda, puede continuar con su rutina diaria sin preocuparse por cargar constantemente su reloj. Esta duraci\u00f3n prolongada de la bater\u00eda le permite aprovechar al m\u00e1ximo sus diversas funciones sin interrupci\u00f3n. Nunca volver\u00e1 a perder una llamada importante, ya que el reloj le notifica discretamente las llamadas entrantes, lo que le permite mantenerse conectado y accesible dondequiera que est\u00e9.<\/p>\n<p>Con 100 impresionantes modos de entrenamiento, el Haylou Watch 2 Pro es un completo compa\u00f1ero de ejercicios. Ya sea que le guste correr, andar en bicicleta, nadar o hacer yoga, este reloj lo tiene cubierto. Realiza un seguimiento de su progreso, controla su frecuencia card\u00edaca y proporciona informaci\u00f3n en tiempo real, ayud\u00e1ndole a alcanzar sus objetivos de fitness.<\/p>\n<ul>\n<li>Sistema operativo: Wear OS<\/li>\n<li>Tecnolog\u00eda de conectividad: Bluetooth<\/li>\n<li>Est\u00e1ndar de comunicaci\u00f3n inal\u00e1mbrica: Bluetooth<\/li>\n<li>Composici\u00f3n de las celdas de la bater\u00eda: Pol\u00edmero de Litio<\/li>\n<li>GPS: GPS v\u00eda smartphone<\/li>\n<li>Forma: Rectangular<\/li>\n<li>Tama\u00f1o de pantalla: 1.85<\/li>\n<li>Marca: Xiaomi Haylou<\/li>\n<li>Nombre del modelo: Watch 2 Pro<\/li>\n<li>Color: Negro<\/li>\n<li>Garant\u00eda: 6 meses contra defecto de fabricaci\u00f3n<\/li>\n<\/ul>\n<h4><span style=\"color: #ff0000;\"><strong>* La garant\u00eda no cubre falla que se pueda dar por un uso intensivo.<\/strong><\/span><\/h4>\n<h5><strong>\u00a0*Las im\u00e1genes son a modo ilustrativo.<\/strong><\/h5>\n","protected":false},"excerpt":{"rendered":"<h3><span style=\"color: #339966;\"><strong>$ 1.590<\/strong><\/span><\/h3>\n","protected":false},"featured_media":43951,"comment_status":"open","ping_status":"closed","template":"","meta":[],"_links":{"self":[{"href":"https:\/\/www.appoloviracel.com.uy\/index.php\/wp-json\/wp\/v2\/product\/43950"}],"collection":[{"href":"https:\/\/www.appoloviracel.com.uy\/index.php\/wp-json\/wp\/v2\/product"}],"about":[{"href":"https:\/\/www.appoloviracel.com.uy\/index.php\/wp-json\/wp\/v2\/types\/product"}],"replies":[{"embeddable":true,"href":"https:\/\/www.appoloviracel.com.uy\/index.php\/wp-json\/wp\/v2\/comments?post=43950"}],"wp:featuredmedia":[{"embeddable":true,"href":"https:\/\/www.appoloviracel.com.uy\/index.php\/wp-json\/wp\/v2\/media\/43951"}],"wp:attachment":[{"href":"https:\/\/www.appoloviracel.com.uy\/index.php\/wp-json\/wp\/v2\/media?parent=43950"}],"curies":[{"name":"wp","href":"https:\/\/api.w.org\/{rel}","templated":true}]}}