{"id":43941,"date":"2025-06-23T19:48:47","date_gmt":"2025-06-23T22:48:47","guid":{"rendered":"https:\/\/www.appoloviracel.com.uy\/?post_type=product&#038;p=43941"},"modified":"2025-07-17T18:58:14","modified_gmt":"2025-07-17T21:58:14","slug":"smartwatch-vidvie-sw1614","status":"publish","type":"product","link":"https:\/\/www.appoloviracel.com.uy\/index.php\/product\/smartwatch-vidvie-sw1614\/","title":{"rendered":"Smartwatch Vidvie \u00abSW1614\u00bb"},"content":{"rendered":"<h2>Caracter\u00edsticas y especificaciones:<\/h2>\n<p>Llamando inal\u00e1mbrico Smart Outdoor Sports Watch<\/p>\n<ul>\n<li>CPU principal de chip de control: RTK8763EWE<\/li>\n<li>Material : ABS-zinc aleaci\u00f3n<\/li>\n<li>Material de la banda de pulsera: correa de silicona<\/li>\n<li>Memoria: RAM640KB<\/li>\n<li>Almacenamiento: ROM128Mb<\/li>\n<li>Tama\u00f1o de la pantalla: 2,02 pulgadas<\/li>\n<li>Resoluci\u00f3n: 320*386<\/li>\n<li>Tipo t\u00e1ctil: pantalla t\u00e1ctil completa<\/li>\n<li>Versi\u00f3n inal\u00e1mbrica: BT5.1<\/li>\n<li>Tipo de bater\u00eda: bater\u00eda de litio de pol\u00edmero<\/li>\n<li>Capacidad: 400mAh<\/li>\n<li>Grado impermeable: IP68<\/li>\n<li>Tiempo de carga: 2.5H<\/li>\n<li>Vida de la bater\u00eda: 5-7 d\u00edas<\/li>\n<li>M\u00e9todo de carga: succi\u00f3n magn\u00e9tica<\/li>\n<li>Soporte llamadas inal\u00e1mbricas.<\/li>\n<li>Soporte de m\u00e1s de 120 modos deportivos.<\/li>\n<li>Dise\u00f1o de operaci\u00f3n de tres botones.<\/li>\n<li>Garant\u00eda: 12 meses contra defecto de fabricaci\u00f3n<\/li>\n<\/ul>\n<h4><span style=\"color: #ff0000;\"><strong>\u00a0<\/strong><\/span><\/h4>\n<h4><span style=\"color: #ff0000;\"><strong>* La garant\u00eda no cubre falla que se pueda dar por un uso intensivo.<\/strong><\/span><\/h4>\n<h5><strong>*Las im\u00e1genes son a modo ilustrativo.<\/strong><\/h5>\n","protected":false},"excerpt":{"rendered":"<h3><span style=\"color: #339966;\"><strong>U$S 55<\/strong><\/span><\/h3>\n","protected":false},"featured_media":43942,"comment_status":"open","ping_status":"closed","template":"","meta":[],"_links":{"self":[{"href":"https:\/\/www.appoloviracel.com.uy\/index.php\/wp-json\/wp\/v2\/product\/43941"}],"collection":[{"href":"https:\/\/www.appoloviracel.com.uy\/index.php\/wp-json\/wp\/v2\/product"}],"about":[{"href":"https:\/\/www.appoloviracel.com.uy\/index.php\/wp-json\/wp\/v2\/types\/product"}],"replies":[{"embeddable":true,"href":"https:\/\/www.appoloviracel.com.uy\/index.php\/wp-json\/wp\/v2\/comments?post=43941"}],"wp:featuredmedia":[{"embeddable":true,"href":"https:\/\/www.appoloviracel.com.uy\/index.php\/wp-json\/wp\/v2\/media\/43942"}],"wp:attachment":[{"href":"https:\/\/www.appoloviracel.com.uy\/index.php\/wp-json\/wp\/v2\/media?parent=43941"}],"curies":[{"name":"wp","href":"https:\/\/api.w.org\/{rel}","templated":true}]}}