{"id":43930,"date":"2025-06-19T18:41:24","date_gmt":"2025-06-19T21:41:24","guid":{"rendered":"https:\/\/www.appoloviracel.com.uy\/?post_type=product&#038;p=43930"},"modified":"2025-07-15T21:26:49","modified_gmt":"2025-07-16T00:26:49","slug":"smartwatch-gravity-l54","status":"publish","type":"product","link":"https:\/\/www.appoloviracel.com.uy\/index.php\/product\/smartwatch-gravity-l54\/","title":{"rendered":"Smartwatch Gravity \u00abZL54\u00bb"},"content":{"rendered":"<h2>Caracter\u00edsticas y especificaciones:<\/h2>\n<ul>\n<li>Llamadas BT<\/li>\n<li>Resistencia al agua IP67<\/li>\n<li>Material Aleaci\u00f3n de Zinc + pl\u00e1stico ABS + funda de PC + correa de silicona antiest\u00e1tica<\/li>\n<li>Resoluci\u00f3n LCD 240*284px<\/li>\n<li>Tama\u00f1o de pantalla 1,83 pulgadas<\/li>\n<li>Capacidad Bater\u00eda 220-300 mAh<\/li>\n<li>Garant\u00eda: 3 meses contra defecto de fabricaci\u00f3n<\/li>\n<\/ul>\n<h4><\/h4>\n<h4><span style=\"color: #ff0000;\"><strong>* La garant\u00eda no cubre falla que se pueda dar por un uso intensivo.<\/strong><\/span><\/h4>\n<h5><strong>*Las im\u00e1genes son a modo ilustrativo<\/strong><\/h5>\n","protected":false},"excerpt":{"rendered":"<h3><span style=\"color: #339966;\"><strong>U$S 35<\/strong><\/span><\/h3>\n","protected":false},"featured_media":43931,"comment_status":"open","ping_status":"closed","template":"","meta":[],"_links":{"self":[{"href":"https:\/\/www.appoloviracel.com.uy\/index.php\/wp-json\/wp\/v2\/product\/43930"}],"collection":[{"href":"https:\/\/www.appoloviracel.com.uy\/index.php\/wp-json\/wp\/v2\/product"}],"about":[{"href":"https:\/\/www.appoloviracel.com.uy\/index.php\/wp-json\/wp\/v2\/types\/product"}],"replies":[{"embeddable":true,"href":"https:\/\/www.appoloviracel.com.uy\/index.php\/wp-json\/wp\/v2\/comments?post=43930"}],"wp:featuredmedia":[{"embeddable":true,"href":"https:\/\/www.appoloviracel.com.uy\/index.php\/wp-json\/wp\/v2\/media\/43931"}],"wp:attachment":[{"href":"https:\/\/www.appoloviracel.com.uy\/index.php\/wp-json\/wp\/v2\/media?parent=43930"}],"curies":[{"name":"wp","href":"https:\/\/api.w.org\/{rel}","templated":true}]}}