{"id":43913,"date":"2025-06-16T18:07:30","date_gmt":"2025-06-16T21:07:30","guid":{"rendered":"https:\/\/www.appoloviracel.com.uy\/?post_type=product&#038;p=43913"},"modified":"2025-07-10T19:23:42","modified_gmt":"2025-07-10T22:23:42","slug":"teclado-meetion-mk009pro","status":"publish","type":"product","link":"https:\/\/www.appoloviracel.com.uy\/index.php\/product\/teclado-meetion-mk009pro\/","title":{"rendered":"Teclado Meetion \u00abMK009Pro\u00bb"},"content":{"rendered":"<h2>Caracter\u00edsticas y especificaciones:<\/h2>\n<p>Dise\u00f1ado con caracter\u00edsticas ergon\u00f3micas, este teclado ofrece la m\u00e1xima comodidad para largas sesiones de escritura. Su dise\u00f1o anti-ghosting de 104 teclas garantiza que cada pulsaci\u00f3n se registre con precisi\u00f3n, lo que lo hace ideal tanto para jugadores como para profesionales. Con teclas ABS de doble inyecci\u00f3n y un elegante panel met\u00e1lico mate, el MK009 Pro no solo luce genial, sino que est\u00e1 dise\u00f1ado para durar. Disfruta de la libertad de los interruptores intercambiables en caliente, que te permiten personalizar la sensaci\u00f3n de escritura sin esfuerzo. Equipado con interruptores mec\u00e1nicos rojos, ofrece una experiencia de escritura suave y lineal con una vida \u00fatil de aproximadamente 50 millones de pulsaciones. La intuitiva perilla de control facilita y agiliza el ajuste del volumen, mientras que el cable tipo C desmontable garantiza una conectividad vers\u00e1til. Mejora tu productividad con la configuraci\u00f3n del controlador de macros, que te permite personalizar las zonas de las teclas seg\u00fan tus necesidades, e ilumina tu espacio de trabajo con una impresionante iluminaci\u00f3n RGB con 18 efectos diferentes. Experimenta la combinaci\u00f3n perfecta de estilo, funcionalidad y durabilidad con el MK009 Pro.<\/p>\n<ul>\n<li>Dise\u00f1o ergon\u00f3mico: Estructura de acero para escribir m\u00e1s c\u00f3modo<\/li>\n<li>Llave completa anti-fantasma: Dise\u00f1o de 104 llaves<\/li>\n<li>High-Quality ABS Keycaps: Leyendas de dos tiros, resistentes al desgaste<\/li>\n<li>Panel de mate met\u00e1lico: Durable y resistente a los ara\u00f1azos<\/li>\n<li>Cambiador de moda caliente: Cambiar libremente a interruptores adecuados<\/li>\n<li>Cambios mec\u00e1nicos: Ca\u00edda de 50 millones de prensas<\/li>\n<li>Luz de espalda: RGB Color ful<\/li>\n<li>Dimensi\u00f3n:320*116.5*40mm<\/li>\n<li>Tipo: Mec\u00e1nico<\/li>\n<li>Peso:798 *10g<\/li>\n<li>No. de las teclas:14\/105 1 Claves<\/li>\n<li>Software: Conductor local<\/li>\n<li>Anti-Ghosting: Teclas completas<\/li>\n<li>Keycap Crafting: ABS Double-Shot Keycaps<\/li>\n<li>Cambiar Lifespan: 50 millones de pulsaciones de teclado<\/li>\n<li>Sistemas compatibles: Win XP\/Vista\/7\/8\/10\/11<\/li>\n<li>Interfaz: Tipo-C<\/li>\n<li>Longitud de cable:1,80 m<\/li>\n<\/ul>\n<p>&nbsp;<\/p>\n<h5><strong>*Las im\u00e1genes son a modo ilustrativo.<\/strong><\/h5>\n","protected":false},"excerpt":{"rendered":"<h3><span style=\"color: #339966;\"><strong>$ 2.290<\/strong><\/span><\/h3>\n","protected":false},"featured_media":43914,"comment_status":"open","ping_status":"closed","template":"","meta":[],"_links":{"self":[{"href":"https:\/\/www.appoloviracel.com.uy\/index.php\/wp-json\/wp\/v2\/product\/43913"}],"collection":[{"href":"https:\/\/www.appoloviracel.com.uy\/index.php\/wp-json\/wp\/v2\/product"}],"about":[{"href":"https:\/\/www.appoloviracel.com.uy\/index.php\/wp-json\/wp\/v2\/types\/product"}],"replies":[{"embeddable":true,"href":"https:\/\/www.appoloviracel.com.uy\/index.php\/wp-json\/wp\/v2\/comments?post=43913"}],"wp:featuredmedia":[{"embeddable":true,"href":"https:\/\/www.appoloviracel.com.uy\/index.php\/wp-json\/wp\/v2\/media\/43914"}],"wp:attachment":[{"href":"https:\/\/www.appoloviracel.com.uy\/index.php\/wp-json\/wp\/v2\/media?parent=43913"}],"curies":[{"name":"wp","href":"https:\/\/api.w.org\/{rel}","templated":true}]}}