{"id":43907,"date":"2025-06-12T17:15:37","date_gmt":"2025-06-12T20:15:37","guid":{"rendered":"https:\/\/www.appoloviracel.com.uy\/?post_type=product&#038;p=43907"},"modified":"2025-07-08T19:22:32","modified_gmt":"2025-07-08T22:22:32","slug":"adaptador-vidvie-al1129-portable-lanyard-c-a-usb","status":"publish","type":"product","link":"https:\/\/www.appoloviracel.com.uy\/index.php\/product\/adaptador-vidvie-al1129-portable-lanyard-c-a-usb\/","title":{"rendered":"Adaptador Vidvie \u00abAL1129\u00bb Portable Lanyard C a USB"},"content":{"rendered":"<h2>Caracter\u00edsticas y especificaciones:<\/h2>\n<p>Lleva tu conectividad al siguiente nivel con nuestros adaptadores OTG de alta calidad. Dise\u00f1ados para ofrecer un rendimiento r\u00e1pido y seguro, estos adaptadores son ideales para transferir datos y conectar dispositivos con facilidad.<\/p>\n<ul>\n<li>AL1129 &#8211; Adaptador OTG para Tipo-C<\/li>\n<li>Material: Aleaci\u00f3n de aluminio de alta resistencia<\/li>\n<li>Interfaz: Conector hembra USB3.0 a conector macho Tipo-C<\/li>\n<li>Velocidad de transmisi\u00f3n de datos: Hasta 5Gbps para una transferencia ultra r\u00e1pida<\/li>\n<li>Funci\u00f3n OTG para una conexi\u00f3n sencilla a dispositivos perif\u00e9ricos<\/li>\n<li>Incluye lanyard para mayor comodidad<\/li>\n<li>Conecta, transfiere y lleva tus dispositivos donde quieras con estos adaptadores compactos y eficientes. Haz tu vida m\u00e1s f\u00e1cil con la tecnolog\u00eda OTG<\/li>\n<\/ul>\n<h5><\/h5>\n<h5><strong>*Las im\u00e1genes son a modo ilustrativo.<\/strong><\/h5>\n","protected":false},"excerpt":{"rendered":"<h3><span style=\"color: #339966;\">$ 200<\/span><\/h3>\n","protected":false},"featured_media":43908,"comment_status":"open","ping_status":"closed","template":"","meta":[],"_links":{"self":[{"href":"https:\/\/www.appoloviracel.com.uy\/index.php\/wp-json\/wp\/v2\/product\/43907"}],"collection":[{"href":"https:\/\/www.appoloviracel.com.uy\/index.php\/wp-json\/wp\/v2\/product"}],"about":[{"href":"https:\/\/www.appoloviracel.com.uy\/index.php\/wp-json\/wp\/v2\/types\/product"}],"replies":[{"embeddable":true,"href":"https:\/\/www.appoloviracel.com.uy\/index.php\/wp-json\/wp\/v2\/comments?post=43907"}],"wp:featuredmedia":[{"embeddable":true,"href":"https:\/\/www.appoloviracel.com.uy\/index.php\/wp-json\/wp\/v2\/media\/43908"}],"wp:attachment":[{"href":"https:\/\/www.appoloviracel.com.uy\/index.php\/wp-json\/wp\/v2\/media?parent=43907"}],"curies":[{"name":"wp","href":"https:\/\/api.w.org\/{rel}","templated":true}]}}