{"id":43892,"date":"2025-06-09T20:45:21","date_gmt":"2025-06-09T23:45:21","guid":{"rendered":"https:\/\/www.appoloviracel.com.uy\/?post_type=product&#038;p=43892"},"modified":"2025-07-03T22:52:34","modified_gmt":"2025-07-04T01:52:34","slug":"parlante-meetion-mt-sp-2011-bluetooth","status":"publish","type":"product","link":"https:\/\/www.appoloviracel.com.uy\/index.php\/product\/parlante-meetion-mt-sp-2011-bluetooth\/","title":{"rendered":"Parlante Meetion \u00abMT-SP2011\u00bb Bluetooth"},"content":{"rendered":"<h2>Caracter\u00edsticas y especificaciones:<\/h2>\n<p>El parlante Meetion MT-SP2011 es el compa\u00f1ero perfecto para tu entretenimiento. Con su poderoso sistema de audio 2.1, que incluye dos altavoces sat\u00e9lite y un subwoofer, disfrutar\u00e1s de un sonido envolvente y de alta calidad que te sumergir\u00e1 en tus juegos, pel\u00edculas y m\u00fasica favoritos. Adem\u00e1s, su elegante dise\u00f1o con iluminaci\u00f3n RGB sincronizada con el ritmo de la m\u00fasica a\u00f1ade un toque de estilo a cualquier espacio. Conecta tus dispositivos de forma inal\u00e1mbrica a trav\u00e9s de Bluetooth 5.0 o por cable y d\u00e9jate llevar por una experiencia auditiva excepcional con el Meetion MT-SP2011.<\/p>\n<ul>\n<li><strong>Configuraci\u00f3n de Sonido<\/strong><strong>:<\/strong> Sistema de altavoces 2.1.<\/li>\n<li>Iluminaci\u00f3n RGB pulsante: Iluminaci\u00f3n RGB sincronizado con el sonido<\/li>\n<li>Bluetooth 5.0<\/li>\n<li>Interfaz: 3.5mm<\/li>\n<li>Color: Negro<\/li>\n<li>Dimensiones: 68 * 81 * 100 mm<\/li>\n<li>Potencia de Salida: Ofrece una potencia de salida total de 20W, con 10W para el subwoofer y 5W para cada uno de los altavoces sat\u00e9lites<\/li>\n<li>Controles: Dispone de un control de volumen y un bot\u00f3n de encendido\/apagado en el panel frontal, facilitando el manejo del dispositivo<\/li>\n<\/ul>\n<p>&nbsp;<\/p>\n<h5><strong>*Las im\u00e1genes son a modo ilustrativo.<\/strong><\/h5>\n","protected":false},"excerpt":{"rendered":"<h3><strong><span style=\"font-family: 'Cambria','serif'; color: #339966;\">$ 1.450<\/span><\/strong><\/h3>\n","protected":false},"featured_media":43893,"comment_status":"open","ping_status":"closed","template":"","meta":[],"_links":{"self":[{"href":"https:\/\/www.appoloviracel.com.uy\/index.php\/wp-json\/wp\/v2\/product\/43892"}],"collection":[{"href":"https:\/\/www.appoloviracel.com.uy\/index.php\/wp-json\/wp\/v2\/product"}],"about":[{"href":"https:\/\/www.appoloviracel.com.uy\/index.php\/wp-json\/wp\/v2\/types\/product"}],"replies":[{"embeddable":true,"href":"https:\/\/www.appoloviracel.com.uy\/index.php\/wp-json\/wp\/v2\/comments?post=43892"}],"wp:featuredmedia":[{"embeddable":true,"href":"https:\/\/www.appoloviracel.com.uy\/index.php\/wp-json\/wp\/v2\/media\/43893"}],"wp:attachment":[{"href":"https:\/\/www.appoloviracel.com.uy\/index.php\/wp-json\/wp\/v2\/media?parent=43892"}],"curies":[{"name":"wp","href":"https:\/\/api.w.org\/{rel}","templated":true}]}}