{"id":43880,"date":"2025-06-05T17:00:50","date_gmt":"2025-06-05T20:00:50","guid":{"rendered":"https:\/\/www.appoloviracel.com.uy\/?post_type=product&#038;p=43880"},"modified":"2025-07-01T18:08:51","modified_gmt":"2025-07-01T21:08:51","slug":"auricular-qcy-croosky-c30-bluetooth","status":"publish","type":"product","link":"https:\/\/www.appoloviracel.com.uy\/index.php\/product\/auricular-qcy-croosky-c30-bluetooth\/","title":{"rendered":"Auricular QCY \u00abCroosky C30\u00bb (Bluetooth)"},"content":{"rendered":"<h2>Caracter\u00edsticas y especificaciones:<\/h2>\n<ul>\n<li>Ajuste Seguro y Dise\u00f1o Elegante: El dise\u00f1o abierto en forma de C con ajuste seguro se mantiene en su lugar durante los entrenamientos, garantizando estabilidad y percepci\u00f3n del entorno para una comodidad durante todo el d\u00eda.<\/li>\n<li>25 Horas de Reproducci\u00f3n y Resistencia al Agua IPX4: 5.5 horas de reproducci\u00f3n (25 horas con estuche) para uso durante todo el d\u00eda. La resistencia al sudor y al agua IPX4 se adapta a entrenamientos y aventuras al aire libre.<\/li>\n<li>Sonido Superior y Llamadas Claras: Equipados con controladores de doble im\u00e1n de 10.8 mm para un sonido envolvente y voces n\u00edtidas. Un sistema de 4 micr\u00f3fonos con cancelaci\u00f3n de ruido IA a\u00edsla tu voz en entornos ruidosos.<\/li>\n<li>Bluetooth 5.4 y Conexi\u00f3n Dual: Los Crossky C30 adoptan la avanzada tecnolog\u00eda Bluetooth 5.4 para garantizar una conexi\u00f3n estable y r\u00e1pida. Se conectan a 2 dispositivos simult\u00e1neamente, lo que te permite ver pel\u00edculas en la TV mientras respondes llamadas sin tener que cambiar de dispositivo.<\/li>\n<li>App Inteligente y Latencia Ultra Baja: Personaliza el ecualizador y los controles a trav\u00e9s de la app, monitorea el nivel de bater\u00eda y actualiza el firmware. La latencia ultrabaja de 80 ms sincroniza audio\/video sin problemas.<\/li>\n<li>Disponible en color Blanco y Negro<\/li>\n<\/ul>\n<h5><\/h5>\n<h5><strong>*Las im\u00e1genes son a modo ilustrativo.<\/strong><\/h5>\n","protected":false},"excerpt":{"rendered":"<h3><span style=\"color: #339966;\"><strong>$ 1.950<\/strong><\/span><\/h3>\n","protected":false},"featured_media":43881,"comment_status":"open","ping_status":"closed","template":"","meta":[],"_links":{"self":[{"href":"https:\/\/www.appoloviracel.com.uy\/index.php\/wp-json\/wp\/v2\/product\/43880"}],"collection":[{"href":"https:\/\/www.appoloviracel.com.uy\/index.php\/wp-json\/wp\/v2\/product"}],"about":[{"href":"https:\/\/www.appoloviracel.com.uy\/index.php\/wp-json\/wp\/v2\/types\/product"}],"replies":[{"embeddable":true,"href":"https:\/\/www.appoloviracel.com.uy\/index.php\/wp-json\/wp\/v2\/comments?post=43880"}],"wp:featuredmedia":[{"embeddable":true,"href":"https:\/\/www.appoloviracel.com.uy\/index.php\/wp-json\/wp\/v2\/media\/43881"}],"wp:attachment":[{"href":"https:\/\/www.appoloviracel.com.uy\/index.php\/wp-json\/wp\/v2\/media?parent=43880"}],"curies":[{"name":"wp","href":"https:\/\/api.w.org\/{rel}","templated":true}]}}