{"id":43871,"date":"2025-06-02T12:13:49","date_gmt":"2025-06-02T15:13:49","guid":{"rendered":"https:\/\/www.appoloviracel.com.uy\/?post_type=product&#038;p=43871"},"modified":"2025-06-30T18:44:34","modified_gmt":"2025-06-30T21:44:34","slug":"power-bank-proove-hyper-flux-225w-10-000mah","status":"publish","type":"product","link":"https:\/\/www.appoloviracel.com.uy\/index.php\/product\/power-bank-proove-hyper-flux-225w-10-000mah\/","title":{"rendered":"Power Bank PROOVE \u00abHyper Flux\u00bb 22,5w\/10.000mAh"},"content":{"rendered":"<h2>Caracter\u00edsticas y especificaciones:<\/h2>\n<p>Una elegante, compacta y accesible bater\u00eda externa de capacidad media con una entrada (USB-C) y dos salidas (USB-A + USB-C), capacidad para cargar dos dispositivos simult\u00e1neamente y compatibilidad con las populares tecnolog\u00edas de carga r\u00e1pida Power Delivery 3.0 y Quick Charge 3.0. Se distingue por su precio moderado, sus dimensiones modestas, el elegante dise\u00f1o exterior de su carcasa de pl\u00e1stico resistente e ign\u00edfugo y su pantalla LED n\u00edtida.\u00a0Su aspecto es espectacular y combina a la perfecci\u00f3n con accesorios premium de gama alta. Ideal para cargar smartphones, tablets y una amplia gama de dispositivos compatibles con USB: auriculares y cascos Bluetooth, altavoces inal\u00e1mbricos, relojes inteligentes, lectores electr\u00f3nicos, c\u00e1maras de acci\u00f3n, navegadores, pulseras de actividad, bater\u00edas de drones, consolas de videojuegos, etc.\u00a0La bater\u00eda externa Proove Hyper Flux de 22,5 W y 10.000 mAh es una fuente de energ\u00eda fiable para usuarios m\u00f3viles que pasan gran parte del d\u00eda en movimiento y no pueden usar cargadores de red convencionales. Incorpora una bater\u00eda de pol\u00edmero de litio de 74 Wh, suficiente para cargar de 2 a 2,5 veces el iPhone 16 o una vez el iPad Pro 13 de 2024. El puerto USB-A ofrece una potencia de hasta 22,5 W, mientras que el conector USB-C est\u00e1 limitado a 20 W.<\/p>\n<ul>\n<li>Capacidad de la bater\u00eda: 10.000 mAh<\/li>\n<li>Capacidad real: 6.300 mAh<\/li>\n<li>Capacidad de la bater\u00eda: 37 W\/h<\/li>\n<li>Tipo de bater\u00eda: Li-Pol<\/li>\n<li>USB tipo C: 1<\/li>\n<li>USB-A: 1<\/li>\n<li>Potencia m\u00e1xima (por 1 puerto): 22,5 W<\/li>\n<li>USB tipo C: 20 W | 5 V\/3 A, 9 V\/2,22 A, 12 V\/1,67 A<\/li>\n<li>USB A: 22,5 W | 4,5 V\/5 A, 5 V\/4,5 A, 5 V\/3 A, 9 V\/2 A, 12 V\/1,5 A<\/li>\n<li>Entradas de carga del banco de energ\u00eda: USB tipo C<\/li>\n<li>Corriente de carga del banco de energ\u00eda a trav\u00e9s de USB: 3 A<\/li>\n<li>Carga de energ\u00eda del banco de energ\u00eda: 20 W<\/li>\n<\/ul>\n<p><strong>\u00a0<\/strong><\/p>\n<h5><strong>*Las im\u00e1genes son a modo ilustrativo.<\/strong><\/h5>\n","protected":false},"excerpt":{"rendered":"<h3><span style=\"color: #339966;\"><strong>$ 1.190<\/strong><\/span><\/h3>\n","protected":false},"featured_media":43872,"comment_status":"open","ping_status":"closed","template":"","meta":[],"_links":{"self":[{"href":"https:\/\/www.appoloviracel.com.uy\/index.php\/wp-json\/wp\/v2\/product\/43871"}],"collection":[{"href":"https:\/\/www.appoloviracel.com.uy\/index.php\/wp-json\/wp\/v2\/product"}],"about":[{"href":"https:\/\/www.appoloviracel.com.uy\/index.php\/wp-json\/wp\/v2\/types\/product"}],"replies":[{"embeddable":true,"href":"https:\/\/www.appoloviracel.com.uy\/index.php\/wp-json\/wp\/v2\/comments?post=43871"}],"wp:featuredmedia":[{"embeddable":true,"href":"https:\/\/www.appoloviracel.com.uy\/index.php\/wp-json\/wp\/v2\/media\/43872"}],"wp:attachment":[{"href":"https:\/\/www.appoloviracel.com.uy\/index.php\/wp-json\/wp\/v2\/media?parent=43871"}],"curies":[{"name":"wp","href":"https:\/\/api.w.org\/{rel}","templated":true}]}}