{"id":43864,"date":"2025-05-31T16:00:52","date_gmt":"2025-05-31T19:00:52","guid":{"rendered":"https:\/\/www.appoloviracel.com.uy\/?post_type=product&#038;p=43864"},"modified":"2025-06-30T18:43:42","modified_gmt":"2025-06-30T21:43:42","slug":"power-bank-proove-hoodman-magnetic-digital-display-20w-10-000mah","status":"publish","type":"product","link":"https:\/\/www.appoloviracel.com.uy\/index.php\/product\/power-bank-proove-hoodman-magnetic-digital-display-20w-10-000mah\/","title":{"rendered":"Power Bank PROOVE \u00abHoodman\u00bb Magnetic Digital Display 20w\/10.000mAh"},"content":{"rendered":"<h2>Caracter\u00edsticas y especificaciones:<\/h2>\n<p>Powerbank port\u00e1til de capacidad media con dos puertos (USB C + Lightning de Apple), compatible con la tecnolog\u00eda de carga r\u00e1pida por cable Power Delivery (1*USB-C), carga inal\u00e1mbrica acelerada Qi (hasta 15 W), soporte magn\u00e9tico MagSafe para dispositivos Apple y pantalla de informaci\u00f3n digital. Se posiciona como un producto, dirigido a una amplia gama de usuarios de smartphones Apple que buscan un dispositivo compacto y ligero para uso constante. Gracias a sus dimensiones y peso reducidos, la bater\u00eda externa Proove Hoodman Magnetic 20W 10.000 cabe en un bolso peque\u00f1o, cualquier mochila e incluso en el bolsillo de una prenda exterior. Este modelo se basa en una bater\u00eda de pol\u00edmero de litio con una capacidad real de 6.300 mAh (a 5 V) y un controlador de carga con los sistemas de protecci\u00f3n necesarios, incluyendo protecci\u00f3n contra descargas el\u00e9ctricas.<\/p>\n<p>&nbsp;<\/p>\n<ul>\n<li>Battery capacity: 10.000 mAh<\/li>\n<li>Real capacity: 6.300 mAh<\/li>\n<li>Battery capacity: 37 W\/h<\/li>\n<li>Battery type: Li-Pol<\/li>\n<li>Charging gadgets (outputs): USB-C: 20w; Max. power (per 1 port): 20 W; USB-\u0421: 20 W; 5V\/3A, 9V\/2.22A, 12V\/1.67A<\/li>\n<li>Power bank charging: Power bank charging inputs: USB-C; Apple Lightning; Power bank charge current via USB: 3 \u0410; Power bank charge power: 18 W<\/li>\n<\/ul>\n<p><strong>\u00a0<\/strong><\/p>\n<h5><strong>*Las im\u00e1genes son a modo ilustrativo.<\/strong><\/h5>\n","protected":false},"excerpt":{"rendered":"<h3><span style=\"color: #339966;\"><strong>$ 1.550<\/strong><\/span><\/h3>\n","protected":false},"featured_media":43865,"comment_status":"open","ping_status":"closed","template":"","meta":[],"_links":{"self":[{"href":"https:\/\/www.appoloviracel.com.uy\/index.php\/wp-json\/wp\/v2\/product\/43864"}],"collection":[{"href":"https:\/\/www.appoloviracel.com.uy\/index.php\/wp-json\/wp\/v2\/product"}],"about":[{"href":"https:\/\/www.appoloviracel.com.uy\/index.php\/wp-json\/wp\/v2\/types\/product"}],"replies":[{"embeddable":true,"href":"https:\/\/www.appoloviracel.com.uy\/index.php\/wp-json\/wp\/v2\/comments?post=43864"}],"wp:featuredmedia":[{"embeddable":true,"href":"https:\/\/www.appoloviracel.com.uy\/index.php\/wp-json\/wp\/v2\/media\/43865"}],"wp:attachment":[{"href":"https:\/\/www.appoloviracel.com.uy\/index.php\/wp-json\/wp\/v2\/media?parent=43864"}],"curies":[{"name":"wp","href":"https:\/\/api.w.org\/{rel}","templated":true}]}}