{"id":43863,"date":"2025-05-30T19:04:29","date_gmt":"2025-05-30T22:04:29","guid":{"rendered":"https:\/\/www.appoloviracel.com.uy\/?post_type=product&#038;p=43863"},"modified":"2026-03-30T09:34:26","modified_gmt":"2026-03-30T12:34:26","slug":"celular-iphone-15-256gb","status":"publish","type":"product","link":"https:\/\/www.appoloviracel.com.uy\/index.php\/product\/celular-iphone-15-256gb\/","title":{"rendered":"Celular iPhone \u00ab15\u00bb (256Gb)"},"content":{"rendered":"<h2>Caracter\u00edsticas y especificaciones:<\/h2>\n<h4><span style=\"color: #ff0000;\"><strong>Equipo Nuevo<\/strong><\/span><\/h4>\n<p>El <strong>Apple iPhone 15<\/strong> conserva el dise\u00f1o de la generaci\u00f3n anterior pero incorpora el Dynamic Island a su pantalla de 6.1 pulgadas. Potenciado por un procesador Apple A16 Bionic, el iPhone 15 cuenta con una c\u00e1mara dual de 48MP + 12MP, y su c\u00e1mara selfie es de 12 MP, sumando sensores para reconocimiento facial Face ID. El iPhone 15 admite carga inal\u00e1mbrica para su bater\u00eda que carga a la mitad en 30 minutos, cuenta con parlantes est\u00e9reo, resistencia al agua, y corre iOS 17.<\/p>\n<ul>\n<li>Pantalla: 6.1&#8243;, 1.179 * 2.556 pixels<\/li>\n<li>Procesador: Apple A16 Bionic<\/li>\n<li>Almacenamiento: 256GB<\/li>\n<li>Expansi\u00f3n: sin microSD<\/li>\n<li>C\u00e1mara: Dual, 48MP+12MP<\/li>\n<li>OS: iOS 17<\/li>\n<li>Perfil: 7.8 mm<\/li>\n<li>Peso: 171 grs.<\/li>\n<li>Se incluyen los siguientes accesorios: <strong>Cable original y Manual<\/strong><\/li>\n<li><strong>Garant\u00eda:<\/strong> 12 meses contra defecto de fabricaci\u00f3n<\/li>\n<\/ul>\n<h4><\/h4>\n<h4><span style=\"color: #ff0000;\"><strong>Contado efectivo: 10% de Descuento<\/strong><\/span><\/h4>\n<h5><strong>*Las im\u00e1genes son a modo ilustrativo.<\/strong><\/h5>\n","protected":false},"excerpt":{"rendered":"<h3><span style=\"color: #339966;\"><strong>U$S 1.220<\/strong><\/span><\/h3>\n","protected":false},"featured_media":39966,"comment_status":"open","ping_status":"closed","template":"","meta":[],"_links":{"self":[{"href":"https:\/\/www.appoloviracel.com.uy\/index.php\/wp-json\/wp\/v2\/product\/43863"}],"collection":[{"href":"https:\/\/www.appoloviracel.com.uy\/index.php\/wp-json\/wp\/v2\/product"}],"about":[{"href":"https:\/\/www.appoloviracel.com.uy\/index.php\/wp-json\/wp\/v2\/types\/product"}],"replies":[{"embeddable":true,"href":"https:\/\/www.appoloviracel.com.uy\/index.php\/wp-json\/wp\/v2\/comments?post=43863"}],"wp:featuredmedia":[{"embeddable":true,"href":"https:\/\/www.appoloviracel.com.uy\/index.php\/wp-json\/wp\/v2\/media\/39966"}],"wp:attachment":[{"href":"https:\/\/www.appoloviracel.com.uy\/index.php\/wp-json\/wp\/v2\/media?parent=43863"}],"curies":[{"name":"wp","href":"https:\/\/api.w.org\/{rel}","templated":true}]}}