{"id":43861,"date":"2025-05-29T14:54:06","date_gmt":"2025-05-29T17:54:06","guid":{"rendered":"https:\/\/www.appoloviracel.com.uy\/?post_type=product&#038;p=43861"},"modified":"2026-03-30T09:36:20","modified_gmt":"2026-03-30T12:36:20","slug":"celular-iphone-16-256gb","status":"publish","type":"product","link":"https:\/\/www.appoloviracel.com.uy\/index.php\/product\/celular-iphone-16-256gb\/","title":{"rendered":"Celular iPhone \u00ab16\u00bb (256Gb)"},"content":{"rendered":"<h2>Caracter\u00edsticas y especificaciones:<\/h2>\n<h4><span style=\"color: #ff0000;\"><strong>Equipo Nuevo<\/strong><\/span><\/h4>\n<p>El <strong>Apple iPhone 16<\/strong> cuenta con una pantalla OLED Super Retina de 6.1 pulgadas y est\u00e1 potenciado por el procesador Apple A18. Su c\u00e1mara trasera es dual, con un sensor principal de 48MP con OIS y una c\u00e1mara ultrawide de 12MP, completando las opciones de fotograf\u00eda con una c\u00e1mara selfie de 12MP. El iPhone 16 soporta carga inal\u00e1mbrica para su bater\u00eda de 3.561 mAh, tiene parlantes stereo, Face ID, resistencia al polvo y agua y corre iOS 18.<\/p>\n<ul>\n<li>Pantalla: 6.1&#8243;, 1179 * 2556 pixeles<\/li>\n<li>Procesador: Apple A18<\/li>\n<li>Almacenamiento: 256GB<\/li>\n<li>Expansi\u00f3n: sin microSD<\/li>\n<li>C\u00e1mara: Dual, 48MP+12MP<\/li>\n<li>Bater\u00eda: 3.561 mAh<\/li>\n<li>OS: iOS 18<\/li>\n<li>Perfil: 7.8 mm<\/li>\n<li>Peso: 170 grs.<\/li>\n<li>Se incluyen los siguientes accesorios: <strong>Cable original y Manual<\/strong><\/li>\n<li><strong>Garant\u00eda:<\/strong> 12 meses contra defecto de fabricaci\u00f3n<\/li>\n<\/ul>\n<h4><\/h4>\n<h4><span style=\"color: #ff0000;\"><strong>Contado efectivo: 10% de Descuento<\/strong><\/span><\/h4>\n<h5><strong>*Las im\u00e1genes son a modo ilustrativo.<\/strong><\/h5>\n","protected":false},"excerpt":{"rendered":"<h3><strong><span style=\"font-family: 'Cambria','serif'; color: #339966;\">U$S 1.325<\/span><\/strong><\/h3>\n","protected":false},"featured_media":42009,"comment_status":"open","ping_status":"closed","template":"","meta":[],"_links":{"self":[{"href":"https:\/\/www.appoloviracel.com.uy\/index.php\/wp-json\/wp\/v2\/product\/43861"}],"collection":[{"href":"https:\/\/www.appoloviracel.com.uy\/index.php\/wp-json\/wp\/v2\/product"}],"about":[{"href":"https:\/\/www.appoloviracel.com.uy\/index.php\/wp-json\/wp\/v2\/types\/product"}],"replies":[{"embeddable":true,"href":"https:\/\/www.appoloviracel.com.uy\/index.php\/wp-json\/wp\/v2\/comments?post=43861"}],"wp:featuredmedia":[{"embeddable":true,"href":"https:\/\/www.appoloviracel.com.uy\/index.php\/wp-json\/wp\/v2\/media\/42009"}],"wp:attachment":[{"href":"https:\/\/www.appoloviracel.com.uy\/index.php\/wp-json\/wp\/v2\/media?parent=43861"}],"curies":[{"name":"wp","href":"https:\/\/api.w.org\/{rel}","templated":true}]}}